{"id":11235,"date":"2026-02-27T00:09:49","date_gmt":"2026-02-27T00:09:49","guid":{"rendered":"https:\/\/nordicmart.andreevmaster.com\/product\/songmics-gungstol-151-x-56-x-90-cm-solstol\/"},"modified":"2026-02-27T08:04:57","modified_gmt":"2026-02-27T08:04:57","slug":"songmics-gungstol-151-x-56-x-90-cm-solstol","status":"publish","type":"product","link":"https:\/\/nordicmart.andreevmaster.com\/sv\/produkt\/songmics-gungstol-151-x-56-x-90-cm-solstol\/","title":{"rendered":"SONGMICS gungstol, 151 x 56 x 90 cm, solstol"},"content":{"rendered":"<p>Gungstol, 151 x 56 x 90 cm, solstol, gungstol, stopper som tippskydd, justerbart nackst\u00f6d, sidficka, bl\u00e4ck svart<br \/>\nProduktdetaljer:<br \/>\n&#8211; F\u00e4rg: bl\u00e4ck svart<br \/>\n&#8211; Material: F\u00f6rzinkat st\u00e5l, syntetfiberv\u00e4v<br \/>\n&#8211; Storlek: 151 x 56 x 90 cm (D x B x H)<br \/>\n&#8211; Vikt: 10,5 kg<br \/>\n&#8211; Max. statisk belastningskapacitet: 150 kg<\/p>\n<p>Leveransomfattning:<br \/>\n&#8211; 1 x gungstol<br \/>\n&#8211; 1 x tillbeh\u00f6rspaket<br \/>\n&#8211; 1 x bruksanvisning<\/p>\n<p>Anm\u00e4rkningar:<br \/>\n&#8211; \u00d6verskrid inte solstolens maximala statiska belastningskapacitet.<br \/>\n&#8211; Se till att gungstolen st\u00e5r stadigt innan du anv\u00e4nder den.<br \/>\n&#8211; Uts\u00e4tt inte gungstolen f\u00f6r regn eller l\u00e5ngvarig solstr\u00e5lning.<\/p>\n","protected":false},"excerpt":{"rendered":"<p>Gungstol, 151 x 56 x 90 cm, solstol, gungstol, stopper som tippskydd, justerbart nackst\u00f6d, sidficka, bl\u00e4ck svart<\/p>\n","protected":false},"featured_media":39637,"comment_status":"open","ping_status":"closed","template":"","meta":[],"product_brand":[],"product_cat":[33],"product_tag":[],"class_list":{"0":"post-11235","1":"product","2":"type-product","3":"status-publish","4":"has-post-thumbnail","6":"product_cat-okategoriserad","8":"first","9":"instock","10":"shipping-taxable","11":"purchasable","12":"product-type-simple"},"_links":{"self":[{"href":"https:\/\/nordicmart.andreevmaster.com\/sv\/wp-json\/wp\/v2\/product\/11235","targetHints":{"allow":["GET"]}}],"collection":[{"href":"https:\/\/nordicmart.andreevmaster.com\/sv\/wp-json\/wp\/v2\/product"}],"about":[{"href":"https:\/\/nordicmart.andreevmaster.com\/sv\/wp-json\/wp\/v2\/types\/product"}],"replies":[{"embeddable":true,"href":"https:\/\/nordicmart.andreevmaster.com\/sv\/wp-json\/wp\/v2\/comments?post=11235"}],"wp:featuredmedia":[{"embeddable":true,"href":"https:\/\/nordicmart.andreevmaster.com\/sv\/wp-json\/wp\/v2\/media\/39637"}],"wp:attachment":[{"href":"https:\/\/nordicmart.andreevmaster.com\/sv\/wp-json\/wp\/v2\/media?parent=11235"}],"wp:term":[{"taxonomy":"product_brand","embeddable":true,"href":"https:\/\/nordicmart.andreevmaster.com\/sv\/wp-json\/wp\/v2\/product_brand?post=11235"},{"taxonomy":"product_cat","embeddable":true,"href":"https:\/\/nordicmart.andreevmaster.com\/sv\/wp-json\/wp\/v2\/product_cat?post=11235"},{"taxonomy":"product_tag","embeddable":true,"href":"https:\/\/nordicmart.andreevmaster.com\/sv\/wp-json\/wp\/v2\/product_tag?post=11235"}],"curies":[{"name":"wp","href":"https:\/\/api.w.org\/{rel}","templated":true}]}}