{"id":11232,"date":"2026-02-27T00:09:48","date_gmt":"2026-02-27T00:09:48","guid":{"rendered":"https:\/\/nordicmart.andreevmaster.com\/product\/solstol-hopfallbar-solstol-53-x-193-x-29-cm\/"},"modified":"2026-02-27T08:04:57","modified_gmt":"2026-02-27T08:04:57","slug":"solstol-hopfallbar-solstol-53-x-193-x-29-cm","status":"publish","type":"product","link":"https:\/\/nordicmart.andreevmaster.com\/sv\/produkt\/solstol-hopfallbar-solstol-53-x-193-x-29-cm\/","title":{"rendered":"Solstol, hopf\u00e4llbar solstol, 53 x 193 x 29 cm"},"content":{"rendered":"<p>Avslappnad st\u00e4mning! Denna solstol \u00e4r det perfekta inredningselementet som skapar en avslappnad atmosf\u00e4r p\u00e5 terrassen, balkongen eller i tr\u00e4dg\u00e5rden. \u00c4ven hemma k\u00e4nns det som att du tillbringar semestern p\u00e5 stranden \u2013 utan att g\u00f6ra n\u00e5got! Vem vill montera denna solstol? Ingen&#8230; Oroa dig inte, SONGMICS hade en bra id\u00e9! Du beh\u00f6ver bara f\u00e4lla ihop den, s\u00e5 har du en solstol till hands f\u00f6r perfekta avslappningsstunder. Produktdetaljer: F\u00e4rg: M\u00f6rkgr\u00e5 Material: J\u00e4rn, syntetfibertyg Storlek: 53 x 193 x 29,5 cm (L x B x H) Vikt: 6,8 kg Max. statisk b\u00e4rkapacitet: 150 kg Leveransomf\u00e5ng: 1 x solstol SONGMICS Meddelanden: Solstolens maximala b\u00e4rkapacitet \u00e4r 150 kg. \u00d6verskrid inte denna maxvikt. F\u00e4ll ut solstolen helt f\u00f6re anv\u00e4ndning. Placera inte produkten utomhus under l\u00e4ngre perioder; uts\u00e4tt inte solstolen f\u00f6r regn eller starkt solljus.<\/p>\n","protected":false},"excerpt":{"rendered":"<p>Avslappnad st\u00e4mning! Denna solstol \u00e4r det perfekta inredningselementet som skapar en avslappnad atmosf\u00e4r p\u00e5 terrassen, balkongen eller i tr\u00e4dg\u00e5rden. \u00c4ven hemma k\u00e4nns det som att du tillbringar semestern p\u00e5 stranden \u2013 utan att g\u00f6ra n\u00e5got! Vem vill montera denna solstol? Ingen&#8230; Oroa dig inte, SONGMICS hade en bra id\u00e9! Du beh\u00f6ver bara f\u00e4lla ihop den, [&hellip;]<\/p>\n","protected":false},"featured_media":0,"comment_status":"open","ping_status":"closed","template":"","meta":[],"product_brand":[],"product_cat":[33],"product_tag":[],"class_list":{"0":"post-11232","1":"product","2":"type-product","3":"status-publish","5":"product_cat-okategoriserad","7":"first","8":"instock","9":"shipping-taxable","10":"product-type-simple"},"_links":{"self":[{"href":"https:\/\/nordicmart.andreevmaster.com\/sv\/wp-json\/wp\/v2\/product\/11232","targetHints":{"allow":["GET"]}}],"collection":[{"href":"https:\/\/nordicmart.andreevmaster.com\/sv\/wp-json\/wp\/v2\/product"}],"about":[{"href":"https:\/\/nordicmart.andreevmaster.com\/sv\/wp-json\/wp\/v2\/types\/product"}],"replies":[{"embeddable":true,"href":"https:\/\/nordicmart.andreevmaster.com\/sv\/wp-json\/wp\/v2\/comments?post=11232"}],"wp:attachment":[{"href":"https:\/\/nordicmart.andreevmaster.com\/sv\/wp-json\/wp\/v2\/media?parent=11232"}],"wp:term":[{"taxonomy":"product_brand","embeddable":true,"href":"https:\/\/nordicmart.andreevmaster.com\/sv\/wp-json\/wp\/v2\/product_brand?post=11232"},{"taxonomy":"product_cat","embeddable":true,"href":"https:\/\/nordicmart.andreevmaster.com\/sv\/wp-json\/wp\/v2\/product_cat?post=11232"},{"taxonomy":"product_tag","embeddable":true,"href":"https:\/\/nordicmart.andreevmaster.com\/sv\/wp-json\/wp\/v2\/product_tag?post=11232"}],"curies":[{"name":"wp","href":"https:\/\/api.w.org\/{rel}","templated":true}]}}