{"id":11229,"date":"2026-02-27T00:09:48","date_gmt":"2026-02-27T00:09:48","guid":{"rendered":"https:\/\/nordicmart.andreevmaster.com\/product\/songmics-solstol-hopfallbar-solstol-53-x-193-x-29-cm\/"},"modified":"2026-02-27T08:04:56","modified_gmt":"2026-02-27T08:04:56","slug":"songmics-solstol-hopfallbar-solstol-53-x-193-x-29-cm","status":"publish","type":"product","link":"https:\/\/nordicmart.andreevmaster.com\/sv\/produkt\/songmics-solstol-hopfallbar-solstol-53-x-193-x-29-cm\/","title":{"rendered":"SONGMICS solstol, hopf\u00e4llbar solstol, 53 x 193 x 29 cm"},"content":{"rendered":"<p>Produktdetaljer: F\u00e4rg: Svart Material: Metall, syntetfibertyg Storlek: 53 x 193 x 29,5 cm (L x B x H) Vikt: 6,8 kg Max. statisk belastningskapacitet: 150 kg Leveransomfattning: 1 x solstol SONGMICS Anm\u00e4rkningar: Solstolens maximala belastningskapacitet \u00e4r 150 kg. \u00d6verskrid inte denna maximala vikt. F\u00e4ll ut solstolen helt innan anv\u00e4ndning. Placera inte produkten utomhus under en l\u00e4ngre tid; uts\u00e4tt inte solstolen f\u00f6r regn eller starkt solljus.<\/p>\n","protected":false},"excerpt":{"rendered":"<p>Solstol, hopf\u00e4llbar solstol, 53 x 193 x 29 cm, belastningskapacitet upp till 150 kg, solskydd, nackst\u00f6d, justerbart ryggst\u00f6d, svart<\/p>\n","protected":false},"featured_media":39632,"comment_status":"open","ping_status":"closed","template":"","meta":[],"product_brand":[],"product_cat":[33],"product_tag":[],"class_list":{"0":"post-11229","1":"product","2":"type-product","3":"status-publish","4":"has-post-thumbnail","6":"product_cat-okategoriserad","8":"first","9":"instock","10":"shipping-taxable","11":"purchasable","12":"product-type-simple"},"_links":{"self":[{"href":"https:\/\/nordicmart.andreevmaster.com\/sv\/wp-json\/wp\/v2\/product\/11229","targetHints":{"allow":["GET"]}}],"collection":[{"href":"https:\/\/nordicmart.andreevmaster.com\/sv\/wp-json\/wp\/v2\/product"}],"about":[{"href":"https:\/\/nordicmart.andreevmaster.com\/sv\/wp-json\/wp\/v2\/types\/product"}],"replies":[{"embeddable":true,"href":"https:\/\/nordicmart.andreevmaster.com\/sv\/wp-json\/wp\/v2\/comments?post=11229"}],"wp:featuredmedia":[{"embeddable":true,"href":"https:\/\/nordicmart.andreevmaster.com\/sv\/wp-json\/wp\/v2\/media\/39632"}],"wp:attachment":[{"href":"https:\/\/nordicmart.andreevmaster.com\/sv\/wp-json\/wp\/v2\/media?parent=11229"}],"wp:term":[{"taxonomy":"product_brand","embeddable":true,"href":"https:\/\/nordicmart.andreevmaster.com\/sv\/wp-json\/wp\/v2\/product_brand?post=11229"},{"taxonomy":"product_cat","embeddable":true,"href":"https:\/\/nordicmart.andreevmaster.com\/sv\/wp-json\/wp\/v2\/product_cat?post=11229"},{"taxonomy":"product_tag","embeddable":true,"href":"https:\/\/nordicmart.andreevmaster.com\/sv\/wp-json\/wp\/v2\/product_tag?post=11229"}],"curies":[{"name":"wp","href":"https:\/\/api.w.org\/{rel}","templated":true}]}}