{"id":11226,"date":"2026-02-27T00:09:47","date_gmt":"2026-02-27T00:09:47","guid":{"rendered":"https:\/\/nordicmart.andreevmaster.com\/product\/songmics-strandstol-campingstol-solstol\/"},"modified":"2026-02-27T08:04:56","modified_gmt":"2026-02-27T08:04:56","slug":"songmics-strandstol-campingstol-solstol","status":"publish","type":"product","link":"https:\/\/nordicmart.andreevmaster.com\/sv\/produkt\/songmics-strandstol-campingstol-solstol\/","title":{"rendered":"SONGMICS strandstol, campingstol, solstol"},"content":{"rendered":"<p>Strandstol, campingstol, solstol, hopf\u00e4llbar, justerbart ryggst\u00f6d, handtag, camping, tr\u00e4dg\u00e5rd, pool, 158 x 55 cm, skiffergr\u00e5<br \/>\nProduktdetaljer:<br \/>\n&#8211; F\u00e4rg: Havsbl\u00e5<br \/>\n&#8211; Material: F\u00f6rzinkat st\u00e5l, Oxford-tyg<br \/>\n&#8211; Storlek: 158 x 55 cm (D x B)<br \/>\n&#8211; Storlek hopf\u00e4lld: 57 x 7 x 56 cm (D x B x H)<br \/>\n&#8211; Vikt: 1,9 kg<br \/>\n&#8211; Max. statisk belastningskapacitet: 150 kg<\/p>\n<p>Leveransomfattning:<br \/>\n&#8211; 1 x strandstol<\/p>\n<p>SONGMICS Anm\u00e4rkningar:<br \/>\n&#8211; \u00d6verskrid inte denna maximala vikt.<br \/>\n&#8211; Se till att strandstolen \u00e4r helt utf\u00e4lld innan du anv\u00e4nder den.<br \/>\n&#8211; Uts\u00e4tt inte strandstolen f\u00f6r regn eller l\u00e5ngvarig solstr\u00e5lning.<\/p>\n","protected":false},"excerpt":{"rendered":"<p>Strandstol, campingstol, solstol, hopf\u00e4llbar, justerbart ryggst\u00f6d, handtag, camping, tr\u00e4dg\u00e5rd, pool, 158 x 55 cm, skiffergr\u00e5<\/p>\n","protected":false},"featured_media":39629,"comment_status":"open","ping_status":"closed","template":"","meta":[],"product_brand":[],"product_cat":[33],"product_tag":[],"class_list":{"0":"post-11226","1":"product","2":"type-product","3":"status-publish","4":"has-post-thumbnail","6":"product_cat-okategoriserad","8":"first","9":"instock","10":"shipping-taxable","11":"purchasable","12":"product-type-simple"},"_links":{"self":[{"href":"https:\/\/nordicmart.andreevmaster.com\/sv\/wp-json\/wp\/v2\/product\/11226","targetHints":{"allow":["GET"]}}],"collection":[{"href":"https:\/\/nordicmart.andreevmaster.com\/sv\/wp-json\/wp\/v2\/product"}],"about":[{"href":"https:\/\/nordicmart.andreevmaster.com\/sv\/wp-json\/wp\/v2\/types\/product"}],"replies":[{"embeddable":true,"href":"https:\/\/nordicmart.andreevmaster.com\/sv\/wp-json\/wp\/v2\/comments?post=11226"}],"wp:featuredmedia":[{"embeddable":true,"href":"https:\/\/nordicmart.andreevmaster.com\/sv\/wp-json\/wp\/v2\/media\/39629"}],"wp:attachment":[{"href":"https:\/\/nordicmart.andreevmaster.com\/sv\/wp-json\/wp\/v2\/media?parent=11226"}],"wp:term":[{"taxonomy":"product_brand","embeddable":true,"href":"https:\/\/nordicmart.andreevmaster.com\/sv\/wp-json\/wp\/v2\/product_brand?post=11226"},{"taxonomy":"product_cat","embeddable":true,"href":"https:\/\/nordicmart.andreevmaster.com\/sv\/wp-json\/wp\/v2\/product_cat?post=11226"},{"taxonomy":"product_tag","embeddable":true,"href":"https:\/\/nordicmart.andreevmaster.com\/sv\/wp-json\/wp\/v2\/product_tag?post=11226"}],"curies":[{"name":"wp","href":"https:\/\/api.w.org\/{rel}","templated":true}]}}