{"id":11219,"date":"2026-02-27T00:09:46","date_gmt":"2026-02-27T00:09:46","guid":{"rendered":"https:\/\/nordicmart.andreevmaster.com\/product\/songmics-strandstol-campingstol-hopfallbar\/"},"modified":"2026-02-27T08:04:55","modified_gmt":"2026-02-27T08:04:55","slug":"songmics-strandstol-campingstol-hopfallbar","status":"publish","type":"product","link":"https:\/\/nordicmart.andreevmaster.com\/sv\/produkt\/songmics-strandstol-campingstol-hopfallbar\/","title":{"rendered":"SONGMICS strandstol, campingstol, hopf\u00e4llbar"},"content":{"rendered":"<p>SONGMICS strandstol, campingstol, f\u00e4llbar stol, utomhusstol, b\u00e4rbar, med axelremmar, f\u00e4llbar, justerbart ryggst\u00f6d, med nackst\u00f6d, armst\u00f6d, 2 sidfickor<br \/>\nProduktdetaljer:<\/p>\n<p>&#8211; F\u00e4rg: r\u00f6d-vit<br \/>\n&#8211; Material: aluminium, Oxford-tyg<br \/>\n&#8211; Storlek i uppf\u00e4llt l\u00e4ge: 68 x 63 x 75 cm (D x B x H)<br \/>\n&#8211; Storlek hopf\u00e4lld: 66,5 x 70 x 11 cm (D x B x H)<br \/>\n&#8211; Storlek p\u00e5 sittytan: 48 x 39 cm (D x B)<br \/>\n&#8211; Ryggst\u00f6dets h\u00f6jd: 65 cm<br \/>\n&#8211; Avst\u00e5nd mellan sittytan och golvet: 21 cm<br \/>\n&#8211; Vikt: 3,1 kg<br \/>\n&#8211; Max. statisk belastningskapacitet: 150 kg<\/p>\n<p>Leveransomfattning:<\/p>\n<p>&#8211; 1 x campingstol<\/p>\n<p>SONGMICS Anm\u00e4rkningar:<\/p>\n<p>&#8211; \u00d6verskrid inte f\u00e4llstolarna belastningskapacitet.<br \/>\n&#8211; F\u00e4ll ut fiskestolarna helt innan du anv\u00e4nder dem.<br \/>\n&#8211; Skydda de hopf\u00e4llbara campingstolarna fr\u00e5n regn; uts\u00e4tt inte stolarna f\u00f6r starkt solljus under l\u00e4ngre tid.<\/p>\n","protected":false},"excerpt":{"rendered":"<p>SONGMICS strandstol, campingstol, f\u00e4llbar stol, utomhusstol, b\u00e4rbar, med axelremmar, f\u00e4llbar, justerbart ryggst\u00f6d, med nackst\u00f6d, armst\u00f6d, 2 sidfickor<\/p>\n","protected":false},"featured_media":39622,"comment_status":"open","ping_status":"closed","template":"","meta":[],"product_brand":[],"product_cat":[33],"product_tag":[],"class_list":{"0":"post-11219","1":"product","2":"type-product","3":"status-publish","4":"has-post-thumbnail","6":"product_cat-okategoriserad","8":"first","9":"instock","10":"shipping-taxable","11":"purchasable","12":"product-type-simple"},"_links":{"self":[{"href":"https:\/\/nordicmart.andreevmaster.com\/sv\/wp-json\/wp\/v2\/product\/11219","targetHints":{"allow":["GET"]}}],"collection":[{"href":"https:\/\/nordicmart.andreevmaster.com\/sv\/wp-json\/wp\/v2\/product"}],"about":[{"href":"https:\/\/nordicmart.andreevmaster.com\/sv\/wp-json\/wp\/v2\/types\/product"}],"replies":[{"embeddable":true,"href":"https:\/\/nordicmart.andreevmaster.com\/sv\/wp-json\/wp\/v2\/comments?post=11219"}],"wp:featuredmedia":[{"embeddable":true,"href":"https:\/\/nordicmart.andreevmaster.com\/sv\/wp-json\/wp\/v2\/media\/39622"}],"wp:attachment":[{"href":"https:\/\/nordicmart.andreevmaster.com\/sv\/wp-json\/wp\/v2\/media?parent=11219"}],"wp:term":[{"taxonomy":"product_brand","embeddable":true,"href":"https:\/\/nordicmart.andreevmaster.com\/sv\/wp-json\/wp\/v2\/product_brand?post=11219"},{"taxonomy":"product_cat","embeddable":true,"href":"https:\/\/nordicmart.andreevmaster.com\/sv\/wp-json\/wp\/v2\/product_cat?post=11219"},{"taxonomy":"product_tag","embeddable":true,"href":"https:\/\/nordicmart.andreevmaster.com\/sv\/wp-json\/wp\/v2\/product_tag?post=11219"}],"curies":[{"name":"wp","href":"https:\/\/api.w.org\/{rel}","templated":true}]}}