{"id":11213,"date":"2026-02-27T00:09:44","date_gmt":"2026-02-27T00:09:44","guid":{"rendered":"https:\/\/nordicmart.andreevmaster.com\/product\/songmics-campingstol-2-pack-fiskestol-belastbar-upp-till-150-kg\/"},"modified":"2026-02-27T08:04:54","modified_gmt":"2026-02-27T08:04:54","slug":"songmics-campingstol-2-pack-fiskestol-belastbar-upp-till-150-kg","status":"publish","type":"product","link":"https:\/\/nordicmart.andreevmaster.com\/sv\/produkt\/songmics-campingstol-2-pack-fiskestol-belastbar-upp-till-150-kg\/","title":{"rendered":"SONGMICS Campingstol 2-pack, fiskestol, belastbar upp till 150 kg"},"content":{"rendered":"<p>Campingstol, 2-pack, fiskestol, belastningskapacitet upp till 150 kg, h\u00f6g ryggst\u00f6d, armst\u00f6d, dryckesh\u00e5llare, f\u00e4llbar utomhusstol, f\u00e4llbar, skiffergr\u00e5<br \/>\nProduktdetaljer:<br \/>\n&#8211; F\u00e4rg: skiffergr\u00e5<br \/>\n&#8211; Material: st\u00e5l, Oxford-tyg<br \/>\n&#8211; Storlek per stol: 54 x 86 x 97 cm (D x B x H)<br \/>\n&#8211; Storlek per stol i hopf\u00e4llt l\u00e4ge: 13 x 90 x 13 cm (D x B x H)<br \/>\n&#8211; Storlek p\u00e5 sittytan: 42 x 42 cm (D x B)<br \/>\n&#8211; Ryggst\u00f6dets h\u00f6jd: 54 cm<br \/>\n&#8211; Avst\u00e5nd mellan sits och golv: 43 cm<br \/>\n&#8211; Vikt per stol: 2,6 kg<br \/>\n&#8211; Max. statisk belastningskapacitet per stol: 150 kg<\/p>\n<p>Leveransomfattning:<br \/>\n&#8211; 2 x campingstol<br \/>\n&#8211; 2 x transportv\u00e4ska<\/p>\n<p>Anvisningar:<br \/>\n&#8211; \u00d6verskrid inte stolarna belastningskapacitet.<br \/>\n&#8211; F\u00e4ll ut fiskestolarna helt innan du anv\u00e4nder dem.<br \/>\n&#8211; Skydda de hopf\u00e4llbara campingstolarna fr\u00e5n regn; uts\u00e4tt inte stolarna f\u00f6r starkt solljus under l\u00e4ngre tid.<\/p>\n","protected":false},"excerpt":{"rendered":"<p>Campingstol, 2-pack, fiskestol, belastningskapacitet upp till 150 kg, h\u00f6g ryggst\u00f6d, armst\u00f6d, dryckesh\u00e5llare, f\u00e4llbar utomhusstol, f\u00e4llbar, skiffergr\u00e5<\/p>\n","protected":false},"featured_media":39616,"comment_status":"open","ping_status":"closed","template":"","meta":[],"product_brand":[],"product_cat":[33],"product_tag":[],"class_list":{"0":"post-11213","1":"product","2":"type-product","3":"status-publish","4":"has-post-thumbnail","6":"product_cat-okategoriserad","8":"first","9":"instock","10":"shipping-taxable","11":"purchasable","12":"product-type-simple"},"_links":{"self":[{"href":"https:\/\/nordicmart.andreevmaster.com\/sv\/wp-json\/wp\/v2\/product\/11213","targetHints":{"allow":["GET"]}}],"collection":[{"href":"https:\/\/nordicmart.andreevmaster.com\/sv\/wp-json\/wp\/v2\/product"}],"about":[{"href":"https:\/\/nordicmart.andreevmaster.com\/sv\/wp-json\/wp\/v2\/types\/product"}],"replies":[{"embeddable":true,"href":"https:\/\/nordicmart.andreevmaster.com\/sv\/wp-json\/wp\/v2\/comments?post=11213"}],"wp:featuredmedia":[{"embeddable":true,"href":"https:\/\/nordicmart.andreevmaster.com\/sv\/wp-json\/wp\/v2\/media\/39616"}],"wp:attachment":[{"href":"https:\/\/nordicmart.andreevmaster.com\/sv\/wp-json\/wp\/v2\/media?parent=11213"}],"wp:term":[{"taxonomy":"product_brand","embeddable":true,"href":"https:\/\/nordicmart.andreevmaster.com\/sv\/wp-json\/wp\/v2\/product_brand?post=11213"},{"taxonomy":"product_cat","embeddable":true,"href":"https:\/\/nordicmart.andreevmaster.com\/sv\/wp-json\/wp\/v2\/product_cat?post=11213"},{"taxonomy":"product_tag","embeddable":true,"href":"https:\/\/nordicmart.andreevmaster.com\/sv\/wp-json\/wp\/v2\/product_tag?post=11213"}],"curies":[{"name":"wp","href":"https:\/\/api.w.org\/{rel}","templated":true}]}}