{"id":11212,"date":"2026-02-27T00:09:44","date_gmt":"2026-02-27T00:09:44","guid":{"rendered":"https:\/\/nordicmart.andreevmaster.com\/product\/songmics-hopfallbar-strandstol-campingstol-belastningskapacitet-upp-till-250-kg\/"},"modified":"2026-02-27T08:04:53","modified_gmt":"2026-02-27T08:04:53","slug":"songmics-hopfallbar-strandstol-campingstol-belastningskapacitet-upp-till-250-kg","status":"publish","type":"product","link":"https:\/\/nordicmart.andreevmaster.com\/sv\/produkt\/songmics-hopfallbar-strandstol-campingstol-belastningskapacitet-upp-till-250-kg\/","title":{"rendered":"SONGMICS hopf\u00e4llbar strandstol, campingstol, belastningskapacitet upp till 250 kg"},"content":{"rendered":"<p>F\u00e4llbar strandstol, campingstol, belastningskapacitet upp till 250 kg, f\u00e4llbar stol med dryckesh\u00e5llare, skumplastkl\u00e4dsel, utomhusstol, gr\u00f6n-svart<br \/>\nProduktdetaljer:<br \/>\n&#8211; F\u00e4rg: Gr\u00f6n-svart<br \/>\n&#8211; Material: 600D Oxford-tyg, skumplast, pulverlackerat st\u00e5l, b\u00e4rv\u00e4ska i nylon<br \/>\n&#8211; Storlek: 55 x 90 x 102 cm (D x B x H)<br \/>\n&#8211; Vikt: 4,5 kg<br \/>\n&#8211; Max. statisk belastningskapacitet: 250 kg<\/p>\n<p>Leveransomfattning:<br \/>\n&#8211; 1 x campingstol<br \/>\n&#8211; 1 x b\u00e4rv\u00e4ska<\/p>\n<p>Anvisningar:<br \/>\n&#8211; H\u00e5ll denna strandstol borta fr\u00e5n vassa eller skarpa f\u00f6rem\u00e5l.<br \/>\n&#8211; Campingstolen levereras med en b\u00e4rv\u00e4ska i nylon som endast t\u00e5l l\u00e4tt regn.<\/p>\n","protected":false},"excerpt":{"rendered":"<p>F\u00e4llbar strandstol, campingstol, belastningskapacitet upp till 250 kg, f\u00e4llbar stol med dryckesh\u00e5llare, skumplastkl\u00e4dsel, utomhusstol, gr\u00f6n-svart<\/p>\n","protected":false},"featured_media":39615,"comment_status":"open","ping_status":"closed","template":"","meta":[],"product_brand":[],"product_cat":[33],"product_tag":[],"class_list":{"0":"post-11212","1":"product","2":"type-product","3":"status-publish","4":"has-post-thumbnail","6":"product_cat-okategoriserad","8":"first","9":"instock","10":"shipping-taxable","11":"purchasable","12":"product-type-simple"},"_links":{"self":[{"href":"https:\/\/nordicmart.andreevmaster.com\/sv\/wp-json\/wp\/v2\/product\/11212","targetHints":{"allow":["GET"]}}],"collection":[{"href":"https:\/\/nordicmart.andreevmaster.com\/sv\/wp-json\/wp\/v2\/product"}],"about":[{"href":"https:\/\/nordicmart.andreevmaster.com\/sv\/wp-json\/wp\/v2\/types\/product"}],"replies":[{"embeddable":true,"href":"https:\/\/nordicmart.andreevmaster.com\/sv\/wp-json\/wp\/v2\/comments?post=11212"}],"wp:featuredmedia":[{"embeddable":true,"href":"https:\/\/nordicmart.andreevmaster.com\/sv\/wp-json\/wp\/v2\/media\/39615"}],"wp:attachment":[{"href":"https:\/\/nordicmart.andreevmaster.com\/sv\/wp-json\/wp\/v2\/media?parent=11212"}],"wp:term":[{"taxonomy":"product_brand","embeddable":true,"href":"https:\/\/nordicmart.andreevmaster.com\/sv\/wp-json\/wp\/v2\/product_brand?post=11212"},{"taxonomy":"product_cat","embeddable":true,"href":"https:\/\/nordicmart.andreevmaster.com\/sv\/wp-json\/wp\/v2\/product_cat?post=11212"},{"taxonomy":"product_tag","embeddable":true,"href":"https:\/\/nordicmart.andreevmaster.com\/sv\/wp-json\/wp\/v2\/product_tag?post=11212"}],"curies":[{"name":"wp","href":"https:\/\/api.w.org\/{rel}","templated":true}]}}