{"id":11209,"date":"2026-02-27T00:09:43","date_gmt":"2026-02-27T00:09:43","guid":{"rendered":"https:\/\/nordicmart.andreevmaster.com\/product\/songmics-strandstol-bla-gron-vit-randig\/"},"modified":"2026-02-27T08:04:53","modified_gmt":"2026-02-27T08:04:53","slug":"songmics-strandstol-bla-gron-vit-randig","status":"publish","type":"product","link":"https:\/\/nordicmart.andreevmaster.com\/sv\/produkt\/songmics-strandstol-bla-gron-vit-randig\/","title":{"rendered":"SONGMICS strandstol bl\u00e5-gr\u00f6n-vit randig"},"content":{"rendered":"<p>Planerar du en semester p\u00e5 stranden? Vill du koppla av under parasollen vid havet? Kolla in denna strandstol fr\u00e5n SONGMICS! H\u00f6jdpunkterna med denna strandstol: Sitsen \u00e4r tillverkad av bekv\u00e4mt 600D Oxford-tyg Den h\u00f6ga sitsen g\u00f6r det l\u00e4ttare att resa sig och s\u00e4tta sig Det h\u00f6ga ryggst\u00f6det \u00e4r justerbart i 3 steg, s\u00e5 att du kan hitta din favoritposition. De robusta armst\u00f6den i tr\u00e4 ger dina armar ett stabilt st\u00f6d. Aluminiumramen \u00e4r stabil, men g\u00f6r samtidigt stolen l\u00e4tt. Handtaget underl\u00e4ttar transporten av stolen. Tack vare f\u00e4rgkombinationen passar denna stol perfekt p\u00e5 stranden. Produktdetaljer: F\u00e4rg: Bl\u00e5-gr\u00f6n-vit randig Material: Aluminiumstomme, 600D Oxford-tyg, armst\u00f6d i tr\u00e4. Total storlek: 64 x 53 x 87 cm (L x B x H). F\u00f6rpackningsstorlek: 82,5 x 66 x 13,5 cm. Vikt: 3,4 kg. Max. statisk belastningskapacitet: 150 kg. Leveransomfattning: 1 x strandstol. SONGMICS Anm\u00e4rkningar:Campingstolens maximala belastningskapacitet \u00e4r 150 kg. \u00d6verskrid inte denna maximala vikt. F\u00e4ll ut campingstolen helt innan anv\u00e4ndning. Skydda produkten fr\u00e5n regn; uts\u00e4tt inte campingstolen f\u00f6r starkt solljus under en l\u00e4ngre tid.<\/p>\n","protected":false},"excerpt":{"rendered":"<p>SONGMICS strandstol, campingstol, h\u00f6g ryggst\u00f6d, 3-stegs justerbar, l\u00e4tt att transportera, f\u00e4llbar stol, armst\u00f6d av tr\u00e4, belastningskapacitet upp till 150 kg, bl\u00e5-gr\u00f6n-vit randig GCB66UW<\/p>\n","protected":false},"featured_media":39612,"comment_status":"open","ping_status":"closed","template":"","meta":[],"product_brand":[],"product_cat":[33],"product_tag":[],"class_list":{"0":"post-11209","1":"product","2":"type-product","3":"status-publish","4":"has-post-thumbnail","6":"product_cat-okategoriserad","8":"first","9":"instock","10":"shipping-taxable","11":"purchasable","12":"product-type-simple"},"_links":{"self":[{"href":"https:\/\/nordicmart.andreevmaster.com\/sv\/wp-json\/wp\/v2\/product\/11209","targetHints":{"allow":["GET"]}}],"collection":[{"href":"https:\/\/nordicmart.andreevmaster.com\/sv\/wp-json\/wp\/v2\/product"}],"about":[{"href":"https:\/\/nordicmart.andreevmaster.com\/sv\/wp-json\/wp\/v2\/types\/product"}],"replies":[{"embeddable":true,"href":"https:\/\/nordicmart.andreevmaster.com\/sv\/wp-json\/wp\/v2\/comments?post=11209"}],"wp:featuredmedia":[{"embeddable":true,"href":"https:\/\/nordicmart.andreevmaster.com\/sv\/wp-json\/wp\/v2\/media\/39612"}],"wp:attachment":[{"href":"https:\/\/nordicmart.andreevmaster.com\/sv\/wp-json\/wp\/v2\/media?parent=11209"}],"wp:term":[{"taxonomy":"product_brand","embeddable":true,"href":"https:\/\/nordicmart.andreevmaster.com\/sv\/wp-json\/wp\/v2\/product_brand?post=11209"},{"taxonomy":"product_cat","embeddable":true,"href":"https:\/\/nordicmart.andreevmaster.com\/sv\/wp-json\/wp\/v2\/product_cat?post=11209"},{"taxonomy":"product_tag","embeddable":true,"href":"https:\/\/nordicmart.andreevmaster.com\/sv\/wp-json\/wp\/v2\/product_tag?post=11209"}],"curies":[{"name":"wp","href":"https:\/\/api.w.org\/{rel}","templated":true}]}}