{"id":11208,"date":"2026-02-27T00:09:43","date_gmt":"2026-02-27T00:09:43","guid":{"rendered":"https:\/\/nordicmart.andreevmaster.com\/product\/songmics-barbar-fallstol-med-armstod-bekvam\/"},"modified":"2026-02-27T08:04:53","modified_gmt":"2026-02-27T08:04:53","slug":"songmics-barbar-fallstol-med-armstod-bekvam","status":"publish","type":"product","link":"https:\/\/nordicmart.andreevmaster.com\/sv\/produkt\/songmics-barbar-fallstol-med-armstod-bekvam\/","title":{"rendered":"SONGMICS b\u00e4rbar f\u00e4llstol med armst\u00f6d, bekv\u00e4m"},"content":{"rendered":"<p>SONGMICS strandstol, b\u00e4rbar f\u00e4llbar stol, ryggst\u00f6d 4-stegs justerbar, med armst\u00f6d, andningsbar och bekv\u00e4m, utomhusstol, bl\u00e5 GCB65BU<br \/>\nF\u00e4rg: Bl\u00e5<br \/>\nMaterial: Aluminiumstomme, syntetfiberv\u00e4v<br \/>\nStorlek per stol: 57 x 59 x 71 cm (L x B x H)<br \/>\nVikt per stol: 2,5 kg<br \/>\nMax. statisk belastningskapacitet: 150 kg<\/p>\n","protected":false},"excerpt":{"rendered":"<p>SONGMICS strandstol, b\u00e4rbar f\u00e4llbar stol, ryggst\u00f6d 4-stegs justerbar, med armst\u00f6d, andningsbar och bekv\u00e4m, utomhusstol, bl\u00e5 GCB65BU<\/p>\n","protected":false},"featured_media":39611,"comment_status":"open","ping_status":"closed","template":"","meta":[],"product_brand":[],"product_cat":[33],"product_tag":[],"class_list":{"0":"post-11208","1":"product","2":"type-product","3":"status-publish","4":"has-post-thumbnail","6":"product_cat-okategoriserad","8":"first","9":"instock","10":"shipping-taxable","11":"purchasable","12":"product-type-simple"},"_links":{"self":[{"href":"https:\/\/nordicmart.andreevmaster.com\/sv\/wp-json\/wp\/v2\/product\/11208","targetHints":{"allow":["GET"]}}],"collection":[{"href":"https:\/\/nordicmart.andreevmaster.com\/sv\/wp-json\/wp\/v2\/product"}],"about":[{"href":"https:\/\/nordicmart.andreevmaster.com\/sv\/wp-json\/wp\/v2\/types\/product"}],"replies":[{"embeddable":true,"href":"https:\/\/nordicmart.andreevmaster.com\/sv\/wp-json\/wp\/v2\/comments?post=11208"}],"wp:featuredmedia":[{"embeddable":true,"href":"https:\/\/nordicmart.andreevmaster.com\/sv\/wp-json\/wp\/v2\/media\/39611"}],"wp:attachment":[{"href":"https:\/\/nordicmart.andreevmaster.com\/sv\/wp-json\/wp\/v2\/media?parent=11208"}],"wp:term":[{"taxonomy":"product_brand","embeddable":true,"href":"https:\/\/nordicmart.andreevmaster.com\/sv\/wp-json\/wp\/v2\/product_brand?post=11208"},{"taxonomy":"product_cat","embeddable":true,"href":"https:\/\/nordicmart.andreevmaster.com\/sv\/wp-json\/wp\/v2\/product_cat?post=11208"},{"taxonomy":"product_tag","embeddable":true,"href":"https:\/\/nordicmart.andreevmaster.com\/sv\/wp-json\/wp\/v2\/product_tag?post=11208"}],"curies":[{"name":"wp","href":"https:\/\/api.w.org\/{rel}","templated":true}]}}