{"id":11207,"date":"2026-02-27T00:09:43","date_gmt":"2026-02-27T00:09:43","guid":{"rendered":"https:\/\/nordicmart.andreevmaster.com\/product\/songmics-strandstol-bla\/"},"modified":"2026-02-27T08:04:53","modified_gmt":"2026-02-27T08:04:53","slug":"songmics-strandstol-bla","status":"publish","type":"product","link":"https:\/\/nordicmart.andreevmaster.com\/sv\/produkt\/songmics-strandstol-bla\/","title":{"rendered":"SONGMICS strandstol bl\u00e5"},"content":{"rendered":"<p>Ser du fram emot en semester p\u00e5 stranden? Vill du tillbringa hela eftermiddagen bekymmersfritt och lyckligt vid havet? Ta med dig denna strandstol fr\u00e5n SONGMICS! F\u00f6ljer med dig \u00f6verallt: Vill du l\u00e4sa en bra bok i morgonsolen? Vill du ta en tupplur vid lunchtid? Eller vill du smutta p\u00e5 en cocktail medan du tittar p\u00e5 solnedg\u00e5ngen? Denna f\u00e4llbara stol, som \u00e4r tillverkad av andningsbart syntetfibertyg och har ett 4-stegs justerbart ryggst\u00f6d, g\u00f6r alla dina planer till verklighet! Produktdetaljer: F\u00e4rg: Bl\u00e5 Material: Aluminiumram, syntetfibertyg Total storlek: 57 x 59 x 71 cm (L x B x H) F\u00f6rpackningsstorlek: 66 x 59 x 9 cm Vikt: 2,5 kg Max. statisk belastningskapacitet: 150 kg Leveransomfattning: 1 x strandstol SONGMICS Anm\u00e4rkningar: Strandstolens maximala belastningskapacitet \u00e4r 150 kg. \u00d6verskrid inte denna maximala vikt. F\u00e4ll ut strandstolen helt innan anv\u00e4ndning.<\/p>\n","protected":false},"excerpt":{"rendered":"<p>SONGMICS strandstol, b\u00e4rbar f\u00e4llbar stol, ryggst\u00f6d 4-stegs justerbar, med armst\u00f6d, andningsbar och bekv\u00e4m, utomhusstol, bl\u00e5 GCB65BU<\/p>\n","protected":false},"featured_media":39610,"comment_status":"open","ping_status":"closed","template":"","meta":[],"product_brand":[],"product_cat":[33],"product_tag":[],"class_list":{"0":"post-11207","1":"product","2":"type-product","3":"status-publish","4":"has-post-thumbnail","6":"product_cat-okategoriserad","8":"first","9":"instock","10":"shipping-taxable","11":"purchasable","12":"product-type-simple"},"_links":{"self":[{"href":"https:\/\/nordicmart.andreevmaster.com\/sv\/wp-json\/wp\/v2\/product\/11207","targetHints":{"allow":["GET"]}}],"collection":[{"href":"https:\/\/nordicmart.andreevmaster.com\/sv\/wp-json\/wp\/v2\/product"}],"about":[{"href":"https:\/\/nordicmart.andreevmaster.com\/sv\/wp-json\/wp\/v2\/types\/product"}],"replies":[{"embeddable":true,"href":"https:\/\/nordicmart.andreevmaster.com\/sv\/wp-json\/wp\/v2\/comments?post=11207"}],"wp:featuredmedia":[{"embeddable":true,"href":"https:\/\/nordicmart.andreevmaster.com\/sv\/wp-json\/wp\/v2\/media\/39610"}],"wp:attachment":[{"href":"https:\/\/nordicmart.andreevmaster.com\/sv\/wp-json\/wp\/v2\/media?parent=11207"}],"wp:term":[{"taxonomy":"product_brand","embeddable":true,"href":"https:\/\/nordicmart.andreevmaster.com\/sv\/wp-json\/wp\/v2\/product_brand?post=11207"},{"taxonomy":"product_cat","embeddable":true,"href":"https:\/\/nordicmart.andreevmaster.com\/sv\/wp-json\/wp\/v2\/product_cat?post=11207"},{"taxonomy":"product_tag","embeddable":true,"href":"https:\/\/nordicmart.andreevmaster.com\/sv\/wp-json\/wp\/v2\/product_tag?post=11207"}],"curies":[{"name":"wp","href":"https:\/\/api.w.org\/{rel}","templated":true}]}}