{"id":11206,"date":"2026-02-27T00:09:43","date_gmt":"2026-02-27T00:09:43","guid":{"rendered":"https:\/\/nordicmart.andreevmaster.com\/product\/songmics-strandstol-med-kylvaska-rod-vit\/"},"modified":"2026-02-27T08:04:52","modified_gmt":"2026-02-27T08:04:52","slug":"songmics-strandstol-med-kylvaska-rod-vit","status":"publish","type":"product","link":"https:\/\/nordicmart.andreevmaster.com\/sv\/produkt\/songmics-strandstol-med-kylvaska-rod-vit\/","title":{"rendered":"SONGMICS strandstol med kylv\u00e4ska r\u00f6d-vit"},"content":{"rendered":"<p>SONGMICS har utvecklat en serie utomhusstolar f\u00f6r att \u00f6ka din komfort n\u00e4r du kopplar av p\u00e5 stranden, campingen eller i tr\u00e4dg\u00e5rden. Ha en trevlig semester! Passar \u00f6verallt Planerar du en strandsemester vid havet? D\u00e5 \u00e4r denna b\u00e4rbara strandstol ett perfekt val f\u00f6r dig. \u00c4r du en camping\u00e4lskare? D\u00e5 b\u00f6r du inte heller missa denna stol. Med detta praktiska tillbeh\u00f6r kan du koppla av n\u00e4ra t\u00e4ltet och njuta av den friska luften. Denna f\u00e4llbara stol \u00e4r ocks\u00e5 perfekt om du vill ha en picknick med familjen i parken. Bekv\u00e4m och praktisk L\u00e4sa en bok? Ta en tupplur? Allt \u00e4r m\u00f6jligt p\u00e5 denna f\u00e4llbara stol! Den \u00e4r tillverkad av robust 600D Oxford-tyg och har ett h\u00f6gt ryggst\u00f6d s\u00e5 att din nacke inte blir tr\u00f6tt n\u00e4r du lutar dig tillbaka. Ryggst\u00f6det \u00e4r dessutom justerbart och du kan till och med ligga platt p\u00e5 stolen medan huvudet vilar bekv\u00e4mt p\u00e5 kudden. Dessutom \u00e4r den mycket enkel att f\u00e4lla ihop och tar liten plats i bilen. Den v\u00e4ger dessutom bara 3,4 kg, vilket g\u00f6r den l\u00e4tt att b\u00e4ra. Denna campingstol erbjuder allt du beh\u00f6ver! Om du \u00e4r en natur- och friluftsentusiast, ta en titt p\u00e5 de andra utomhusstolarna fr\u00e5n SONGMICS! Produktdetaljer: &#8211; F\u00e4rg: r\u00f6d-vit randig &#8211; Material: 600D Oxford-tyg, aluminiumram &#8211; M\u00e5tt: 65 x 60 x 80 cm &#8211; Vikt: 3,4 kg &#8211; Max. belastningskapacitet: 150 kg Leveransomfattning: &#8211; 1 x strandstol SONGMICS Anm\u00e4rkningar: &#8211; Produkten f\u00e5r inte komma i kontakt med vassa eller spetsiga f\u00f6rem\u00e5l.<\/p>\n","protected":false},"excerpt":{"rendered":"<p>SONGMICS strandstol med kylv\u00e4ska, aluminium, flaskh\u00e5llare och huvudkudde, hopf\u00e4llbar stol, b\u00e4rbar campingstol, hopf\u00e4llbar, justerbar och robust, utomhusstol, r\u00f6d-vit randig GCB63BU<\/p>\n","protected":false},"featured_media":39609,"comment_status":"open","ping_status":"closed","template":"","meta":[],"product_brand":[],"product_cat":[33],"product_tag":[],"class_list":{"0":"post-11206","1":"product","2":"type-product","3":"status-publish","4":"has-post-thumbnail","6":"product_cat-okategoriserad","8":"first","9":"instock","10":"shipping-taxable","11":"purchasable","12":"product-type-simple"},"_links":{"self":[{"href":"https:\/\/nordicmart.andreevmaster.com\/sv\/wp-json\/wp\/v2\/product\/11206","targetHints":{"allow":["GET"]}}],"collection":[{"href":"https:\/\/nordicmart.andreevmaster.com\/sv\/wp-json\/wp\/v2\/product"}],"about":[{"href":"https:\/\/nordicmart.andreevmaster.com\/sv\/wp-json\/wp\/v2\/types\/product"}],"replies":[{"embeddable":true,"href":"https:\/\/nordicmart.andreevmaster.com\/sv\/wp-json\/wp\/v2\/comments?post=11206"}],"wp:featuredmedia":[{"embeddable":true,"href":"https:\/\/nordicmart.andreevmaster.com\/sv\/wp-json\/wp\/v2\/media\/39609"}],"wp:attachment":[{"href":"https:\/\/nordicmart.andreevmaster.com\/sv\/wp-json\/wp\/v2\/media?parent=11206"}],"wp:term":[{"taxonomy":"product_brand","embeddable":true,"href":"https:\/\/nordicmart.andreevmaster.com\/sv\/wp-json\/wp\/v2\/product_brand?post=11206"},{"taxonomy":"product_cat","embeddable":true,"href":"https:\/\/nordicmart.andreevmaster.com\/sv\/wp-json\/wp\/v2\/product_cat?post=11206"},{"taxonomy":"product_tag","embeddable":true,"href":"https:\/\/nordicmart.andreevmaster.com\/sv\/wp-json\/wp\/v2\/product_tag?post=11206"}],"curies":[{"name":"wp","href":"https:\/\/api.w.org\/{rel}","templated":true}]}}