{"id":11202,"date":"2026-02-27T00:09:42","date_gmt":"2026-02-27T00:09:42","guid":{"rendered":"https:\/\/nordicmart.andreevmaster.com\/product\/songmics-strandstol-med-kudde-bla-vit\/"},"modified":"2026-02-27T08:04:52","modified_gmt":"2026-02-27T08:04:52","slug":"songmics-strandstol-med-kudde-bla-vit","status":"publish","type":"product","link":"https:\/\/nordicmart.andreevmaster.com\/sv\/produkt\/songmics-strandstol-med-kudde-bla-vit\/","title":{"rendered":"SONGMICS strandstol med kudde bl\u00e5-vit"},"content":{"rendered":"<p>SONGMICS har utvecklat en serie utomhusstolar f\u00f6r att \u00f6ka din komfort n\u00e4r du kopplar av p\u00e5 stranden, campingen eller i tr\u00e4dg\u00e5rden. Ha en trevlig semester! Passar \u00f6verallt Planerar du en strandsemester vid havet? D\u00e5 \u00e4r denna b\u00e4rbara strandstol ett perfekt val f\u00f6r dig. \u00c4r du en camping\u00e4lskare? D\u00e5 b\u00f6r du inte heller missa denna stol. Med detta praktiska tillbeh\u00f6r kan du koppla av n\u00e4ra t\u00e4ltet och njuta av den friska luften. Dessutom \u00e4r denna f\u00e4llbara stol perfekt om du vill ha en picknick med familjen i parken. Bekv\u00e4m och praktisk Vill du l\u00e4sa en bok? Ta en tupplur? Allt \u00e4r m\u00f6jligt p\u00e5 denna f\u00e4llbara stol! Den \u00e4r tillverkad av robust 600D Oxford-tyg och har ett h\u00f6gt ryggst\u00f6d s\u00e5 att din nacke inte blir tr\u00f6tt n\u00e4r du lutar dig tillbaka. Dessutom \u00e4r ryggst\u00f6det justerbart och du kan till och med ligga platt p\u00e5 stolen medan ditt huvud vilar bekv\u00e4mt p\u00e5 kudden. Dessutom kan stolen f\u00e4llas ihop och b\u00e4ras \u00f6ver axlarna som en ryggs\u00e4ck tack vare axelremmarna och den l\u00e5ga vikten (endast 3,1 kg). Den tar dessutom liten plats i bilen. Denna campingstol har allt du beh\u00f6ver! Om du \u00e4lskar naturen och friluftsliv, ta en titt p\u00e5 SONGMICS andra utomhusstolar! Produktdetaljer:- F\u00e4rg: Bl\u00e5-vit randig &#8211; Material: 600D Oxford-tyg, aluminiumram &#8211; M\u00e5tt: 63 x 68 x 75 cm &#8211; Vikt: 3,1 kg &#8211; Max. belastningskapacitet: 150 kg Leveransomfattning: &#8211; 1 x strandstol SONGMICS Anm\u00e4rkningar: &#8211; Produkten f\u00e5r inte komma i kontakt med vassa eller spetsiga f\u00f6rem\u00e5l.<\/p>\n","protected":false},"excerpt":{"rendered":"<p>SONGMICS strandstol med huvudkudde, aluminium, b\u00e4rbar f\u00e4llstol, campingstol, hopf\u00e4llbar och justerbar, b\u00e4rbar som en ryggs\u00e4ck, utomhusstol, bl\u00e5-vit randig GCB62BU<\/p>\n","protected":false},"featured_media":39605,"comment_status":"open","ping_status":"closed","template":"","meta":[],"product_brand":[],"product_cat":[33],"product_tag":[],"class_list":{"0":"post-11202","1":"product","2":"type-product","3":"status-publish","4":"has-post-thumbnail","6":"product_cat-okategoriserad","8":"first","9":"instock","10":"shipping-taxable","11":"purchasable","12":"product-type-simple"},"_links":{"self":[{"href":"https:\/\/nordicmart.andreevmaster.com\/sv\/wp-json\/wp\/v2\/product\/11202","targetHints":{"allow":["GET"]}}],"collection":[{"href":"https:\/\/nordicmart.andreevmaster.com\/sv\/wp-json\/wp\/v2\/product"}],"about":[{"href":"https:\/\/nordicmart.andreevmaster.com\/sv\/wp-json\/wp\/v2\/types\/product"}],"replies":[{"embeddable":true,"href":"https:\/\/nordicmart.andreevmaster.com\/sv\/wp-json\/wp\/v2\/comments?post=11202"}],"wp:featuredmedia":[{"embeddable":true,"href":"https:\/\/nordicmart.andreevmaster.com\/sv\/wp-json\/wp\/v2\/media\/39605"}],"wp:attachment":[{"href":"https:\/\/nordicmart.andreevmaster.com\/sv\/wp-json\/wp\/v2\/media?parent=11202"}],"wp:term":[{"taxonomy":"product_brand","embeddable":true,"href":"https:\/\/nordicmart.andreevmaster.com\/sv\/wp-json\/wp\/v2\/product_brand?post=11202"},{"taxonomy":"product_cat","embeddable":true,"href":"https:\/\/nordicmart.andreevmaster.com\/sv\/wp-json\/wp\/v2\/product_cat?post=11202"},{"taxonomy":"product_tag","embeddable":true,"href":"https:\/\/nordicmart.andreevmaster.com\/sv\/wp-json\/wp\/v2\/product_tag?post=11202"}],"curies":[{"name":"wp","href":"https:\/\/api.w.org\/{rel}","templated":true}]}}