{"id":11201,"date":"2026-02-27T00:09:42","date_gmt":"2026-02-27T00:09:42","guid":{"rendered":"https:\/\/nordicmart.andreevmaster.com\/product\/songmics-hopfallbar-strandstol-knallbla\/"},"modified":"2026-02-27T08:04:52","modified_gmt":"2026-02-27T08:04:52","slug":"songmics-hopfallbar-strandstol-knallbla","status":"publish","type":"product","link":"https:\/\/nordicmart.andreevmaster.com\/sv\/produkt\/songmics-hopfallbar-strandstol-knallbla\/","title":{"rendered":"SONGMICS hopf\u00e4llbar strandstol knallbl\u00e5"},"content":{"rendered":"<p>P\u00e5litlig strandstol med st\u00e5lr\u00f6rsram som ger stabilitet. F\u00e4llfunktionen \u00e4r fantastisk och minimerar stolens storlek till en mycket kompakt storlek. Detta g\u00f6r att den knappt tar n\u00e5gon plats vid transport, t.ex. i bilen. Dessutom \u00e4r den l\u00e4tt att transportera tack vare den medf\u00f6ljande b\u00e4rv\u00e4skan.Sittkomforten \u00e4r ocks\u00e5 enorm, man sitter djupt, vilket g\u00f6r den extremt bekv\u00e4m att sitta i. G\u00f6r SONGMICS strandstol till din st\u00e4ndiga strandkompis under utomhusbads\u00e4songen. Anvisningar: &#8211; Undvik generellt all kontakt mellan kl\u00e4dseln och vassa eller spetsiga f\u00f6rem\u00e5l. &#8211; Var f\u00f6rsiktig vid montering: Felaktig hantering av det hopf\u00e4llbara st\u00e4llet kan leda till kl\u00e4mskador eller sk\u00e4rs\u00e5r. &#8211; Kl\u00e4dseln \u00e4r inte avtagbar, men kan reng\u00f6ras med en borste. Produktdetaljer: &#8211; F\u00e4rg: himmelsbl\u00e5 (GCB61S); gr\u00f6n (GCB61G) &#8211; M\u00e5tt: 64 x 56 x 53 cm (B x H x D) &#8211; Nettovikt: ca 2,4 kg &#8211; Bruttovikt: ca 2,9 kg &#8211; M\u00e5tt hopf\u00e4lld: 76,5 x 16 x 9,5 cm &#8211; Statistisk belastningskapacitet vid j\u00e4mn viktf\u00f6rdelning: max. 150 kg Leveransomfattning:- 1 x strandstol &#8211; 1 x b\u00e4rv\u00e4ska<\/p>\n","protected":false},"excerpt":{"rendered":"<p>SONGMICS strandstol, hopf\u00e4llbar campingstol, hopf\u00e4llbar stol med b\u00e4rv\u00e4ska, belastningskapacitet upp till 150 kg, tillverkad av robust Oxford-tyg, f\u00f6r fiske, tr\u00e4dg\u00e5rd och camping, gr\u00f6n GCB61GV1<\/p>\n","protected":false},"featured_media":39604,"comment_status":"open","ping_status":"closed","template":"","meta":[],"product_brand":[],"product_cat":[33],"product_tag":[],"class_list":{"0":"post-11201","1":"product","2":"type-product","3":"status-publish","4":"has-post-thumbnail","6":"product_cat-okategoriserad","8":"first","9":"instock","10":"shipping-taxable","11":"purchasable","12":"product-type-simple"},"_links":{"self":[{"href":"https:\/\/nordicmart.andreevmaster.com\/sv\/wp-json\/wp\/v2\/product\/11201","targetHints":{"allow":["GET"]}}],"collection":[{"href":"https:\/\/nordicmart.andreevmaster.com\/sv\/wp-json\/wp\/v2\/product"}],"about":[{"href":"https:\/\/nordicmart.andreevmaster.com\/sv\/wp-json\/wp\/v2\/types\/product"}],"replies":[{"embeddable":true,"href":"https:\/\/nordicmart.andreevmaster.com\/sv\/wp-json\/wp\/v2\/comments?post=11201"}],"wp:featuredmedia":[{"embeddable":true,"href":"https:\/\/nordicmart.andreevmaster.com\/sv\/wp-json\/wp\/v2\/media\/39604"}],"wp:attachment":[{"href":"https:\/\/nordicmart.andreevmaster.com\/sv\/wp-json\/wp\/v2\/media?parent=11201"}],"wp:term":[{"taxonomy":"product_brand","embeddable":true,"href":"https:\/\/nordicmart.andreevmaster.com\/sv\/wp-json\/wp\/v2\/product_brand?post=11201"},{"taxonomy":"product_cat","embeddable":true,"href":"https:\/\/nordicmart.andreevmaster.com\/sv\/wp-json\/wp\/v2\/product_cat?post=11201"},{"taxonomy":"product_tag","embeddable":true,"href":"https:\/\/nordicmart.andreevmaster.com\/sv\/wp-json\/wp\/v2\/product_tag?post=11201"}],"curies":[{"name":"wp","href":"https:\/\/api.w.org\/{rel}","templated":true}]}}