{"id":11199,"date":"2026-02-27T00:09:42","date_gmt":"2026-02-27T00:09:42","guid":{"rendered":"https:\/\/nordicmart.andreevmaster.com\/product\/songmics-strandstol-med-hog-ryggstod-bekvam\/"},"modified":"2026-02-27T08:04:51","modified_gmt":"2026-02-27T08:04:51","slug":"songmics-strandstol-med-hog-ryggstod-bekvam","status":"publish","type":"product","link":"https:\/\/nordicmart.andreevmaster.com\/sv\/produkt\/songmics-strandstol-med-hog-ryggstod-bekvam\/","title":{"rendered":"SONGMICS strandstol med h\u00f6g ryggst\u00f6d, bekv\u00e4m"},"content":{"rendered":"<p>SONGMICS strandstol, hopf\u00e4llbar campingstol, hopf\u00e4llbar stol med b\u00e4rv\u00e4ska, belastningskapacitet upp till 150 kg, tillverkad av robust Oxford-tyg, f\u00f6r fiske, tr\u00e4dg\u00e5rd och camping, gr\u00f6n GCB61GV1<br \/>\nF\u00e4rg: Gr\u00f6n<br \/>\nMaterial: 600D Oxford-tyg, pulverlackerade st\u00e5lr\u00f6r<br \/>\nStorlek per stol: 56 x 53 x 74 cm (L x B x H)<br \/>\nVikt per stol: 3,3 kg<br \/>\nMax. statisk belastningskapacitet per stol: 150 kg<\/p>\n","protected":false},"excerpt":{"rendered":"<p>SONGMICS strandstol, hopf\u00e4llbar campingstol, hopf\u00e4llbar stol med b\u00e4rv\u00e4ska, belastningskapacitet upp till 150 kg, tillverkad av robust Oxford-tyg, f\u00f6r fiske, tr\u00e4dg\u00e5rd och camping, gr\u00f6n GCB61GV1<\/p>\n","protected":false},"featured_media":39602,"comment_status":"open","ping_status":"closed","template":"","meta":[],"product_brand":[],"product_cat":[33],"product_tag":[],"class_list":{"0":"post-11199","1":"product","2":"type-product","3":"status-publish","4":"has-post-thumbnail","6":"product_cat-okategoriserad","8":"first","9":"instock","10":"shipping-taxable","11":"purchasable","12":"product-type-simple"},"_links":{"self":[{"href":"https:\/\/nordicmart.andreevmaster.com\/sv\/wp-json\/wp\/v2\/product\/11199","targetHints":{"allow":["GET"]}}],"collection":[{"href":"https:\/\/nordicmart.andreevmaster.com\/sv\/wp-json\/wp\/v2\/product"}],"about":[{"href":"https:\/\/nordicmart.andreevmaster.com\/sv\/wp-json\/wp\/v2\/types\/product"}],"replies":[{"embeddable":true,"href":"https:\/\/nordicmart.andreevmaster.com\/sv\/wp-json\/wp\/v2\/comments?post=11199"}],"wp:featuredmedia":[{"embeddable":true,"href":"https:\/\/nordicmart.andreevmaster.com\/sv\/wp-json\/wp\/v2\/media\/39602"}],"wp:attachment":[{"href":"https:\/\/nordicmart.andreevmaster.com\/sv\/wp-json\/wp\/v2\/media?parent=11199"}],"wp:term":[{"taxonomy":"product_brand","embeddable":true,"href":"https:\/\/nordicmart.andreevmaster.com\/sv\/wp-json\/wp\/v2\/product_brand?post=11199"},{"taxonomy":"product_cat","embeddable":true,"href":"https:\/\/nordicmart.andreevmaster.com\/sv\/wp-json\/wp\/v2\/product_cat?post=11199"},{"taxonomy":"product_tag","embeddable":true,"href":"https:\/\/nordicmart.andreevmaster.com\/sv\/wp-json\/wp\/v2\/product_tag?post=11199"}],"curies":[{"name":"wp","href":"https:\/\/api.w.org\/{rel}","templated":true}]}}