{"id":11198,"date":"2026-02-27T00:09:42","date_gmt":"2026-02-27T00:09:42","guid":{"rendered":"https:\/\/nordicmart.andreevmaster.com\/product\/sammenklappelig-strandstol-gron-2\/"},"modified":"2026-02-27T08:04:51","modified_gmt":"2026-02-27T08:04:51","slug":"sammenklappelig-strandstol-gron-2","status":"publish","type":"product","link":"https:\/\/nordicmart.andreevmaster.com\/sv\/produkt\/sammenklappelig-strandstol-gron-2\/","title":{"rendered":"Sammenklappelig strandstol gr\u00f8n"},"content":{"rendered":"<p>P\u00e5lidelig strandstol med r\u00f8rformet st\u00e5lramme, der sikrer stabilitet.  Foldefunktionen er fantastisk og minimerer stolen til en meget kompakt st\u00f8rrelse.  Det betyder, at den n\u00e6sten ikke fylder noget, n\u00e5r den transporteres, f.eks. i bilen.  Den er ogs\u00e5 nem at transportere takket v\u00e6re den medf\u00f8lgende b\u00e6retaske. Sittkomforten \u00e4r ocks\u00e5 enorm, man sitter l\u00e5gt, vilket ger en ytterst behaglig sittupplevelse. G\u00f6r Songmics strandstol till din fasta strandkompis under utomhusbads\u00e4songen. R\u00e5d: &#8211; Undvik generellt att kl\u00e4dseln kommer i kontakt med vassa eller spetsiga f\u00f6rem\u00e5l. &#8211; Var f\u00f6rsiktig n\u00e4r du f\u00e4ller ihop den: Felaktig hantering av f\u00e4llmekanismen kan resultera i bl\u00e5m\u00e4rken eller sk\u00e4rs\u00e5r. &#8211; Kl\u00e4dseln \u00e4r inte avtagbar, men kan torkas av med en borste.  Produktinformation: &#8211; F\u00e4rg: himmelsbl\u00e5 (GCB61S); gr\u00f6n (GCB61G) &#8211; M\u00e5tt: 64 x 56 x 53 cm (B x H x D) &#8211; Nettovikt: ca 2,4 kg &#8211; Bruttovikt: ca 2,9 kg &#8211; M\u00e5tt n\u00e4r den \u00e4r hopf\u00e4lld: 76,5 x 16 x 9,5 cm &#8211; Statistisk belastningskapacitet med j\u00e4mn viktf\u00f6rdelning: max. 140 kg Leveransomfattning: &#8211; 1 x strandstol &#8211; 1 x b\u00e4rv\u00e4ska<\/p>\n","protected":false},"excerpt":{"rendered":"<p>P\u00e5lidelig strandstol med r\u00f8rformet st\u00e5lramme, der sikrer stabilitet. Foldefunktionen er fantastisk og minimerer stolen til en meget kompakt st\u00f8rrelse. Det betyder, at den n\u00e6sten ikke fylder noget, n\u00e5r den transporteres, f.eks. i bilen. Den er ogs\u00e5 nem at transportere takket v\u00e6re den medf\u00f8lgende b\u00e6retaske. Sittkomforten \u00e4r ocks\u00e5 enorm, man sitter l\u00e5gt, vilket ger en ytterst [&hellip;]<\/p>\n","protected":false},"featured_media":0,"comment_status":"open","ping_status":"closed","template":"","meta":[],"product_brand":[],"product_cat":[33],"product_tag":[],"class_list":{"0":"post-11198","1":"product","2":"type-product","3":"status-publish","5":"product_cat-okategoriserad","7":"first","8":"instock","9":"shipping-taxable","10":"product-type-simple"},"_links":{"self":[{"href":"https:\/\/nordicmart.andreevmaster.com\/sv\/wp-json\/wp\/v2\/product\/11198","targetHints":{"allow":["GET"]}}],"collection":[{"href":"https:\/\/nordicmart.andreevmaster.com\/sv\/wp-json\/wp\/v2\/product"}],"about":[{"href":"https:\/\/nordicmart.andreevmaster.com\/sv\/wp-json\/wp\/v2\/types\/product"}],"replies":[{"embeddable":true,"href":"https:\/\/nordicmart.andreevmaster.com\/sv\/wp-json\/wp\/v2\/comments?post=11198"}],"wp:attachment":[{"href":"https:\/\/nordicmart.andreevmaster.com\/sv\/wp-json\/wp\/v2\/media?parent=11198"}],"wp:term":[{"taxonomy":"product_brand","embeddable":true,"href":"https:\/\/nordicmart.andreevmaster.com\/sv\/wp-json\/wp\/v2\/product_brand?post=11198"},{"taxonomy":"product_cat","embeddable":true,"href":"https:\/\/nordicmart.andreevmaster.com\/sv\/wp-json\/wp\/v2\/product_cat?post=11198"},{"taxonomy":"product_tag","embeddable":true,"href":"https:\/\/nordicmart.andreevmaster.com\/sv\/wp-json\/wp\/v2\/product_tag?post=11198"}],"curies":[{"name":"wp","href":"https:\/\/api.w.org\/{rel}","templated":true}]}}