{"id":11193,"date":"2026-02-27T00:09:41","date_gmt":"2026-02-27T00:09:41","guid":{"rendered":"https:\/\/nordicmart.andreevmaster.com\/product\/songmics-tradgardsstolar-2-pack\/"},"modified":"2026-02-27T08:04:50","modified_gmt":"2026-02-27T08:04:50","slug":"songmics-tradgardsstolar-2-pack","status":"publish","type":"product","link":"https:\/\/nordicmart.andreevmaster.com\/sv\/produkt\/songmics-tradgardsstolar-2-pack\/","title":{"rendered":"SONGMICS tr\u00e4dg\u00e5rdsstolar, 2-pack"},"content":{"rendered":"<p>SONGMICS tr\u00e4dg\u00e5rdsstolar, 2-pack, f\u00e4llbara stolar, utomhusstolar med robust aluminiumstomme, ryggst\u00f6d 8-stegs justerbart, belastningskapacitet upp till 150 kg, svart GCB29BK<\/p>\n","protected":false},"excerpt":{"rendered":"<p>SONGMICS tr\u00e4dg\u00e5rdsstolar, 2-pack, f\u00e4llbara stolar, utomhusstolar med robust aluminiumstomme, ryggst\u00f6d 8-stegs justerbart, belastningskapacitet upp till 150 kg, svart GCB29BK<\/p>\n","protected":false},"featured_media":39597,"comment_status":"open","ping_status":"closed","template":"","meta":[],"product_brand":[],"product_cat":[33],"product_tag":[],"class_list":{"0":"post-11193","1":"product","2":"type-product","3":"status-publish","4":"has-post-thumbnail","6":"product_cat-okategoriserad","8":"first","9":"instock","10":"shipping-taxable","11":"purchasable","12":"product-type-simple"},"_links":{"self":[{"href":"https:\/\/nordicmart.andreevmaster.com\/sv\/wp-json\/wp\/v2\/product\/11193","targetHints":{"allow":["GET"]}}],"collection":[{"href":"https:\/\/nordicmart.andreevmaster.com\/sv\/wp-json\/wp\/v2\/product"}],"about":[{"href":"https:\/\/nordicmart.andreevmaster.com\/sv\/wp-json\/wp\/v2\/types\/product"}],"replies":[{"embeddable":true,"href":"https:\/\/nordicmart.andreevmaster.com\/sv\/wp-json\/wp\/v2\/comments?post=11193"}],"wp:featuredmedia":[{"embeddable":true,"href":"https:\/\/nordicmart.andreevmaster.com\/sv\/wp-json\/wp\/v2\/media\/39597"}],"wp:attachment":[{"href":"https:\/\/nordicmart.andreevmaster.com\/sv\/wp-json\/wp\/v2\/media?parent=11193"}],"wp:term":[{"taxonomy":"product_brand","embeddable":true,"href":"https:\/\/nordicmart.andreevmaster.com\/sv\/wp-json\/wp\/v2\/product_brand?post=11193"},{"taxonomy":"product_cat","embeddable":true,"href":"https:\/\/nordicmart.andreevmaster.com\/sv\/wp-json\/wp\/v2\/product_cat?post=11193"},{"taxonomy":"product_tag","embeddable":true,"href":"https:\/\/nordicmart.andreevmaster.com\/sv\/wp-json\/wp\/v2\/product_tag?post=11193"}],"curies":[{"name":"wp","href":"https:\/\/api.w.org\/{rel}","templated":true}]}}