{"id":11192,"date":"2026-02-27T00:09:40","date_gmt":"2026-02-27T00:09:40","guid":{"rendered":"https:\/\/nordicmart.andreevmaster.com\/product\/songmics-gungande-tradgardsstol-gra\/"},"modified":"2026-02-27T08:04:50","modified_gmt":"2026-02-27T08:04:50","slug":"songmics-gungande-tradgardsstol-gra","status":"publish","type":"product","link":"https:\/\/nordicmart.andreevmaster.com\/sv\/produkt\/songmics-gungande-tradgardsstol-gra\/","title":{"rendered":"SONGMICS Gungande tr\u00e4dg\u00e5rdsstol Gr\u00e5"},"content":{"rendered":"<p>Letar du efter utomhusstolar f\u00f6r att koppla av p\u00e5 terrassen eller sola i tr\u00e4dg\u00e5rden? Denna gungstol fr\u00e5n SONGMICS kommer till din hj\u00e4lp! Ah! Vilken njutning! S\u00e4tt dig i denna gungstol, luta dig tillbaka och gunga fram och tillbaka i lugn och ro. Sittytan av h\u00f6gkvalitativt syntetfibertyg \u00e4r andningsbar och k\u00e4nns behaglig, och det h\u00f6gkvalitativa j\u00e4rnst\u00e4llet garanterar dessutom l\u00e5ng livsl\u00e4ngd. Du kan f\u00e4lla ihop stolen kompakt och enkelt transportera den fr\u00e5n en plats till en annan f\u00f6r att njuta av solnedg\u00e5ngen fr\u00e5n olika positioner! De praktiska armst\u00f6den ger dessutom \u00f6kad sittkomfort. St\u00e4ll denna gungstol i din tr\u00e4dg\u00e5rd nu och g\u00f6r det bekv\u00e4mt f\u00f6r dig! Produktdetaljer: F\u00e4rg: Gr\u00e5 Material: J\u00e4rnstomme, syntetfibertyg Storlek: 71 x 91 x 98 cm (L x B x H) F\u00f6rpackningsstorlek: 94 x 77 x 8 cm Vikt: 6,5 kg Max. statisk belastningskapacitet: 150 kg Leveransomfattning: 1 x gungstol 1 x instruktioner (DE, EN, FR, ES, IT) SONGMICS Anm\u00e4rkningar: Gungstolens maximala belastningskapacitet \u00e4r 150 kg. \u00d6verskrid inte denna maximala vikt. F\u00e4ll ut gungstolen helt innan anv\u00e4ndning. Skydda produkten fr\u00e5n regn och uts\u00e4tt inte gungstolen f\u00f6r starkt solljus under l\u00e4ngre tid.<\/p>\n","protected":false},"excerpt":{"rendered":"<p>SONGMICS tr\u00e4dg\u00e5rdsstol, gungstol, j\u00e4rnstomme, syntetfiberv\u00e4v, andningsbar, bekv\u00e4m, belastningskapacitet upp till 150 kg, gr\u00e5 GCB28GY<\/p>\n","protected":false},"featured_media":39596,"comment_status":"open","ping_status":"closed","template":"","meta":[],"product_brand":[],"product_cat":[33],"product_tag":[],"class_list":{"0":"post-11192","1":"product","2":"type-product","3":"status-publish","4":"has-post-thumbnail","6":"product_cat-okategoriserad","8":"first","9":"instock","10":"shipping-taxable","11":"purchasable","12":"product-type-simple"},"_links":{"self":[{"href":"https:\/\/nordicmart.andreevmaster.com\/sv\/wp-json\/wp\/v2\/product\/11192","targetHints":{"allow":["GET"]}}],"collection":[{"href":"https:\/\/nordicmart.andreevmaster.com\/sv\/wp-json\/wp\/v2\/product"}],"about":[{"href":"https:\/\/nordicmart.andreevmaster.com\/sv\/wp-json\/wp\/v2\/types\/product"}],"replies":[{"embeddable":true,"href":"https:\/\/nordicmart.andreevmaster.com\/sv\/wp-json\/wp\/v2\/comments?post=11192"}],"wp:featuredmedia":[{"embeddable":true,"href":"https:\/\/nordicmart.andreevmaster.com\/sv\/wp-json\/wp\/v2\/media\/39596"}],"wp:attachment":[{"href":"https:\/\/nordicmart.andreevmaster.com\/sv\/wp-json\/wp\/v2\/media?parent=11192"}],"wp:term":[{"taxonomy":"product_brand","embeddable":true,"href":"https:\/\/nordicmart.andreevmaster.com\/sv\/wp-json\/wp\/v2\/product_brand?post=11192"},{"taxonomy":"product_cat","embeddable":true,"href":"https:\/\/nordicmart.andreevmaster.com\/sv\/wp-json\/wp\/v2\/product_cat?post=11192"},{"taxonomy":"product_tag","embeddable":true,"href":"https:\/\/nordicmart.andreevmaster.com\/sv\/wp-json\/wp\/v2\/product_tag?post=11192"}],"curies":[{"name":"wp","href":"https:\/\/api.w.org\/{rel}","templated":true}]}}