{"id":11190,"date":"2026-02-27T00:09:40","date_gmt":"2026-02-27T00:09:40","guid":{"rendered":"https:\/\/nordicmart.andreevmaster.com\/product\/svart-solstol-i-polyrotting\/"},"modified":"2026-02-27T08:04:50","modified_gmt":"2026-02-27T08:04:50","slug":"svart-solstol-i-polyrotting","status":"publish","type":"product","link":"https:\/\/nordicmart.andreevmaster.com\/sv\/produkt\/svart-solstol-i-polyrotting\/","title":{"rendered":"Svart solstol i polyrotting"},"content":{"rendered":"<p>Ju st\u00f6rre, desto b\u00e4ttre! Eftersom du beh\u00f6ver gott om utrymme f\u00f6r att koppla av har SONGMICS designat denna solstol med m\u00e5tten 59 x 198 x 28 cm. P\u00e5 denna solstol kommer dina f\u00f6tter inte att sticka ut \u00f6ver dynan! Avslappnad atmosf\u00e4r! Oavsett om det \u00e4r p\u00e5 terrassen, p\u00e5 altanen eller i tr\u00e4dg\u00e5rden, \u00e4r denna solstol det perfekta dekorativa elementet som skapar en avslappnad atmosf\u00e4r. \u00c4ven hemma kommer du att k\u00e4nna att du tillbringar din semester p\u00e5 stranden. Produktdetaljer: &#8211; F\u00e4rg: svart &#8211; Material: j\u00e4rn, plast, polyesterduk, skum &#8211; Storlek: 59 x 198 x 28 cm (L x B x H) &#8211; Vikt: 14 kg &#8211; Max. statisk belastningskapacitet: 150 kg Leveransomfattning: &#8211; 1 x solstol &#8211; 1 x dyna SONGICS Anm\u00e4rkningar: &#8211; Den maximala belastningskapaciteten f\u00f6r solstolen \u00e4r 150 kg. Placera inte produkten utomhus under l\u00e4ngre tid; uts\u00e4tt inte solstolen f\u00f6r regn eller starkt solljus.<\/p>\n","protected":false},"excerpt":{"rendered":"<p>Ju st\u00f6rre, desto b\u00e4ttre! Eftersom du beh\u00f6ver gott om utrymme f\u00f6r att koppla av har SONGMICS designat denna solstol med m\u00e5tten 59 x 198 x 28 cm. P\u00e5 denna solstol kommer dina f\u00f6tter inte att sticka ut \u00f6ver dynan! Avslappnad atmosf\u00e4r! Oavsett om det \u00e4r p\u00e5 terrassen, p\u00e5 altanen eller i tr\u00e4dg\u00e5rden, \u00e4r denna solstol [&hellip;]<\/p>\n","protected":false},"featured_media":0,"comment_status":"open","ping_status":"closed","template":"","meta":[],"product_brand":[],"product_cat":[33],"product_tag":[],"class_list":{"0":"post-11190","1":"product","2":"type-product","3":"status-publish","5":"product_cat-okategoriserad","7":"first","8":"instock","9":"shipping-taxable","10":"product-type-simple"},"_links":{"self":[{"href":"https:\/\/nordicmart.andreevmaster.com\/sv\/wp-json\/wp\/v2\/product\/11190","targetHints":{"allow":["GET"]}}],"collection":[{"href":"https:\/\/nordicmart.andreevmaster.com\/sv\/wp-json\/wp\/v2\/product"}],"about":[{"href":"https:\/\/nordicmart.andreevmaster.com\/sv\/wp-json\/wp\/v2\/types\/product"}],"replies":[{"embeddable":true,"href":"https:\/\/nordicmart.andreevmaster.com\/sv\/wp-json\/wp\/v2\/comments?post=11190"}],"wp:attachment":[{"href":"https:\/\/nordicmart.andreevmaster.com\/sv\/wp-json\/wp\/v2\/media?parent=11190"}],"wp:term":[{"taxonomy":"product_brand","embeddable":true,"href":"https:\/\/nordicmart.andreevmaster.com\/sv\/wp-json\/wp\/v2\/product_brand?post=11190"},{"taxonomy":"product_cat","embeddable":true,"href":"https:\/\/nordicmart.andreevmaster.com\/sv\/wp-json\/wp\/v2\/product_cat?post=11190"},{"taxonomy":"product_tag","embeddable":true,"href":"https:\/\/nordicmart.andreevmaster.com\/sv\/wp-json\/wp\/v2\/product_tag?post=11190"}],"curies":[{"name":"wp","href":"https:\/\/api.w.org\/{rel}","templated":true}]}}