{"id":11189,"date":"2026-02-27T00:09:40","date_gmt":"2026-02-27T00:09:40","guid":{"rendered":"https:\/\/nordicmart.andreevmaster.com\/product\/songmics-solstol-med-tjock-madrass\/"},"modified":"2026-02-27T08:04:50","modified_gmt":"2026-02-27T08:04:50","slug":"songmics-solstol-med-tjock-madrass","status":"publish","type":"product","link":"https:\/\/nordicmart.andreevmaster.com\/sv\/produkt\/songmics-solstol-med-tjock-madrass\/","title":{"rendered":"SONGMICS solstol med tjock madrass"},"content":{"rendered":"<p>Ju st\u00f6rre, desto b\u00e4ttre! Eftersom du beh\u00f6ver mycket utrymme f\u00f6r att koppla av har SONGMICS designat denna solstol med m\u00e5tten 59 x 198 x 28 cm. P\u00e5 denna solstol kommer dina f\u00f6tter inte att sticka ut \u00f6ver madrassen! Avslappnad atmosf\u00e4r!   Oavsett om det \u00e4r p\u00e5 terrassen, balkongen eller i tr\u00e4dg\u00e5rden \u00e4r denna solstol det perfekta dekorativa elementet som skapar en avslappnad atmosf\u00e4r. S\u00e5 \u00e4ven hemma kan du k\u00e4nna dig som om du var p\u00e5 semester vid stranden. Produktdetaljer: &#8211; F\u00e4rg: Beige &#8211; Material: J\u00e4rn, plast, polyesterv\u00e4v, skumplast &#8211; Storlek: 59 x 198 x 28 cm (L x B x H) &#8211; Vikt: 14 kg &#8211; Max. statisk belastningskapacitet: 150 kg Leveransomfattning:- 1 x solstol &#8211; 1 x liggunderlag SONGICs anvisningar: &#8211; Solstolens maximala belastningskapacitet \u00e4r 150 kg. \u00d6verskrid inte denna maximala vikt. &#8211; Placera inte produkten utomhus under en l\u00e4ngre tid; uts\u00e4tt inte solstolen f\u00f6r regn eller starkt solljus.<\/p>\n","protected":false},"excerpt":{"rendered":"<p>SONGMICS solstol, vilstol, tr\u00e4dg\u00e5rdsstol, med 5 cm tjock dyna, polyrotting, justerbart ryggst\u00f6d, 59 x 198 x 28 cm, belastningskapacitet upp till 150 kg, tr\u00e4dg\u00e5rd, balkong, svart GCB27GYV1<\/p>\n","protected":false},"featured_media":39594,"comment_status":"open","ping_status":"closed","template":"","meta":[],"product_brand":[],"product_cat":[33],"product_tag":[],"class_list":{"0":"post-11189","1":"product","2":"type-product","3":"status-publish","4":"has-post-thumbnail","6":"product_cat-okategoriserad","8":"first","9":"instock","10":"shipping-taxable","11":"purchasable","12":"product-type-simple"},"_links":{"self":[{"href":"https:\/\/nordicmart.andreevmaster.com\/sv\/wp-json\/wp\/v2\/product\/11189","targetHints":{"allow":["GET"]}}],"collection":[{"href":"https:\/\/nordicmart.andreevmaster.com\/sv\/wp-json\/wp\/v2\/product"}],"about":[{"href":"https:\/\/nordicmart.andreevmaster.com\/sv\/wp-json\/wp\/v2\/types\/product"}],"replies":[{"embeddable":true,"href":"https:\/\/nordicmart.andreevmaster.com\/sv\/wp-json\/wp\/v2\/comments?post=11189"}],"wp:featuredmedia":[{"embeddable":true,"href":"https:\/\/nordicmart.andreevmaster.com\/sv\/wp-json\/wp\/v2\/media\/39594"}],"wp:attachment":[{"href":"https:\/\/nordicmart.andreevmaster.com\/sv\/wp-json\/wp\/v2\/media?parent=11189"}],"wp:term":[{"taxonomy":"product_brand","embeddable":true,"href":"https:\/\/nordicmart.andreevmaster.com\/sv\/wp-json\/wp\/v2\/product_brand?post=11189"},{"taxonomy":"product_cat","embeddable":true,"href":"https:\/\/nordicmart.andreevmaster.com\/sv\/wp-json\/wp\/v2\/product_cat?post=11189"},{"taxonomy":"product_tag","embeddable":true,"href":"https:\/\/nordicmart.andreevmaster.com\/sv\/wp-json\/wp\/v2\/product_tag?post=11189"}],"curies":[{"name":"wp","href":"https:\/\/api.w.org\/{rel}","templated":true}]}}