{"id":11188,"date":"2026-02-27T00:09:39","date_gmt":"2026-02-27T00:09:39","guid":{"rendered":"https:\/\/nordicmart.andreevmaster.com\/product\/songmics-solstol-gramelierad\/"},"modified":"2026-02-27T08:04:50","modified_gmt":"2026-02-27T08:04:50","slug":"songmics-solstol-gramelierad","status":"publish","type":"product","link":"https:\/\/nordicmart.andreevmaster.com\/sv\/produkt\/songmics-solstol-gramelierad\/","title":{"rendered":"SONGMICS solstol gr\u00e5melierad"},"content":{"rendered":"<p>Avslappnad atmosf\u00e4r! Oavsett om det \u00e4r p\u00e5 terrassen, balkongen eller i tr\u00e4dg\u00e5rden, \u00e4r denna solstol det perfekta dekorativa elementet som skapar en avslappnad atmosf\u00e4r. S\u00e5 \u00e4ven hemma kan du k\u00e4nna dig som om du var p\u00e5 semester vid stranden. Bara ta det lugnt! Vem vill montera ihop denna solstol? Ingen&#8230; Ingen fara, SONGMICS har en bra id\u00e9! Du beh\u00f6ver bara f\u00e4lla upp den, s\u00e5 har du en solstol f\u00f6r stunder av total avkoppling.Produktdetaljer: F\u00e4rg: Gr\u00e5 melerad Material: Aluminium, j\u00e4rn, syntetfiberv\u00e4v Storlek: 65 x 200 x 48 cm (L x B x H) Vikt: 9,4 kg Max. statisk belastningskapacitet: 150 kg Leveransomfattning: 1 x solstol SONGMICS Anvisningar: &#8211; Solstolens maximala belastningskapacitet \u00e4r 150 kg. \u00d6verskrid inte denna maximala vikt. &#8211; F\u00e4ll ut solstolen helt innan anv\u00e4ndning. &#8211; Placera inte produkten utomhus under en l\u00e4ngre tid; uts\u00e4tt inte solstolen f\u00f6r regn eller starkt solljus.<\/p>\n","protected":false},"excerpt":{"rendered":"<p>SONGMICS solstol, solstol, tr\u00e4dg\u00e5rdsstol, extra stor, 65 x 200 x 48 cm, belastningskapacitet upp till 150 kg, med soltak, justerbart ryggst\u00f6d, hopf\u00e4llbar, tr\u00e4dg\u00e5rd, balkong, terrass, gr\u00e5 GCB26GY<\/p>\n","protected":false},"featured_media":39593,"comment_status":"open","ping_status":"closed","template":"","meta":[],"product_brand":[],"product_cat":[33],"product_tag":[],"class_list":{"0":"post-11188","1":"product","2":"type-product","3":"status-publish","4":"has-post-thumbnail","6":"product_cat-okategoriserad","8":"first","9":"instock","10":"shipping-taxable","11":"purchasable","12":"product-type-simple"},"_links":{"self":[{"href":"https:\/\/nordicmart.andreevmaster.com\/sv\/wp-json\/wp\/v2\/product\/11188","targetHints":{"allow":["GET"]}}],"collection":[{"href":"https:\/\/nordicmart.andreevmaster.com\/sv\/wp-json\/wp\/v2\/product"}],"about":[{"href":"https:\/\/nordicmart.andreevmaster.com\/sv\/wp-json\/wp\/v2\/types\/product"}],"replies":[{"embeddable":true,"href":"https:\/\/nordicmart.andreevmaster.com\/sv\/wp-json\/wp\/v2\/comments?post=11188"}],"wp:featuredmedia":[{"embeddable":true,"href":"https:\/\/nordicmart.andreevmaster.com\/sv\/wp-json\/wp\/v2\/media\/39593"}],"wp:attachment":[{"href":"https:\/\/nordicmart.andreevmaster.com\/sv\/wp-json\/wp\/v2\/media?parent=11188"}],"wp:term":[{"taxonomy":"product_brand","embeddable":true,"href":"https:\/\/nordicmart.andreevmaster.com\/sv\/wp-json\/wp\/v2\/product_brand?post=11188"},{"taxonomy":"product_cat","embeddable":true,"href":"https:\/\/nordicmart.andreevmaster.com\/sv\/wp-json\/wp\/v2\/product_cat?post=11188"},{"taxonomy":"product_tag","embeddable":true,"href":"https:\/\/nordicmart.andreevmaster.com\/sv\/wp-json\/wp\/v2\/product_tag?post=11188"}],"curies":[{"name":"wp","href":"https:\/\/api.w.org\/{rel}","templated":true}]}}