{"id":11183,"date":"2026-02-27T00:09:38","date_gmt":"2026-02-27T00:09:38","guid":{"rendered":"https:\/\/nordicmart.andreevmaster.com\/product\/songmics-hogbelastbar-campingbadd-armegron\/"},"modified":"2026-02-27T08:04:49","modified_gmt":"2026-02-27T08:04:49","slug":"songmics-hogbelastbar-campingbadd-armegron","status":"publish","type":"product","link":"https:\/\/nordicmart.andreevmaster.com\/sv\/produkt\/songmics-hogbelastbar-campingbadd-armegron\/","title":{"rendered":"SONGMICS H\u00f6gbelastbar campingb\u00e4dd Arm\u00e9gr\u00f6n"},"content":{"rendered":"<p>P\u00e5litlig f\u00e4ltb\u00e4dd med st\u00e5lram, enkel att hantera och l\u00e4tt att montera. Med Songmics f\u00e4ltb\u00e4dd kan du k\u00e4nna friheten under stj\u00e4rnhimlen. Det fantastiska priset g\u00f6r att detta erbjudande sticker ut j\u00e4mf\u00f6rt med andra f\u00e4ltb\u00e4ddar. F\u00e4ltb\u00e4dden \u00e4r perfekt f\u00f6r camping, vandring och fisketurer. Den extra stora liggytan erbjuder s\u00e4rskilt mycket utrymme. Tack vare den extra l\u00e4ngden kan man ligga bekv\u00e4mt i den. Och utan \u00e4ndst\u00f6d som st\u00f6r n\u00e4r man sover vid huvudet eller f\u00f6tterna, ist\u00e4llet \u00e4r undersidan av \u00f6verdraget f\u00f6rsett med tv\u00e4rband f\u00f6r sp\u00e4nning. S\u00f6mnkomforten \u00e4r betydligt b\u00e4ttre \u00e4n p\u00e5 en isoleringsmatta och h\u00f6jden ger extra skydd mot kylan fr\u00e5n marken. Den har en l\u00e4ttrengjord yta och \u00e4r vatten- och smutsavvisande. Tillsammans med det exklusiva tyget och den tidl\u00f6sa designen bidrar den till en smakfull atmosf\u00e4r och fungerar dessutom som ett attraktivt blickf\u00e5ng. Produktdetaljer:- F\u00e4rg: svart (GCB25H); arm\u00e9gr\u00f6n (GCB25J); bl\u00e5 (GCB25L) &#8211; M\u00e5tt: 206 x 45 x 75 cm (B x H x D) &#8211; Nettovikt: ca 8,9 kg &#8211; Bruttovikt: ca 9,9 kg &#8211; M\u00e5tt hopf\u00e4lld: 102,5 x 15 x 15 cm &#8211; Statistisk belastningskapacitet vid j\u00e4mn viktf\u00f6rdelning: max. 260 kg Leveransomfattning: &#8211; 1 x f\u00e4ltb\u00e4dd &#8211; 1 x b\u00e4rv\u00e4ska<\/p>\n","protected":false},"excerpt":{"rendered":"<p>SONGMICS Campingb\u00e4dd, f\u00e4ltb\u00e4dd, testad av T\u00dcV Rheinland, max. statisk belastningskapacitet 260 kg, 206 x 45 x 75 cm GCB25J<\/p>\n","protected":false},"featured_media":39588,"comment_status":"open","ping_status":"closed","template":"","meta":[],"product_brand":[],"product_cat":[33],"product_tag":[],"class_list":{"0":"post-11183","1":"product","2":"type-product","3":"status-publish","4":"has-post-thumbnail","6":"product_cat-okategoriserad","8":"first","9":"instock","10":"shipping-taxable","11":"purchasable","12":"product-type-simple"},"_links":{"self":[{"href":"https:\/\/nordicmart.andreevmaster.com\/sv\/wp-json\/wp\/v2\/product\/11183","targetHints":{"allow":["GET"]}}],"collection":[{"href":"https:\/\/nordicmart.andreevmaster.com\/sv\/wp-json\/wp\/v2\/product"}],"about":[{"href":"https:\/\/nordicmart.andreevmaster.com\/sv\/wp-json\/wp\/v2\/types\/product"}],"replies":[{"embeddable":true,"href":"https:\/\/nordicmart.andreevmaster.com\/sv\/wp-json\/wp\/v2\/comments?post=11183"}],"wp:featuredmedia":[{"embeddable":true,"href":"https:\/\/nordicmart.andreevmaster.com\/sv\/wp-json\/wp\/v2\/media\/39588"}],"wp:attachment":[{"href":"https:\/\/nordicmart.andreevmaster.com\/sv\/wp-json\/wp\/v2\/media?parent=11183"}],"wp:term":[{"taxonomy":"product_brand","embeddable":true,"href":"https:\/\/nordicmart.andreevmaster.com\/sv\/wp-json\/wp\/v2\/product_brand?post=11183"},{"taxonomy":"product_cat","embeddable":true,"href":"https:\/\/nordicmart.andreevmaster.com\/sv\/wp-json\/wp\/v2\/product_cat?post=11183"},{"taxonomy":"product_tag","embeddable":true,"href":"https:\/\/nordicmart.andreevmaster.com\/sv\/wp-json\/wp\/v2\/product_tag?post=11183"}],"curies":[{"name":"wp","href":"https:\/\/api.w.org\/{rel}","templated":true}]}}