{"id":11177,"date":"2026-02-27T00:09:37","date_gmt":"2026-02-27T00:09:37","guid":{"rendered":"https:\/\/nordicmart.andreevmaster.com\/product\/songmics-solstol-med-dyna-svart\/"},"modified":"2026-02-27T08:04:48","modified_gmt":"2026-02-27T08:04:48","slug":"songmics-solstol-med-dyna-svart","status":"publish","type":"product","link":"https:\/\/nordicmart.andreevmaster.com\/sv\/produkt\/songmics-solstol-med-dyna-svart\/","title":{"rendered":"SONGMICS solstol med dyna Svart"},"content":{"rendered":"<p>SONGMICS har utvecklat en serie utomhusstolar f\u00f6r att \u00f6ka din komfort n\u00e4r du kopplar av p\u00e5 stranden, p\u00e5 campingen eller i tr\u00e4dg\u00e5rden. Ha en trevlig semester!Passar \u00f6veralltVill du koppla av i tr\u00e4dg\u00e5rden en vacker sommardag? Denna solstol \u00e4r den perfekta l\u00f6sningen! Du kan ocks\u00e5 st\u00e4lla den under parasollen p\u00e5 terrassen eller p\u00e5 stranden f\u00f6r att tillbringa en hel dag vid havet med din familj eller dina v\u00e4nner! Bekv\u00e4m och praktisk Denna hopf\u00e4llbara solstol \u00e4r mycket bekv\u00e4m tack vare den mjuka 6 cm tjocka madrassen, som \u00e4r f\u00f6rsedd med flera band och d\u00e4rmed sitter fast i solstolen. Dessutom best\u00e5r liggytan av ett andningsbart syntetfibertyg. Du kan ocks\u00e5 justera ryggst\u00f6det individuellt och ta bort huvudkudden efter behov. Njut av lugnet i tr\u00e4dg\u00e5rden p\u00e5 denna solstol! Om du \u00e4r natur\u00e4lskare, ta ocks\u00e5 en titt p\u00e5 de andra utomhusstolarna fr\u00e5n SONGMICS! Produktdetaljer:- F\u00e4rg: Svart &#8211; Material: Syntetfiber, aluminiumram, skumplast &#8211; M\u00e5tt: 183 x 60 x 39 cm (L x B x H) &#8211; Vikt: 8 kg &#8211; Max. belastning: 150 kg Leveransomfattning: &#8211; 1 x hopf\u00e4llbar solstol &#8211; 1 x madrass<\/p>\n","protected":false},"excerpt":{"rendered":"<p>SONGMICS solstol, hopf\u00e4llbar, solstol med 6 cm tjock madrass, avtagbart huvudkudde, av rostfritt aluminium, andningsbar, bekv\u00e4m, justerbar, belastningskapacitet upp till 150 kg, svart GCB24BK<\/p>\n","protected":false},"featured_media":39582,"comment_status":"open","ping_status":"closed","template":"","meta":[],"product_brand":[],"product_cat":[33],"product_tag":[],"class_list":{"0":"post-11177","1":"product","2":"type-product","3":"status-publish","4":"has-post-thumbnail","6":"product_cat-okategoriserad","8":"first","9":"instock","10":"shipping-taxable","11":"purchasable","12":"product-type-simple"},"_links":{"self":[{"href":"https:\/\/nordicmart.andreevmaster.com\/sv\/wp-json\/wp\/v2\/product\/11177","targetHints":{"allow":["GET"]}}],"collection":[{"href":"https:\/\/nordicmart.andreevmaster.com\/sv\/wp-json\/wp\/v2\/product"}],"about":[{"href":"https:\/\/nordicmart.andreevmaster.com\/sv\/wp-json\/wp\/v2\/types\/product"}],"replies":[{"embeddable":true,"href":"https:\/\/nordicmart.andreevmaster.com\/sv\/wp-json\/wp\/v2\/comments?post=11177"}],"wp:featuredmedia":[{"embeddable":true,"href":"https:\/\/nordicmart.andreevmaster.com\/sv\/wp-json\/wp\/v2\/media\/39582"}],"wp:attachment":[{"href":"https:\/\/nordicmart.andreevmaster.com\/sv\/wp-json\/wp\/v2\/media?parent=11177"}],"wp:term":[{"taxonomy":"product_brand","embeddable":true,"href":"https:\/\/nordicmart.andreevmaster.com\/sv\/wp-json\/wp\/v2\/product_brand?post=11177"},{"taxonomy":"product_cat","embeddable":true,"href":"https:\/\/nordicmart.andreevmaster.com\/sv\/wp-json\/wp\/v2\/product_cat?post=11177"},{"taxonomy":"product_tag","embeddable":true,"href":"https:\/\/nordicmart.andreevmaster.com\/sv\/wp-json\/wp\/v2\/product_tag?post=11177"}],"curies":[{"name":"wp","href":"https:\/\/api.w.org\/{rel}","templated":true}]}}