{"id":11176,"date":"2026-02-27T00:09:37","date_gmt":"2026-02-27T00:09:37","guid":{"rendered":"https:\/\/nordicmart.andreevmaster.com\/product\/songmics-solstol-med-nackstod\/"},"modified":"2026-02-27T08:04:48","modified_gmt":"2026-02-27T08:04:48","slug":"songmics-solstol-med-nackstod","status":"publish","type":"product","link":"https:\/\/nordicmart.andreevmaster.com\/sv\/produkt\/songmics-solstol-med-nackstod\/","title":{"rendered":"SONGMICS solstol med nackst\u00f6d"},"content":{"rendered":"<p>Letar du efter en solstol f\u00f6r att koppla av i tr\u00e4dg\u00e5rden och njuta av den friska luften under varma sommardagar? Denna gungstol fr\u00e5n SONGMICS kommer till din hj\u00e4lp! Ah! Vilken njutning! S\u00e4tt dig i denna gungstol, luta dig tillbaka och gunga fram och tillbaka i fullst\u00e4ndig avkoppling. Liggytan av h\u00f6gkvalitativt syntetfibertyg \u00e4r andningsbar och k\u00e4nns behaglig, och det h\u00f6gkvalitativa j\u00e4rnst\u00e4llet garanterar dessutom l\u00e5ng livsl\u00e4ngd. Praktiska armst\u00f6d, mjukt huvudst\u00f6d och avtagbar f\u00f6rvaringsv\u00e4ska \u2013 denna tr\u00e4dg\u00e5rdsstol erbjuder dig en perfekt plats att koppla av p\u00e5, njuta av kalla drycker p\u00e5 sommaren eller titta p\u00e5 den vackra solnedg\u00e5ngen. St\u00e4ll denna gungstol i din tr\u00e4dg\u00e5rd nu och g\u00f6r det bekv\u00e4mt f\u00f6r dig! Produktdetaljer: &#8211; F\u00e4rg: Gr\u00e5 &#8211; Material: J\u00e4rnram, syntetfiberv\u00e4v &#8211; Total storlek: 63 x 147 x 89 cm (L x B x H) &#8211; F\u00f6rpackningsstorlek: 97 x 38 x 8 cm &#8211; Vikt: 10,3 kg &#8211; Max. statisk belastningskapacitet: 150 kg Leveransomfattning: &#8211; 1 x gungstol &#8211; 1 x bruksanvisning (DE, EN, FR, ES, IT) SONGMICS Anm\u00e4rkningar: &#8211; Gungstolens maximala belastningskapacitet \u00e4r 150 kg. \u00d6verskrid inte denna maximala vikt. &#8211; Skydda produkten fr\u00e5n regn; uts\u00e4tt inte gungstolen f\u00f6r starkt solljus under l\u00e4ngre tid.<\/p>\n","protected":false},"excerpt":{"rendered":"<p>SONGMICS sol\u00f6, tr\u00e4dg\u00e5rdsstol, solstol, gungstol med nackst\u00f6d och sidficka, j\u00e4rnstomme, konstfiberv\u00e4v, andningsbar, bekv\u00e4m, belastningskapacitet upp till 150 kg, gr\u00e5 GCB23GY<\/p>\n","protected":false},"featured_media":39581,"comment_status":"open","ping_status":"closed","template":"","meta":[],"product_brand":[],"product_cat":[33],"product_tag":[],"class_list":{"0":"post-11176","1":"product","2":"type-product","3":"status-publish","4":"has-post-thumbnail","6":"product_cat-okategoriserad","8":"first","9":"instock","10":"shipping-taxable","11":"purchasable","12":"product-type-simple"},"_links":{"self":[{"href":"https:\/\/nordicmart.andreevmaster.com\/sv\/wp-json\/wp\/v2\/product\/11176","targetHints":{"allow":["GET"]}}],"collection":[{"href":"https:\/\/nordicmart.andreevmaster.com\/sv\/wp-json\/wp\/v2\/product"}],"about":[{"href":"https:\/\/nordicmart.andreevmaster.com\/sv\/wp-json\/wp\/v2\/types\/product"}],"replies":[{"embeddable":true,"href":"https:\/\/nordicmart.andreevmaster.com\/sv\/wp-json\/wp\/v2\/comments?post=11176"}],"wp:featuredmedia":[{"embeddable":true,"href":"https:\/\/nordicmart.andreevmaster.com\/sv\/wp-json\/wp\/v2\/media\/39581"}],"wp:attachment":[{"href":"https:\/\/nordicmart.andreevmaster.com\/sv\/wp-json\/wp\/v2\/media?parent=11176"}],"wp:term":[{"taxonomy":"product_brand","embeddable":true,"href":"https:\/\/nordicmart.andreevmaster.com\/sv\/wp-json\/wp\/v2\/product_brand?post=11176"},{"taxonomy":"product_cat","embeddable":true,"href":"https:\/\/nordicmart.andreevmaster.com\/sv\/wp-json\/wp\/v2\/product_cat?post=11176"},{"taxonomy":"product_tag","embeddable":true,"href":"https:\/\/nordicmart.andreevmaster.com\/sv\/wp-json\/wp\/v2\/product_tag?post=11176"}],"curies":[{"name":"wp","href":"https:\/\/api.w.org\/{rel}","templated":true}]}}