{"id":11175,"date":"2026-02-27T00:09:37","date_gmt":"2026-02-27T00:09:37","guid":{"rendered":"https:\/\/nordicmart.andreevmaster.com\/product\/songmics-gungstol-for-tradgarden\/"},"modified":"2026-02-27T08:04:48","modified_gmt":"2026-02-27T08:04:48","slug":"songmics-gungstol-for-tradgarden","status":"publish","type":"product","link":"https:\/\/nordicmart.andreevmaster.com\/sv\/produkt\/songmics-gungstol-for-tradgarden\/","title":{"rendered":"SONGMICS gungstol f\u00f6r tr\u00e4dg\u00e5rden"},"content":{"rendered":"<p>Produktdetaljer: F\u00e4rg: Brun Material: J\u00e4rnstomme, syntetfibertyg Total storlek: 63 x 147 x 89 cm (L x B x H) F\u00f6rpackningsstorlek: 97 x 38 x 8 cm Vikt: 10,3 kg Max. statisk belastningskapacitet: 150 kg Leveransomfattning: 1 x gungstol 1 x bruksanvisning (DE, EN, FR, ES, IT) SONGMICS Anm\u00e4rkningar: Gungstolens maximala belastningskapacitet \u00e4r 150 kg. \u00d6verskrid inte denna maximala vikt. Skydda produkten fr\u00e5n regn och uts\u00e4tt inte gungstolen f\u00f6r starkt solljus under l\u00e4ngre tid.<\/p>\n","protected":false},"excerpt":{"rendered":"<p>SONGMICS sol\u00f6, tr\u00e4dg\u00e5rdsstol, solstol, gungstol med nackst\u00f6d och sidficka, j\u00e4rnstomme, konstfiberv\u00e4v, andningsbar, bekv\u00e4m, belastningskapacitet upp till 150 kg, gr\u00e5 GCB23GY<\/p>\n","protected":false},"featured_media":39580,"comment_status":"open","ping_status":"closed","template":"","meta":[],"product_brand":[],"product_cat":[33],"product_tag":[],"class_list":{"0":"post-11175","1":"product","2":"type-product","3":"status-publish","4":"has-post-thumbnail","6":"product_cat-okategoriserad","8":"first","9":"instock","10":"shipping-taxable","11":"purchasable","12":"product-type-simple"},"_links":{"self":[{"href":"https:\/\/nordicmart.andreevmaster.com\/sv\/wp-json\/wp\/v2\/product\/11175","targetHints":{"allow":["GET"]}}],"collection":[{"href":"https:\/\/nordicmart.andreevmaster.com\/sv\/wp-json\/wp\/v2\/product"}],"about":[{"href":"https:\/\/nordicmart.andreevmaster.com\/sv\/wp-json\/wp\/v2\/types\/product"}],"replies":[{"embeddable":true,"href":"https:\/\/nordicmart.andreevmaster.com\/sv\/wp-json\/wp\/v2\/comments?post=11175"}],"wp:featuredmedia":[{"embeddable":true,"href":"https:\/\/nordicmart.andreevmaster.com\/sv\/wp-json\/wp\/v2\/media\/39580"}],"wp:attachment":[{"href":"https:\/\/nordicmart.andreevmaster.com\/sv\/wp-json\/wp\/v2\/media?parent=11175"}],"wp:term":[{"taxonomy":"product_brand","embeddable":true,"href":"https:\/\/nordicmart.andreevmaster.com\/sv\/wp-json\/wp\/v2\/product_brand?post=11175"},{"taxonomy":"product_cat","embeddable":true,"href":"https:\/\/nordicmart.andreevmaster.com\/sv\/wp-json\/wp\/v2\/product_cat?post=11175"},{"taxonomy":"product_tag","embeddable":true,"href":"https:\/\/nordicmart.andreevmaster.com\/sv\/wp-json\/wp\/v2\/product_tag?post=11175"}],"curies":[{"name":"wp","href":"https:\/\/api.w.org\/{rel}","templated":true}]}}