{"id":11173,"date":"2026-02-27T00:09:37","date_gmt":"2026-02-27T00:09:37","guid":{"rendered":"https:\/\/nordicmart.andreevmaster.com\/product\/havestol-sort-2\/"},"modified":"2026-02-27T08:04:47","modified_gmt":"2026-02-27T08:04:47","slug":"havestol-sort-2","status":"publish","type":"product","link":"https:\/\/nordicmart.andreevmaster.com\/sv\/produkt\/havestol-sort-2\/","title":{"rendered":"Havestol sort"},"content":{"rendered":"<p>Letar du efter en solstol f\u00f6r att koppla av i tr\u00e4dg\u00e5rden under varma sommardagar och njuta av den friska luften? Denna gungstol fr\u00e5n SONGMICS kommer att r\u00e4dda dig! Ah, vilken njutning! S\u00e4tt dig i denna gungstol, luta dig tillbaka och gunga fram och tillbaka p\u00e5 ett avslappnat s\u00e4tt. Den bak\u00e5tlutade ytan av h\u00f6gkvalitativt syntetfibertyg \u00e4r andningsbar och behaglig att ta p\u00e5, medan den f\u00f6rstklassiga j\u00e4rnramen ocks\u00e5 garanterar en l\u00e5ng livsl\u00e4ngd. Praktiska armst\u00f6d, mjuk nackst\u00f6d och avtagbar f\u00f6rvaringsv\u00e4ska \u2013 denna tr\u00e4dg\u00e5rdsstol ger dig en perfekt plats att koppla av och njuta av kalla drycker p\u00e5 sommaren eller se den vackra solnedg\u00e5ngen. Placera denna gungstol i din tr\u00e4dg\u00e5rd nu och g\u00f6r det bekv\u00e4mt f\u00f6r dig! Produktdetaljer: &#8211; F\u00e4rg: Svart &#8211; Material: J\u00e4rnram, syntetiskt fibertyg &#8211; Total storlek: 63 x 147 x 89 cm (L x B x H) &#8211; F\u00f6rpackningsstorlek: 97 x 38 x 8 cm &#8211; Vikt: 10,3 kg &#8211; Max. statisk belastningskapacitet: 150 kgLeveransomfattning:- 1 x gungstol- 1 x bruksanvisning (DE, EN, FR, ES, IT)SONGMICS Anm\u00e4rkningar:- Gungstolens maximala belastningskapacitet \u00e4r 150 kg. \u00d6verskrid inte denna maximala vikt. &#8211; Skydda produkten mot regn; uts\u00e4tt inte gungstolen f\u00f6r starkt solljus under l\u00e4ngre tid.<\/p>\n","protected":false},"excerpt":{"rendered":"<p>Letar du efter en solstol f\u00f6r att koppla av i tr\u00e4dg\u00e5rden under varma sommardagar och njuta av den friska luften? Denna gungstol fr\u00e5n SONGMICS kommer att r\u00e4dda dig! Ah, vilken njutning! S\u00e4tt dig i denna gungstol, luta dig tillbaka och gunga fram och tillbaka p\u00e5 ett avslappnat s\u00e4tt. Den bak\u00e5tlutade ytan av h\u00f6gkvalitativt syntetfibertyg \u00e4r [&hellip;]<\/p>\n","protected":false},"featured_media":0,"comment_status":"open","ping_status":"closed","template":"","meta":[],"product_brand":[],"product_cat":[33],"product_tag":[],"class_list":{"0":"post-11173","1":"product","2":"type-product","3":"status-publish","5":"product_cat-okategoriserad","7":"first","8":"instock","9":"shipping-taxable","10":"product-type-simple"},"_links":{"self":[{"href":"https:\/\/nordicmart.andreevmaster.com\/sv\/wp-json\/wp\/v2\/product\/11173","targetHints":{"allow":["GET"]}}],"collection":[{"href":"https:\/\/nordicmart.andreevmaster.com\/sv\/wp-json\/wp\/v2\/product"}],"about":[{"href":"https:\/\/nordicmart.andreevmaster.com\/sv\/wp-json\/wp\/v2\/types\/product"}],"replies":[{"embeddable":true,"href":"https:\/\/nordicmart.andreevmaster.com\/sv\/wp-json\/wp\/v2\/comments?post=11173"}],"wp:attachment":[{"href":"https:\/\/nordicmart.andreevmaster.com\/sv\/wp-json\/wp\/v2\/media?parent=11173"}],"wp:term":[{"taxonomy":"product_brand","embeddable":true,"href":"https:\/\/nordicmart.andreevmaster.com\/sv\/wp-json\/wp\/v2\/product_brand?post=11173"},{"taxonomy":"product_cat","embeddable":true,"href":"https:\/\/nordicmart.andreevmaster.com\/sv\/wp-json\/wp\/v2\/product_cat?post=11173"},{"taxonomy":"product_tag","embeddable":true,"href":"https:\/\/nordicmart.andreevmaster.com\/sv\/wp-json\/wp\/v2\/product_tag?post=11173"}],"curies":[{"name":"wp","href":"https:\/\/api.w.org\/{rel}","templated":true}]}}