{"id":11169,"date":"2026-02-27T00:09:36","date_gmt":"2026-02-27T00:09:36","guid":{"rendered":"https:\/\/nordicmart.andreevmaster.com\/product\/songmics-solstol-med-skarm-gra\/"},"modified":"2026-02-27T08:04:47","modified_gmt":"2026-02-27T08:04:47","slug":"songmics-solstol-med-skarm-gra","status":"publish","type":"product","link":"https:\/\/nordicmart.andreevmaster.com\/sv\/produkt\/songmics-solstol-med-skarm-gra\/","title":{"rendered":"SONGMICS solstol med sk\u00e4rm Gr\u00e5"},"content":{"rendered":"<p>Tidl\u00f6s design Sommaren \u00e4r p\u00e5 v\u00e4g, och i tr\u00e4dg\u00e5rden, vid poolen, p\u00e5 stranden eller p\u00e5 campingen beh\u00f6ver du en modern och stilfull solstol. Om du st\u00e4ller den vid poolen kommer dina v\u00e4nner garanterat att \u00e4lska den. En oumb\u00e4rlig f\u00f6ljeslagare n\u00e4r du vill koppla av hemma eller utomhus. Transportabel, robust och h\u00e5llbar Denna solstol kan snabbt f\u00e4llas upp, ingen montering kr\u00e4vs (m\u00e5tt ihopf\u00e4lld: 76,5 x 73 x 21 cm B\/H\/D). Den v\u00e4ger bara 9 kg och \u00e4r utrustad med handtag, vilket g\u00f6r den transportabel. N\u00e4r du \u00e5ker p\u00e5 semester kan du ta med den, t.ex. till stranden eller p\u00e5 campingen. Du kan ligga bekv\u00e4mt p\u00e5 den och njuta av solen. J\u00e4mf\u00f6rt med andra solstolar p\u00e5 marknaden \u00e4r denna extra l\u00e5ng och bred (210 x 35 x 75 cm B\/H\/D i uppf\u00e4llt l\u00e4ge). Med stommen av pulverlackerat st\u00e5lr\u00f6r och liggytan av h\u00f6gkvalitativt syntetfibertyg \u00e4r solstolen h\u00e5llbar. Utrustad med allt du beh\u00f6ver Med det 4-stegs justerbara ryggst\u00f6det avlastar du ryggen; det fritt justerbara soltaket skyddar ditt ansikte mot solens str\u00e5lar; huvudkudden med elastiskt band st\u00f6der nacken och \u00e4r mycket bekv\u00e4m. De halkfria golvglidarna \u00f6kar stabiliteten. Produktdetaljer: &#8211; F\u00e4rg: m\u00f6rkgr\u00e5 GCB22GY \/ bl\u00e5 GCB22BU &#8211; Material: pulverlackerat st\u00e5lr\u00f6r, syntetfiberv\u00e4v &#8211; M\u00e5tt i uppf\u00e4llt l\u00e4ge: 210 x 35 x 73 cm (B x H x D) &#8211; M\u00e5tt hopf\u00e4lld: 76,5 x 73 x 21 cm (B x H x D) &#8211; Vikt: 9 kg Leveransomfattning: &#8211; 1 x solstol &#8211; 1 x bruksanvisning (DE, EN, FR, IT, ES)<\/p>\n","protected":false},"excerpt":{"rendered":"<p>SONGMICS solstol, med huvudkudde, soltak, belastningskapacitet upp till 250 kg, 210 x 73 x 35 cm GCB22GYV1<\/p>\n","protected":false},"featured_media":39575,"comment_status":"open","ping_status":"closed","template":"","meta":[],"product_brand":[],"product_cat":[33],"product_tag":[],"class_list":{"0":"post-11169","1":"product","2":"type-product","3":"status-publish","4":"has-post-thumbnail","6":"product_cat-okategoriserad","8":"first","9":"instock","10":"shipping-taxable","11":"purchasable","12":"product-type-simple"},"_links":{"self":[{"href":"https:\/\/nordicmart.andreevmaster.com\/sv\/wp-json\/wp\/v2\/product\/11169","targetHints":{"allow":["GET"]}}],"collection":[{"href":"https:\/\/nordicmart.andreevmaster.com\/sv\/wp-json\/wp\/v2\/product"}],"about":[{"href":"https:\/\/nordicmart.andreevmaster.com\/sv\/wp-json\/wp\/v2\/types\/product"}],"replies":[{"embeddable":true,"href":"https:\/\/nordicmart.andreevmaster.com\/sv\/wp-json\/wp\/v2\/comments?post=11169"}],"wp:featuredmedia":[{"embeddable":true,"href":"https:\/\/nordicmart.andreevmaster.com\/sv\/wp-json\/wp\/v2\/media\/39575"}],"wp:attachment":[{"href":"https:\/\/nordicmart.andreevmaster.com\/sv\/wp-json\/wp\/v2\/media?parent=11169"}],"wp:term":[{"taxonomy":"product_brand","embeddable":true,"href":"https:\/\/nordicmart.andreevmaster.com\/sv\/wp-json\/wp\/v2\/product_brand?post=11169"},{"taxonomy":"product_cat","embeddable":true,"href":"https:\/\/nordicmart.andreevmaster.com\/sv\/wp-json\/wp\/v2\/product_cat?post=11169"},{"taxonomy":"product_tag","embeddable":true,"href":"https:\/\/nordicmart.andreevmaster.com\/sv\/wp-json\/wp\/v2\/product_tag?post=11169"}],"curies":[{"name":"wp","href":"https:\/\/api.w.org\/{rel}","templated":true}]}}