{"id":11168,"date":"2026-02-27T00:09:36","date_gmt":"2026-02-27T00:09:36","guid":{"rendered":"https:\/\/nordicmart.andreevmaster.com\/product\/solseng-med-gra-skaerm-2\/"},"modified":"2026-02-27T08:04:47","modified_gmt":"2026-02-27T08:04:47","slug":"solseng-med-gra-skaerm-2","status":"publish","type":"product","link":"https:\/\/nordicmart.andreevmaster.com\/sv\/produkt\/solseng-med-gra-skaerm-2\/","title":{"rendered":"Solseng med gr\u00e5 sk\u00e6rm"},"content":{"rendered":"<p>Tidl\u00f6s design Sommaren \u00e4r p\u00e5 v\u00e4g och du beh\u00f6ver en modern och stilfull solstol i tr\u00e4dg\u00e5rden, vid poolen, p\u00e5 stranden eller p\u00e5 campingen. Om du placerar den vid poolen kommer denna solstol garanterat att imponera p\u00e5 dina v\u00e4nner. En oumb\u00e4rlig f\u00f6ljeslagare n\u00e4r du kopplar av hemma eller utomhus. Transportabel, robust och h\u00e5llbar Denna solstol kan snabbt f\u00e4llas ut och kr\u00e4ver ingen montering (m\u00e5tt i hopf\u00e4llt l\u00e4ge: 76,5 x 73 x 21 cm B\/H\/D). Den v\u00e4ger bara 9 kg och \u00e4r utrustad med handtag s\u00e5 att den kan transporteras. N\u00e4r du \u00e5ker p\u00e5 semester kan du ta med den, t.ex. till stranden eller p\u00e5 camping. Du kan ligga bekv\u00e4mt p\u00e5 den och njuta av solen. J\u00e4mf\u00f6rt med andra solstolar p\u00e5 marknaden \u00e4r denna extra l\u00e5ng och bred (210 x 35 x 75 cm B\/H\/D, n\u00e4r den \u00e4r utf\u00e4lld). Stommen \u00e4r tillverkad av pulverlackerade st\u00e5lr\u00f6r och liggytan \u00e4r tillverkad av syntetfiber av h\u00f6g kvalitet, s\u00e5 solstolen \u00e4r h\u00e5llbar. Utrustad med allt du beh\u00f6ver Det 4-stegs justerbara ryggst\u00f6det avlastar din rygg; den fritt justerbara solsk\u00e4rmen skyddar ditt ansikte mot solens str\u00e5lar; huvudkudden med elastisk rem st\u00f6der din nacke och \u00e4r mycket bekv\u00e4m. De halkfria gulvgliderna \u00f6kar stabiliteten. Produktdetaljer: &#8211; F\u00e4rg: m\u00f6rkgr\u00e5 GCB22GY \/ bl\u00e5 GCB22BU &#8211; Material: pulverlackerat st\u00e5lr\u00f6r, syntetiskt fibertyg &#8211; M\u00e5tt n\u00e4r den \u00e4r uppst\u00e4lld: 210 x 35 x 73 cm (B x H x D) &#8211; M\u00e5tt, n\u00e4r den \u00e4r hopf\u00e4lld: 76,5 x 73 x 21 cm (B x H x D) &#8211; Vikt: 9 kg Leveransomfattning: &#8211; 1 x solstol &#8211; 1 x bruksanvisning (DE, EN, FR, IT, ES)<\/p>\n","protected":false},"excerpt":{"rendered":"<p>Tidl\u00f6s design Sommaren \u00e4r p\u00e5 v\u00e4g och du beh\u00f6ver en modern och stilfull solstol i tr\u00e4dg\u00e5rden, vid poolen, p\u00e5 stranden eller p\u00e5 campingen. Om du placerar den vid poolen kommer denna solstol garanterat att imponera p\u00e5 dina v\u00e4nner. En oumb\u00e4rlig f\u00f6ljeslagare n\u00e4r du kopplar av hemma eller utomhus. Transportabel, robust och h\u00e5llbar Denna solstol kan [&hellip;]<\/p>\n","protected":false},"featured_media":0,"comment_status":"open","ping_status":"closed","template":"","meta":[],"product_brand":[],"product_cat":[33],"product_tag":[],"class_list":{"0":"post-11168","1":"product","2":"type-product","3":"status-publish","5":"product_cat-okategoriserad","7":"first","8":"instock","9":"shipping-taxable","10":"product-type-simple"},"_links":{"self":[{"href":"https:\/\/nordicmart.andreevmaster.com\/sv\/wp-json\/wp\/v2\/product\/11168","targetHints":{"allow":["GET"]}}],"collection":[{"href":"https:\/\/nordicmart.andreevmaster.com\/sv\/wp-json\/wp\/v2\/product"}],"about":[{"href":"https:\/\/nordicmart.andreevmaster.com\/sv\/wp-json\/wp\/v2\/types\/product"}],"replies":[{"embeddable":true,"href":"https:\/\/nordicmart.andreevmaster.com\/sv\/wp-json\/wp\/v2\/comments?post=11168"}],"wp:attachment":[{"href":"https:\/\/nordicmart.andreevmaster.com\/sv\/wp-json\/wp\/v2\/media?parent=11168"}],"wp:term":[{"taxonomy":"product_brand","embeddable":true,"href":"https:\/\/nordicmart.andreevmaster.com\/sv\/wp-json\/wp\/v2\/product_brand?post=11168"},{"taxonomy":"product_cat","embeddable":true,"href":"https:\/\/nordicmart.andreevmaster.com\/sv\/wp-json\/wp\/v2\/product_cat?post=11168"},{"taxonomy":"product_tag","embeddable":true,"href":"https:\/\/nordicmart.andreevmaster.com\/sv\/wp-json\/wp\/v2\/product_tag?post=11168"}],"curies":[{"name":"wp","href":"https:\/\/api.w.org\/{rel}","templated":true}]}}