{"id":11165,"date":"2026-02-27T00:09:35","date_gmt":"2026-02-27T00:09:35","guid":{"rendered":"https:\/\/nordicmart.andreevmaster.com\/product\/songmics-faltbadd-210-x-72-x-45-cm-gra\/"},"modified":"2026-02-27T08:04:46","modified_gmt":"2026-02-27T08:04:46","slug":"songmics-faltbadd-210-x-72-x-45-cm-gra","status":"publish","type":"product","link":"https:\/\/nordicmart.andreevmaster.com\/sv\/produkt\/songmics-faltbadd-210-x-72-x-45-cm-gra\/","title":{"rendered":"SONGMICS f\u00e4ltb\u00e4dd 210 x 72 x 45 cm gr\u00e5"},"content":{"rendered":"<p>P\u00e5litlig f\u00e4ltb\u00e4dd med st\u00e5lr\u00f6rsram, enkel att hantera och l\u00e4tt att montera. Med v\u00e5ra f\u00e4ltb\u00e4ddar kan du k\u00e4nna friheten under stj\u00e4rnhimlen. Du kommer att uppleva b\u00e5de avkoppling och \u00e4ventyr. Det fantastiska priset g\u00f6r att detta erbjudande sticker ut j\u00e4mf\u00f6rt med andra f\u00e4ltb\u00e4ddar. F\u00e4ltb\u00e4dden \u00e4r utm\u00e4rkt f\u00f6r camping, vandring och fisketurer. Den stora liggytan erbjuder extra mycket utrymme. Sovkomforten \u00e4r betydligt b\u00e4ttre \u00e4n p\u00e5 en luftmadrass och h\u00f6jden ger extra skydd mot kylan fr\u00e5n marken. Den har en l\u00e4ttrengjord yta och \u00e4r vatten- och smutsavvisande. Tillsammans med det exklusiva tyget och den tidl\u00f6sa designen bidrar den till en smakfull atmosf\u00e4r och fungerar dessutom som ett attraktivt blickf\u00e5ng.  Produktdetaljer: &#8211; Material: st\u00e5lr\u00f6r + Oxford-tyg &#8211; F\u00e4rg: svart (GCB21H); m\u00f6rkbl\u00e5 (GCB21L); gr\u00e5 (GCB21U) &#8211; M\u00e5tt: 210 x 45 x 72 cm (B x H x D) &#8211; M\u00e5tt hopf\u00e4lld: 103 x 15 x 10 cm &#8211; Nettovikt: 10,5 kg &#8211; Statistisk belastningskapacitet vid j\u00e4mn viktf\u00f6rdelning: max. 240 kg Leveransomf\u00e5ng:- 1 x f\u00e4ltb\u00e4dd &#8211; 1 x b\u00e4rv\u00e4ska  Anvisningar: &#8211; G\u00e4sts\u00e4ngen blir stabilare om den placeras med huvud- eller fot\u00e4nden mot v\u00e4ggen. &#8211; Bearbeta inte \u00f6verdraget med spetsiga eller vassa f\u00f6rem\u00e5l. &#8211; Var f\u00f6rsiktig vid montering, felaktig hantering av skensystemen kan leda till kl\u00e4mskador eller sk\u00e4rs\u00e5r.  &#8211; Kl\u00e4dseln \u00e4r inte avtagbar, men kan reng\u00f6ras med en borste. F\u00f6r att f\u00e5 en mjukare liggkomfort kan man anv\u00e4nda en vanlig tr\u00e4dg\u00e5rdsmadrass eller en ullfilt som b\u00e4ddmadrass.<\/p>\n","protected":false},"excerpt":{"rendered":"<p>SONGMICS Campingb\u00e4dd, hopf\u00e4llbar, f\u00e4ltb\u00e4dd, robust, g\u00e4sts\u00e4ng, 190 x 64 x 42 cm, belastningskapacitet upp till 150 kg, resor, utomhus, svart GCB21BK<\/p>\n","protected":false},"featured_media":39572,"comment_status":"open","ping_status":"closed","template":"","meta":[],"product_brand":[],"product_cat":[33],"product_tag":[],"class_list":{"0":"post-11165","1":"product","2":"type-product","3":"status-publish","4":"has-post-thumbnail","6":"product_cat-okategoriserad","8":"first","9":"instock","10":"shipping-taxable","11":"purchasable","12":"product-type-simple"},"_links":{"self":[{"href":"https:\/\/nordicmart.andreevmaster.com\/sv\/wp-json\/wp\/v2\/product\/11165","targetHints":{"allow":["GET"]}}],"collection":[{"href":"https:\/\/nordicmart.andreevmaster.com\/sv\/wp-json\/wp\/v2\/product"}],"about":[{"href":"https:\/\/nordicmart.andreevmaster.com\/sv\/wp-json\/wp\/v2\/types\/product"}],"replies":[{"embeddable":true,"href":"https:\/\/nordicmart.andreevmaster.com\/sv\/wp-json\/wp\/v2\/comments?post=11165"}],"wp:featuredmedia":[{"embeddable":true,"href":"https:\/\/nordicmart.andreevmaster.com\/sv\/wp-json\/wp\/v2\/media\/39572"}],"wp:attachment":[{"href":"https:\/\/nordicmart.andreevmaster.com\/sv\/wp-json\/wp\/v2\/media?parent=11165"}],"wp:term":[{"taxonomy":"product_brand","embeddable":true,"href":"https:\/\/nordicmart.andreevmaster.com\/sv\/wp-json\/wp\/v2\/product_brand?post=11165"},{"taxonomy":"product_cat","embeddable":true,"href":"https:\/\/nordicmart.andreevmaster.com\/sv\/wp-json\/wp\/v2\/product_cat?post=11165"},{"taxonomy":"product_tag","embeddable":true,"href":"https:\/\/nordicmart.andreevmaster.com\/sv\/wp-json\/wp\/v2\/product_tag?post=11165"}],"curies":[{"name":"wp","href":"https:\/\/api.w.org\/{rel}","templated":true}]}}