{"id":11163,"date":"2026-02-27T00:09:34","date_gmt":"2026-02-27T00:09:34","guid":{"rendered":"https:\/\/nordicmart.andreevmaster.com\/product\/songmics-hopfallbar-campingbadd\/"},"modified":"2026-02-27T08:04:46","modified_gmt":"2026-02-27T08:04:46","slug":"songmics-hopfallbar-campingbadd","status":"publish","type":"product","link":"https:\/\/nordicmart.andreevmaster.com\/sv\/produkt\/songmics-hopfallbar-campingbadd\/","title":{"rendered":"SONGMICS hopf\u00e4llbar campingb\u00e4dd"},"content":{"rendered":"<p>P\u00e5litlig f\u00e4ltb\u00e4dd med st\u00e5lr\u00f6rsram, enkel att hantera och l\u00e4tt att montera. Med v\u00e5ra f\u00e4ltb\u00e4ddar kan du k\u00e4nna friheten under stj\u00e4rnhimlen. Du kommer att uppleva b\u00e5de avkoppling och \u00e4ventyr. F\u00e4ltb\u00e4dden \u00e4r perfekt f\u00f6r camping, vandring och fisketurer. Den stora liggytan erbjuder extra mycket plats. Sovkomforten \u00e4r betydligt b\u00e4ttre \u00e4n p\u00e5 en luftmadrass och h\u00f6jden ger extra skydd mot kylan fr\u00e5n marken. Den har en l\u00e4ttrengjord yta och \u00e4r vatten- och smutsavvisande. Tillsammans med den exklusiva kl\u00e4dseln och den tidl\u00f6sa designen bidrar den till en smakfull atmosf\u00e4r och fungerar dessutom som ett attraktivt blickf\u00e5ng. Produktdetaljer: &#8211; Material: st\u00e5lr\u00f6r + Oxford-tyg &#8211; F\u00e4rg: svart (GCB21H); m\u00f6rkbl\u00e5 (GCB21L); Gr\u00e5 (GCB21U) &#8211; M\u00e5tt: 210 x 72 x 45 cm (L x B x H) &#8211; M\u00e5tt hopf\u00e4lld: 103 x 15 x 10 cm &#8211; Nettovikt: 10,5 kg &#8211; Statistisk belastningskapacitet vid j\u00e4mn viktf\u00f6rdelning: max. 260 kg Leveransomfattning:- 1 x f\u00e4ltb\u00e4dd &#8211; 1 x b\u00e4rv\u00e4ska &#8211; 1 x bruksanvisning (DE, EN, FR, ES, IT) SONGMICS Anm\u00e4rkningar: &#8211; Om g\u00e4sts\u00e4ngen st\u00e5r med huvud- eller fot\u00e4nden mot v\u00e4ggen blir den stabilare.- Bearbeta inte \u00f6verdraget med vassa eller skarpa f\u00f6rem\u00e5l. &#8211; Var f\u00f6rsiktig vid montering, felaktig hantering av skensystemen kan leda till kl\u00e4mskador eller sk\u00e4rs\u00e5r. &#8211; \u00d6verdraget \u00e4r inte avtagbart, men kan reng\u00f6ras med en borste. F\u00f6r att f\u00e5 en mjukare liggk\u00e4nsla kan man anv\u00e4nda en vanlig tr\u00e4dg\u00e5rdsmadrass eller ullfilt som b\u00e4ddmadrass.<\/p>\n","protected":false},"excerpt":{"rendered":"<p>SONGMICS Campingb\u00e4dd, hopf\u00e4llbar, f\u00e4ltb\u00e4dd, robust, g\u00e4sts\u00e4ng, 190 x 64 x 42 cm, belastningskapacitet upp till 150 kg, resor, utomhus, svart GCB21BK<\/p>\n","protected":false},"featured_media":39570,"comment_status":"open","ping_status":"closed","template":"","meta":[],"product_brand":[],"product_cat":[33],"product_tag":[],"class_list":{"0":"post-11163","1":"product","2":"type-product","3":"status-publish","4":"has-post-thumbnail","6":"product_cat-okategoriserad","8":"first","9":"instock","10":"shipping-taxable","11":"purchasable","12":"product-type-simple"},"_links":{"self":[{"href":"https:\/\/nordicmart.andreevmaster.com\/sv\/wp-json\/wp\/v2\/product\/11163","targetHints":{"allow":["GET"]}}],"collection":[{"href":"https:\/\/nordicmart.andreevmaster.com\/sv\/wp-json\/wp\/v2\/product"}],"about":[{"href":"https:\/\/nordicmart.andreevmaster.com\/sv\/wp-json\/wp\/v2\/types\/product"}],"replies":[{"embeddable":true,"href":"https:\/\/nordicmart.andreevmaster.com\/sv\/wp-json\/wp\/v2\/comments?post=11163"}],"wp:featuredmedia":[{"embeddable":true,"href":"https:\/\/nordicmart.andreevmaster.com\/sv\/wp-json\/wp\/v2\/media\/39570"}],"wp:attachment":[{"href":"https:\/\/nordicmart.andreevmaster.com\/sv\/wp-json\/wp\/v2\/media?parent=11163"}],"wp:term":[{"taxonomy":"product_brand","embeddable":true,"href":"https:\/\/nordicmart.andreevmaster.com\/sv\/wp-json\/wp\/v2\/product_brand?post=11163"},{"taxonomy":"product_cat","embeddable":true,"href":"https:\/\/nordicmart.andreevmaster.com\/sv\/wp-json\/wp\/v2\/product_cat?post=11163"},{"taxonomy":"product_tag","embeddable":true,"href":"https:\/\/nordicmart.andreevmaster.com\/sv\/wp-json\/wp\/v2\/product_tag?post=11163"}],"curies":[{"name":"wp","href":"https:\/\/api.w.org\/{rel}","templated":true}]}}