{"id":11161,"date":"2026-02-27T00:09:34","date_gmt":"2026-02-27T00:09:34","guid":{"rendered":"https:\/\/nordicmart.andreevmaster.com\/product\/songmics-faltbadd-med-overdrag-svart\/"},"modified":"2026-02-27T08:04:46","modified_gmt":"2026-02-27T08:04:46","slug":"songmics-faltbadd-med-overdrag-svart","status":"publish","type":"product","link":"https:\/\/nordicmart.andreevmaster.com\/sv\/produkt\/songmics-faltbadd-med-overdrag-svart\/","title":{"rendered":"SONGMICS f\u00e4ltb\u00e4dd med \u00f6verdrag Svart"},"content":{"rendered":"<p>P\u00e5litlig f\u00e4ltb\u00e4dd med st\u00e5lram, enkel att hantera och l\u00e4tt att montera. Med Songmics f\u00e4ltb\u00e4dd kan du k\u00e4nna friheten under stj\u00e4rnhimlen.  Det fantastiska priset g\u00f6r att detta erbjudande sticker ut j\u00e4mf\u00f6rt med andra f\u00e4ltb\u00e4ddar. F\u00e4ltb\u00e4dden \u00e4r perfekt f\u00f6r camping, vandring och fisketurer. Den extra stora liggytan erbjuder extra mycket plats. Tack vare den extra l\u00e4ngden kan man ligga bekv\u00e4mt i den. Sovkomforten \u00e4r betydligt b\u00e4ttre \u00e4n p\u00e5 en isoleringsmatta och h\u00f6jden ger extra skydd mot kylan fr\u00e5n marken. Den har en l\u00e4ttrengjord yta och \u00e4r vatten- och smutsavvisande. Tillsammans med den exklusiva kl\u00e4dseln och den tidl\u00f6sa designen bidrar den till en smakfull atmosf\u00e4r och fungerar dessutom som ett attraktivt blickf\u00e5ng.Anvisningar: &#8211; S\u00e4ngen blir stabilare om du placerar huvud- eller fot\u00e4nden mot en v\u00e4gg. &#8211; Undvik generellt att tyget kommer i kontakt med vassa eller spetsiga f\u00f6rem\u00e5l. &#8211; Var f\u00f6rsiktig vid montering: Felaktig hantering av det hopf\u00e4llbara st\u00e4llet kan leda till kl\u00e4mskador eller sk\u00e4rs\u00e5r.- Kl\u00e4dseln \u00e4r inte avtagbar, men kan reng\u00f6ras med en borste. F\u00f6r att f\u00e5 en mjukare liggk\u00e4nsla kan man anv\u00e4nda en vanlig tr\u00e4dg\u00e5rdsmadrass eller en ullfilt som b\u00e4ddmadrass. Produktdetaljer:- F\u00e4rg: svart &#8211; M\u00e5tt: 200 x 74 x 39 cm &#8211; Nettovikt: ca 7,5 kg &#8211; Bruttovikt: ca 8 kg &#8211; M\u00e5tt hopf\u00e4lld: 100 x 74 x 12 cm &#8211; Statistisk belastningskapacitet vid j\u00e4mn viktf\u00f6rdelning: max. 260 kg Leveransomfattning:- 1 x f\u00e4ltb\u00e4dd &#8211; 1 x b\u00e4rv\u00e4ska<\/p>\n","protected":false},"excerpt":{"rendered":"<p>SONGMICS f\u00e4ltb\u00e4dd med madrass, campingb\u00e4dd, max. statisk belastningskapacitet 260 kg, testad av T\u00dcV Rheinland, 200 x 74 x 39 cm GCB20HV1<\/p>\n","protected":false},"featured_media":39568,"comment_status":"open","ping_status":"closed","template":"","meta":[],"product_brand":[],"product_cat":[33],"product_tag":[],"class_list":{"0":"post-11161","1":"product","2":"type-product","3":"status-publish","4":"has-post-thumbnail","6":"product_cat-okategoriserad","8":"first","9":"instock","10":"shipping-taxable","11":"purchasable","12":"product-type-simple"},"_links":{"self":[{"href":"https:\/\/nordicmart.andreevmaster.com\/sv\/wp-json\/wp\/v2\/product\/11161","targetHints":{"allow":["GET"]}}],"collection":[{"href":"https:\/\/nordicmart.andreevmaster.com\/sv\/wp-json\/wp\/v2\/product"}],"about":[{"href":"https:\/\/nordicmart.andreevmaster.com\/sv\/wp-json\/wp\/v2\/types\/product"}],"replies":[{"embeddable":true,"href":"https:\/\/nordicmart.andreevmaster.com\/sv\/wp-json\/wp\/v2\/comments?post=11161"}],"wp:featuredmedia":[{"embeddable":true,"href":"https:\/\/nordicmart.andreevmaster.com\/sv\/wp-json\/wp\/v2\/media\/39568"}],"wp:attachment":[{"href":"https:\/\/nordicmart.andreevmaster.com\/sv\/wp-json\/wp\/v2\/media?parent=11161"}],"wp:term":[{"taxonomy":"product_brand","embeddable":true,"href":"https:\/\/nordicmart.andreevmaster.com\/sv\/wp-json\/wp\/v2\/product_brand?post=11161"},{"taxonomy":"product_cat","embeddable":true,"href":"https:\/\/nordicmart.andreevmaster.com\/sv\/wp-json\/wp\/v2\/product_cat?post=11161"},{"taxonomy":"product_tag","embeddable":true,"href":"https:\/\/nordicmart.andreevmaster.com\/sv\/wp-json\/wp\/v2\/product_tag?post=11161"}],"curies":[{"name":"wp","href":"https:\/\/api.w.org\/{rel}","templated":true}]}}