{"id":11160,"date":"2026-02-27T00:09:34","date_gmt":"2026-02-27T00:09:34","guid":{"rendered":"https:\/\/nordicmart.andreevmaster.com\/product\/campingsang-med-kudde-svart\/"},"modified":"2026-02-27T08:04:46","modified_gmt":"2026-02-27T08:04:46","slug":"campingsang-med-kudde-svart","status":"publish","type":"product","link":"https:\/\/nordicmart.andreevmaster.com\/sv\/produkt\/campingsang-med-kudde-svart\/","title":{"rendered":"Campings\u00e4ng med kudde, svart"},"content":{"rendered":"<p>P\u00e5lidelig campings\u00e4ng med st\u00e5lram, enkel att hantera och okomplicerad att s\u00e4tta upp. Med Songmics campings\u00e4ng kan du k\u00e4nna friheten under stj\u00e4rnorna.  Det bra priset skiljer detta erbjudande fr\u00e5n andra campingb\u00e4ddar. Campingb\u00e4dden \u00e4r idealisk f\u00f6r camping-, vandrings- och fisketurer. Den extra stora liggytan ger massor av plats. Den extra l\u00e4ngden g\u00f6r att du kan ligga bekv\u00e4mt i den. Sovkomforten \u00e4r mycket b\u00e4ttre \u00e4n p\u00e5 en isolerande madrass, och h\u00f6jden ger extra skydd mot den kalla marken. Den har en reng\u00f6ringsv\u00e4nlig yta och \u00e4r vatten- och smutsavvisande. Tillsammans med den uts\u00f6kta stoppningen och det tidl\u00f6sa designen bidrar den till en smakfull atmosf\u00e4r och fungerar ocks\u00e5 som ett attraktivt blickf\u00e5ng. Anm\u00e4rkningar: &#8211; Om f\u00e4lts\u00e4ngen placeras med huvud- eller fot\u00e4nden mot v\u00e4ggen blir den mer stabil. &#8211; Undvik generellt att \u00f6verdraget kommer i kontakt med vassa eller spetsiga f\u00f6rem\u00e5l. &#8211; Var f\u00f6rsiktig n\u00e4r du monterar den: Felaktig hantering av klappramen kan resultera i krossning eller sk\u00e4rskador. &#8211; \u00d6verdraget kan inte tas av, men det kan torkas av med en borste f\u00f6r att reng\u00f6ra det. Om du vill ligga lite mjukare kan du anv\u00e4nda en vanlig tr\u00e4dg\u00e5rdsunderlag eller en ullfilt som underlag.Produktdetaljer:- F\u00e4rg: svart- M\u00e5tt: 200 x 74 x 39 cm- Nettovikt: ca 7,5 kg- Bruttovikt: ca 8 kg- M\u00e5tt i hopf\u00e4llt tillst\u00e5nd: 100 x 74 x 12 cm- Statistisk belastningskapacitet med j\u00e4mn viktf\u00f6rdelning: max. 260 kg Leveransomfattning: &#8211; 1 x campings\u00e4ng &#8211; 1 x b\u00e4rv\u00e4ska<\/p>\n","protected":false},"excerpt":{"rendered":"<p>P\u00e5lidelig campings\u00e4ng med st\u00e5lram, enkel att hantera och okomplicerad att s\u00e4tta upp. Med Songmics campings\u00e4ng kan du k\u00e4nna friheten under stj\u00e4rnorna. Det bra priset skiljer detta erbjudande fr\u00e5n andra campingb\u00e4ddar. Campingb\u00e4dden \u00e4r idealisk f\u00f6r camping-, vandrings- och fisketurer. Den extra stora liggytan ger massor av plats. Den extra l\u00e4ngden g\u00f6r att du kan ligga bekv\u00e4mt [&hellip;]<\/p>\n","protected":false},"featured_media":0,"comment_status":"open","ping_status":"closed","template":"","meta":[],"product_brand":[],"product_cat":[33],"product_tag":[],"class_list":{"0":"post-11160","1":"product","2":"type-product","3":"status-publish","5":"product_cat-okategoriserad","7":"first","8":"instock","9":"shipping-taxable","10":"product-type-simple"},"_links":{"self":[{"href":"https:\/\/nordicmart.andreevmaster.com\/sv\/wp-json\/wp\/v2\/product\/11160","targetHints":{"allow":["GET"]}}],"collection":[{"href":"https:\/\/nordicmart.andreevmaster.com\/sv\/wp-json\/wp\/v2\/product"}],"about":[{"href":"https:\/\/nordicmart.andreevmaster.com\/sv\/wp-json\/wp\/v2\/types\/product"}],"replies":[{"embeddable":true,"href":"https:\/\/nordicmart.andreevmaster.com\/sv\/wp-json\/wp\/v2\/comments?post=11160"}],"wp:attachment":[{"href":"https:\/\/nordicmart.andreevmaster.com\/sv\/wp-json\/wp\/v2\/media?parent=11160"}],"wp:term":[{"taxonomy":"product_brand","embeddable":true,"href":"https:\/\/nordicmart.andreevmaster.com\/sv\/wp-json\/wp\/v2\/product_brand?post=11160"},{"taxonomy":"product_cat","embeddable":true,"href":"https:\/\/nordicmart.andreevmaster.com\/sv\/wp-json\/wp\/v2\/product_cat?post=11160"},{"taxonomy":"product_tag","embeddable":true,"href":"https:\/\/nordicmart.andreevmaster.com\/sv\/wp-json\/wp\/v2\/product_tag?post=11160"}],"curies":[{"name":"wp","href":"https:\/\/api.w.org\/{rel}","templated":true}]}}