{"id":11157,"date":"2026-02-27T00:09:33","date_gmt":"2026-02-27T00:09:33","guid":{"rendered":"https:\/\/nordicmart.andreevmaster.com\/product\/solstol-solbadd-liggestol-med-nackstod-justerbart-ryggstod-parasoll-latt-hopfallbar-53-x-193-x-295-cm-belastningskapacitet-150-kg-for-tradgarden-morkgra-gcb19uv1\/"},"modified":"2026-02-27T08:04:45","modified_gmt":"2026-02-27T08:04:45","slug":"solstol-solbadd-liggestol-med-nackstod-justerbart-ryggstod-parasoll-latt-hopfallbar-53-x-193-x-295-cm-belastningskapacitet-150-kg-for-tradgarden-morkgra-gcb19uv1","status":"publish","type":"product","link":"https:\/\/nordicmart.andreevmaster.com\/sv\/produkt\/solstol-solbadd-liggestol-med-nackstod-justerbart-ryggstod-parasoll-latt-hopfallbar-53-x-193-x-295-cm-belastningskapacitet-150-kg-for-tradgarden-morkgra-gcb19uv1\/","title":{"rendered":"Solstol, solb\u00e4dd, liggestol, med nackst\u00f6d, justerbart ryggst\u00f6d, parasoll, l\u00e4tt, hopf\u00e4llbar, 53 x 193 x 29,5 cm, belastningskapacitet 150 kg, f\u00f6r tr\u00e4dg\u00e5rden, m\u00f6rkgr\u00e5 GCB19UV1"},"content":{"rendered":"","protected":false},"excerpt":{"rendered":"","protected":false},"featured_media":0,"comment_status":"open","ping_status":"closed","template":"","meta":[],"product_brand":[],"product_cat":[33],"product_tag":[],"class_list":{"0":"post-11157","1":"product","2":"type-product","3":"status-publish","5":"product_cat-okategoriserad","7":"first","8":"instock","9":"shipping-taxable","10":"product-type-simple"},"_links":{"self":[{"href":"https:\/\/nordicmart.andreevmaster.com\/sv\/wp-json\/wp\/v2\/product\/11157","targetHints":{"allow":["GET"]}}],"collection":[{"href":"https:\/\/nordicmart.andreevmaster.com\/sv\/wp-json\/wp\/v2\/product"}],"about":[{"href":"https:\/\/nordicmart.andreevmaster.com\/sv\/wp-json\/wp\/v2\/types\/product"}],"replies":[{"embeddable":true,"href":"https:\/\/nordicmart.andreevmaster.com\/sv\/wp-json\/wp\/v2\/comments?post=11157"}],"wp:attachment":[{"href":"https:\/\/nordicmart.andreevmaster.com\/sv\/wp-json\/wp\/v2\/media?parent=11157"}],"wp:term":[{"taxonomy":"product_brand","embeddable":true,"href":"https:\/\/nordicmart.andreevmaster.com\/sv\/wp-json\/wp\/v2\/product_brand?post=11157"},{"taxonomy":"product_cat","embeddable":true,"href":"https:\/\/nordicmart.andreevmaster.com\/sv\/wp-json\/wp\/v2\/product_cat?post=11157"},{"taxonomy":"product_tag","embeddable":true,"href":"https:\/\/nordicmart.andreevmaster.com\/sv\/wp-json\/wp\/v2\/product_tag?post=11157"}],"curies":[{"name":"wp","href":"https:\/\/api.w.org\/{rel}","templated":true}]}}