{"id":11152,"date":"2026-02-27T00:09:32","date_gmt":"2026-02-27T00:09:32","guid":{"rendered":"https:\/\/nordicmart.andreevmaster.com\/product\/solstol-solstol-med-solskydd-justerbart-ryggstod-hopfallbar-lattviktig-55-x-193-x-31-cm-belastningskapacitet-150-kg-for-tradgard-terrass-rokfargad-gra-gcb19gyv1\/"},"modified":"2026-02-27T08:04:44","modified_gmt":"2026-02-27T08:04:44","slug":"solstol-solstol-med-solskydd-justerbart-ryggstod-hopfallbar-lattviktig-55-x-193-x-31-cm-belastningskapacitet-150-kg-for-tradgard-terrass-rokfargad-gra-gcb19gyv1","status":"publish","type":"product","link":"https:\/\/nordicmart.andreevmaster.com\/sv\/produkt\/solstol-solstol-med-solskydd-justerbart-ryggstod-hopfallbar-lattviktig-55-x-193-x-31-cm-belastningskapacitet-150-kg-for-tradgard-terrass-rokfargad-gra-gcb19gyv1\/","title":{"rendered":"Solstol, solstol med solskydd, justerbart ryggst\u00f6d, hopf\u00e4llbar, l\u00e4ttviktig, 55 x 193 x 31 cm, belastningskapacitet 150 kg, f\u00f6r tr\u00e4dg\u00e5rd, terrass, r\u00f6kf\u00e4rgad gr\u00e5 GCB19GYV1"},"content":{"rendered":"","protected":false},"excerpt":{"rendered":"","protected":false},"featured_media":0,"comment_status":"open","ping_status":"closed","template":"","meta":[],"product_brand":[],"product_cat":[33],"product_tag":[],"class_list":{"0":"post-11152","1":"product","2":"type-product","3":"status-publish","5":"product_cat-okategoriserad","7":"first","8":"instock","9":"shipping-taxable","10":"product-type-simple"},"_links":{"self":[{"href":"https:\/\/nordicmart.andreevmaster.com\/sv\/wp-json\/wp\/v2\/product\/11152","targetHints":{"allow":["GET"]}}],"collection":[{"href":"https:\/\/nordicmart.andreevmaster.com\/sv\/wp-json\/wp\/v2\/product"}],"about":[{"href":"https:\/\/nordicmart.andreevmaster.com\/sv\/wp-json\/wp\/v2\/types\/product"}],"replies":[{"embeddable":true,"href":"https:\/\/nordicmart.andreevmaster.com\/sv\/wp-json\/wp\/v2\/comments?post=11152"}],"wp:attachment":[{"href":"https:\/\/nordicmart.andreevmaster.com\/sv\/wp-json\/wp\/v2\/media?parent=11152"}],"wp:term":[{"taxonomy":"product_brand","embeddable":true,"href":"https:\/\/nordicmart.andreevmaster.com\/sv\/wp-json\/wp\/v2\/product_brand?post=11152"},{"taxonomy":"product_cat","embeddable":true,"href":"https:\/\/nordicmart.andreevmaster.com\/sv\/wp-json\/wp\/v2\/product_cat?post=11152"},{"taxonomy":"product_tag","embeddable":true,"href":"https:\/\/nordicmart.andreevmaster.com\/sv\/wp-json\/wp\/v2\/product_tag?post=11152"}],"curies":[{"name":"wp","href":"https:\/\/api.w.org\/{rel}","templated":true}]}}