{"id":11149,"date":"2026-02-27T00:09:31","date_gmt":"2026-02-27T00:09:31","guid":{"rendered":"https:\/\/nordicmart.andreevmaster.com\/product\/songmics-solstol-med-dyna-och-tak\/"},"modified":"2026-02-27T08:04:44","modified_gmt":"2026-02-27T08:04:44","slug":"songmics-solstol-med-dyna-och-tak","status":"publish","type":"product","link":"https:\/\/nordicmart.andreevmaster.com\/sv\/produkt\/songmics-solstol-med-dyna-och-tak\/","title":{"rendered":"SONGMICS solstol med dyna och tak"},"content":{"rendered":"<p>Avslappnad atmosf\u00e4r! Oavsett om det \u00e4r p\u00e5 terrassen, balkongen eller i tr\u00e4dg\u00e5rden, \u00e4r denna hopf\u00e4llbara solstol det perfekta dekorativa elementet som skapar en avslappnad atmosf\u00e4r. S\u00e5 \u00e4ven hemma kan du k\u00e4nna dig som om du var p\u00e5 semester vid stranden. Ingenting att g\u00f6ra! Vem vill montera ihop denna solstol? Ingen&#8230; Ingen fara, SONGMICS hade en bra id\u00e9! Du beh\u00f6ver bara f\u00e4lla upp den, s\u00e5 har du en solstol med soltak f\u00f6r stunder av total avkoppling.Produktdetaljer: F\u00e4rg: Svart Material: Metall, syntetfibertyg Storlek: 53 x 193 x 29,5 cm (L x B x H) Vikt: 8,1 kg Max. statisk belastningskapacitet: 150 kg Leveransomfattning: 1 x solstol med tak SONGMICS Anm\u00e4rkningar: Solstolens maximala belastningskapacitet \u00e4r 150 kg. \u00d6verskrid inte denna maximala vikt. F\u00e4ll ut solstolen helt innan anv\u00e4ndning. Placera inte produkten utomhus under en l\u00e4ngre tid; uts\u00e4tt inte solstolen f\u00f6r regn eller starkt solljus.<\/p>\n","protected":false},"excerpt":{"rendered":"<p>SONGMICS solstol, solstol med 3 cm tjock dyna, nackst\u00f6d, soltak, justerbart ryggst\u00f6d, hopf\u00e4llbar, 53 x 193 x 29,5 cm, belastningskapacitet upp till 150 kg, tr\u00e4dg\u00e5rd, balkong, svart GCB193B01<\/p>\n","protected":false},"featured_media":39559,"comment_status":"open","ping_status":"closed","template":"","meta":[],"product_brand":[],"product_cat":[33],"product_tag":[],"class_list":{"0":"post-11149","1":"product","2":"type-product","3":"status-publish","4":"has-post-thumbnail","6":"product_cat-okategoriserad","8":"first","9":"instock","10":"shipping-taxable","11":"purchasable","12":"product-type-simple"},"_links":{"self":[{"href":"https:\/\/nordicmart.andreevmaster.com\/sv\/wp-json\/wp\/v2\/product\/11149","targetHints":{"allow":["GET"]}}],"collection":[{"href":"https:\/\/nordicmart.andreevmaster.com\/sv\/wp-json\/wp\/v2\/product"}],"about":[{"href":"https:\/\/nordicmart.andreevmaster.com\/sv\/wp-json\/wp\/v2\/types\/product"}],"replies":[{"embeddable":true,"href":"https:\/\/nordicmart.andreevmaster.com\/sv\/wp-json\/wp\/v2\/comments?post=11149"}],"wp:featuredmedia":[{"embeddable":true,"href":"https:\/\/nordicmart.andreevmaster.com\/sv\/wp-json\/wp\/v2\/media\/39559"}],"wp:attachment":[{"href":"https:\/\/nordicmart.andreevmaster.com\/sv\/wp-json\/wp\/v2\/media?parent=11149"}],"wp:term":[{"taxonomy":"product_brand","embeddable":true,"href":"https:\/\/nordicmart.andreevmaster.com\/sv\/wp-json\/wp\/v2\/product_brand?post=11149"},{"taxonomy":"product_cat","embeddable":true,"href":"https:\/\/nordicmart.andreevmaster.com\/sv\/wp-json\/wp\/v2\/product_cat?post=11149"},{"taxonomy":"product_tag","embeddable":true,"href":"https:\/\/nordicmart.andreevmaster.com\/sv\/wp-json\/wp\/v2\/product_tag?post=11149"}],"curies":[{"name":"wp","href":"https:\/\/api.w.org\/{rel}","templated":true}]}}