{"id":11146,"date":"2026-02-27T00:09:31","date_gmt":"2026-02-27T00:09:31","guid":{"rendered":"https:\/\/nordicmart.andreevmaster.com\/product\/songmics-solstol-med-justerbart-ryggstod\/"},"modified":"2026-02-27T08:04:43","modified_gmt":"2026-02-27T08:04:43","slug":"songmics-solstol-med-justerbart-ryggstod","status":"publish","type":"product","link":"https:\/\/nordicmart.andreevmaster.com\/sv\/produkt\/songmics-solstol-med-justerbart-ryggstod\/","title":{"rendered":"SONGMICS solstol med justerbart ryggst\u00f6d"},"content":{"rendered":"<p>Produktdetaljer: &#8211; F\u00e4rg: Taupe &#8211; Material: Metall, syntetfiberv\u00e4v &#8211; Storlek: 53 x 193 x 29,5 cm (L x B x H) &#8211; Vikt: 7,1 kg &#8211; Max. statisk belastningskapacitet: 150 kg Leveransomfattning: &#8211; 1 x solstol SONGMICS Anm\u00e4rkningar: &#8211; Solstolens maximala belastningskapacitet \u00e4r 150 kg. \u00d6verskrid inte denna maximala vikt. &#8211; F\u00e4ll ut solstolen helt innan anv\u00e4ndning. &#8211; Placera inte produkten utomhus under en l\u00e4ngre tid; uts\u00e4tt inte solstolen f\u00f6r regn eller starkt solljus.<\/p>\n","protected":false},"excerpt":{"rendered":"<p>SONGMICS solstol, solstol, tr\u00e4dg\u00e5rdsstol, med nackst\u00f6d och solskydd, justerbart ryggst\u00f6d, l\u00e4tt, hopf\u00e4llbar, 53 x 193 x 29,5 cm, belastningskapacitet upp till 150 kg, tr\u00e4dg\u00e5rd, balkong, svart GCB192B01<\/p>\n","protected":false},"featured_media":39556,"comment_status":"open","ping_status":"closed","template":"","meta":[],"product_brand":[],"product_cat":[33],"product_tag":[],"class_list":{"0":"post-11146","1":"product","2":"type-product","3":"status-publish","4":"has-post-thumbnail","6":"product_cat-okategoriserad","8":"first","9":"instock","10":"shipping-taxable","11":"purchasable","12":"product-type-simple"},"_links":{"self":[{"href":"https:\/\/nordicmart.andreevmaster.com\/sv\/wp-json\/wp\/v2\/product\/11146","targetHints":{"allow":["GET"]}}],"collection":[{"href":"https:\/\/nordicmart.andreevmaster.com\/sv\/wp-json\/wp\/v2\/product"}],"about":[{"href":"https:\/\/nordicmart.andreevmaster.com\/sv\/wp-json\/wp\/v2\/types\/product"}],"replies":[{"embeddable":true,"href":"https:\/\/nordicmart.andreevmaster.com\/sv\/wp-json\/wp\/v2\/comments?post=11146"}],"wp:featuredmedia":[{"embeddable":true,"href":"https:\/\/nordicmart.andreevmaster.com\/sv\/wp-json\/wp\/v2\/media\/39556"}],"wp:attachment":[{"href":"https:\/\/nordicmart.andreevmaster.com\/sv\/wp-json\/wp\/v2\/media?parent=11146"}],"wp:term":[{"taxonomy":"product_brand","embeddable":true,"href":"https:\/\/nordicmart.andreevmaster.com\/sv\/wp-json\/wp\/v2\/product_brand?post=11146"},{"taxonomy":"product_cat","embeddable":true,"href":"https:\/\/nordicmart.andreevmaster.com\/sv\/wp-json\/wp\/v2\/product_cat?post=11146"},{"taxonomy":"product_tag","embeddable":true,"href":"https:\/\/nordicmart.andreevmaster.com\/sv\/wp-json\/wp\/v2\/product_tag?post=11146"}],"curies":[{"name":"wp","href":"https:\/\/api.w.org\/{rel}","templated":true}]}}