{"id":11143,"date":"2026-02-27T00:09:30","date_gmt":"2026-02-27T00:09:30","guid":{"rendered":"https:\/\/nordicmart.andreevmaster.com\/product\/songmics-campingbadd-190-x-63-x-36-cm-gra\/"},"modified":"2026-02-27T08:04:43","modified_gmt":"2026-02-27T08:04:43","slug":"songmics-campingbadd-190-x-63-x-36-cm-gra","status":"publish","type":"product","link":"https:\/\/nordicmart.andreevmaster.com\/sv\/produkt\/songmics-campingbadd-190-x-63-x-36-cm-gra\/","title":{"rendered":"SONGMICS Campingb\u00e4dd 190 x 63 x 36 cm Gr\u00e5"},"content":{"rendered":"<p>Den T-formade kopplingsdelen ger \u00f6kad stabilitet Maximal statisk belastningskapacitet \u00e4r 260 kg Bekv\u00e4m liggyta 600 D Oxford-tyg, robust och fuktbest\u00e4ndigt L\u00e4tt att transportera F\u00e4ltb\u00e4dden kan f\u00e4llas ihop kompakt, vilket g\u00f6r den l\u00e4tt att transportera och f\u00f6rvara Tekniska detaljer F\u00e4rg: Gr\u00e5 Batterier ing\u00e5r: Nej Artikelvikt: 6,9 kg Produktvikt inkl. f\u00f6rpackning: 8,3 kg<\/p>\n","protected":false},"excerpt":{"rendered":"<p>SONGMICS campingb\u00e4dd, f\u00e4ltb\u00e4dd, max. statisk belastningskapacitet 260 kg, 190 x 63 x 36 cm<\/p>\n","protected":false},"featured_media":39553,"comment_status":"open","ping_status":"closed","template":"","meta":[],"product_brand":[],"product_cat":[33],"product_tag":[],"class_list":{"0":"post-11143","1":"product","2":"type-product","3":"status-publish","4":"has-post-thumbnail","6":"product_cat-okategoriserad","8":"first","9":"instock","10":"shipping-taxable","11":"purchasable","12":"product-type-simple"},"_links":{"self":[{"href":"https:\/\/nordicmart.andreevmaster.com\/sv\/wp-json\/wp\/v2\/product\/11143","targetHints":{"allow":["GET"]}}],"collection":[{"href":"https:\/\/nordicmart.andreevmaster.com\/sv\/wp-json\/wp\/v2\/product"}],"about":[{"href":"https:\/\/nordicmart.andreevmaster.com\/sv\/wp-json\/wp\/v2\/types\/product"}],"replies":[{"embeddable":true,"href":"https:\/\/nordicmart.andreevmaster.com\/sv\/wp-json\/wp\/v2\/comments?post=11143"}],"wp:featuredmedia":[{"embeddable":true,"href":"https:\/\/nordicmart.andreevmaster.com\/sv\/wp-json\/wp\/v2\/media\/39553"}],"wp:attachment":[{"href":"https:\/\/nordicmart.andreevmaster.com\/sv\/wp-json\/wp\/v2\/media?parent=11143"}],"wp:term":[{"taxonomy":"product_brand","embeddable":true,"href":"https:\/\/nordicmart.andreevmaster.com\/sv\/wp-json\/wp\/v2\/product_brand?post=11143"},{"taxonomy":"product_cat","embeddable":true,"href":"https:\/\/nordicmart.andreevmaster.com\/sv\/wp-json\/wp\/v2\/product_cat?post=11143"},{"taxonomy":"product_tag","embeddable":true,"href":"https:\/\/nordicmart.andreevmaster.com\/sv\/wp-json\/wp\/v2\/product_tag?post=11143"}],"curies":[{"name":"wp","href":"https:\/\/api.w.org\/{rel}","templated":true}]}}