{"id":11142,"date":"2026-02-27T00:09:30","date_gmt":"2026-02-27T00:09:30","guid":{"rendered":"https:\/\/nordicmart.andreevmaster.com\/product\/songmics-campingbadd-190-x-63-x-36-cm-svart\/"},"modified":"2026-02-27T08:04:43","modified_gmt":"2026-02-27T08:04:43","slug":"songmics-campingbadd-190-x-63-x-36-cm-svart","status":"publish","type":"product","link":"https:\/\/nordicmart.andreevmaster.com\/sv\/produkt\/songmics-campingbadd-190-x-63-x-36-cm-svart\/","title":{"rendered":"SONGMICS Campingb\u00e4dd 190 x 63 x 36 cm Svart"},"content":{"rendered":"<p>Vill du sova bekv\u00e4mt efter timmar av vandring? Beh\u00f6ver du en extra s\u00e4ng n\u00e4r din familj eller v\u00e4nner kommer p\u00e5 bes\u00f6k? Denna hopf\u00e4llbara s\u00e4ng kommer till din hj\u00e4lp. Tillverkad av robust j\u00e4rn och slitstarkt 600D Oxford-tyg, k\u00e4nnetecknas denna f\u00e4ltb\u00e4dd av sin h\u00f6ga belastningskapacitet (upp till 260 kg) och l\u00e5nga livsl\u00e4ngd. L\u00e4gg dig lugnt p\u00e5 denna s\u00e4ng och slappna av. Eftersom denna campings\u00e4ng \u00e4r hopf\u00e4llbar beh\u00f6ver du inte oroa dig f\u00f6r transporten. F\u00e4ll bara ihop s\u00e4ngen n\u00e4r den inte anv\u00e4nds och l\u00e4gg den i bagageutrymmet p\u00e5 din bil. Produktdetaljer: F\u00e4rg: Svart Material: J\u00e4rnram, Oxford-tyg, PP (polypropen) Total storlek: 190 x 63 x 36 cm (L x B x H) Storlek hopf\u00e4lld: 95 x 63 x 11 cm (L x B x H) Vikt: 7,4 kg Max. statisk belastningskapacitet: 260 kg Leveransomfattning: 1 x campingb\u00e4dd 1 x bruksanvisning (DE, EN, FR, ES, IT) SONGMICS Anm\u00e4rkningar: Produkten st\u00e5r stabilare om du st\u00e4ller den mot en v\u00e4gg.Produkten f\u00e5r inte komma i kontakt med vassa f\u00f6rem\u00e5l. Var f\u00f6rsiktig n\u00e4r du f\u00e4ller ihop s\u00e4ngen f\u00f6r att undvika att kl\u00e4mma fast h\u00e4nderna. Produktens liggyta \u00e4r inte avtagbar. Torka av ytan med en fuktig trasa eller anv\u00e4nd en borste f\u00f6r att reng\u00f6ra produkten. Vid behov kan du l\u00e4gga en filt p\u00e5 s\u00e4ngen f\u00f6r att \u00f6ka komforten.<\/p>\n","protected":false},"excerpt":{"rendered":"<p>SONGMICS campingb\u00e4dd, f\u00e4ltb\u00e4dd, max. statisk belastningskapacitet 260 kg, 190 x 63 x 36 cm<\/p>\n","protected":false},"featured_media":39552,"comment_status":"open","ping_status":"closed","template":"","meta":[],"product_brand":[],"product_cat":[33],"product_tag":[],"class_list":{"0":"post-11142","1":"product","2":"type-product","3":"status-publish","4":"has-post-thumbnail","6":"product_cat-okategoriserad","8":"first","9":"instock","10":"shipping-taxable","11":"purchasable","12":"product-type-simple"},"_links":{"self":[{"href":"https:\/\/nordicmart.andreevmaster.com\/sv\/wp-json\/wp\/v2\/product\/11142","targetHints":{"allow":["GET"]}}],"collection":[{"href":"https:\/\/nordicmart.andreevmaster.com\/sv\/wp-json\/wp\/v2\/product"}],"about":[{"href":"https:\/\/nordicmart.andreevmaster.com\/sv\/wp-json\/wp\/v2\/types\/product"}],"replies":[{"embeddable":true,"href":"https:\/\/nordicmart.andreevmaster.com\/sv\/wp-json\/wp\/v2\/comments?post=11142"}],"wp:featuredmedia":[{"embeddable":true,"href":"https:\/\/nordicmart.andreevmaster.com\/sv\/wp-json\/wp\/v2\/media\/39552"}],"wp:attachment":[{"href":"https:\/\/nordicmart.andreevmaster.com\/sv\/wp-json\/wp\/v2\/media?parent=11142"}],"wp:term":[{"taxonomy":"product_brand","embeddable":true,"href":"https:\/\/nordicmart.andreevmaster.com\/sv\/wp-json\/wp\/v2\/product_brand?post=11142"},{"taxonomy":"product_cat","embeddable":true,"href":"https:\/\/nordicmart.andreevmaster.com\/sv\/wp-json\/wp\/v2\/product_cat?post=11142"},{"taxonomy":"product_tag","embeddable":true,"href":"https:\/\/nordicmart.andreevmaster.com\/sv\/wp-json\/wp\/v2\/product_tag?post=11142"}],"curies":[{"name":"wp","href":"https:\/\/api.w.org\/{rel}","templated":true}]}}