{"id":11139,"date":"2026-02-27T00:09:29","date_gmt":"2026-02-27T00:09:29","guid":{"rendered":"https:\/\/nordicmart.andreevmaster.com\/product\/songmics-2-pack-strandstolar-med-steglost-justerbart-ryggstod\/"},"modified":"2026-02-27T08:04:43","modified_gmt":"2026-02-27T08:04:43","slug":"songmics-2-pack-strandstolar-med-steglost-justerbart-ryggstod","status":"publish","type":"product","link":"https:\/\/nordicmart.andreevmaster.com\/sv\/produkt\/songmics-2-pack-strandstolar-med-steglost-justerbart-ryggstod\/","title":{"rendered":"SONGMICS 2-pack strandstolar med stegl\u00f6st justerbart ryggst\u00f6d"},"content":{"rendered":"<p>SONGMICS 1-pack strandstolar med stegl\u00f6st justerbart ryggst\u00f6d<br \/>\nF\u00e4rg: Havsbl\u00e5<br \/>\nMaterial: F\u00f6rzinkat st\u00e5l, Oxford-tyg<br \/>\nStorlek: 158 x 55 cm (D x B)<br \/>\nStorlek hopf\u00e4lld: 57 x 7 x 56 cm (D x B x H)<br \/>\nVikt per strandstol: 1,9 kg<br \/>\nMax. statisk belastningskapacitet per strandstol: 150 kg<\/p>\n","protected":false},"excerpt":{"rendered":"<p>SONGMICS 1-pack strandstolar med stegl\u00f6st justerbart ryggst\u00f6d<\/p>\n","protected":false},"featured_media":39549,"comment_status":"open","ping_status":"closed","template":"","meta":[],"product_brand":[],"product_cat":[33],"product_tag":[],"class_list":{"0":"post-11139","1":"product","2":"type-product","3":"status-publish","4":"has-post-thumbnail","6":"product_cat-okategoriserad","8":"first","9":"instock","10":"shipping-taxable","11":"purchasable","12":"product-type-simple"},"_links":{"self":[{"href":"https:\/\/nordicmart.andreevmaster.com\/sv\/wp-json\/wp\/v2\/product\/11139","targetHints":{"allow":["GET"]}}],"collection":[{"href":"https:\/\/nordicmart.andreevmaster.com\/sv\/wp-json\/wp\/v2\/product"}],"about":[{"href":"https:\/\/nordicmart.andreevmaster.com\/sv\/wp-json\/wp\/v2\/types\/product"}],"replies":[{"embeddable":true,"href":"https:\/\/nordicmart.andreevmaster.com\/sv\/wp-json\/wp\/v2\/comments?post=11139"}],"wp:featuredmedia":[{"embeddable":true,"href":"https:\/\/nordicmart.andreevmaster.com\/sv\/wp-json\/wp\/v2\/media\/39549"}],"wp:attachment":[{"href":"https:\/\/nordicmart.andreevmaster.com\/sv\/wp-json\/wp\/v2\/media?parent=11139"}],"wp:term":[{"taxonomy":"product_brand","embeddable":true,"href":"https:\/\/nordicmart.andreevmaster.com\/sv\/wp-json\/wp\/v2\/product_brand?post=11139"},{"taxonomy":"product_cat","embeddable":true,"href":"https:\/\/nordicmart.andreevmaster.com\/sv\/wp-json\/wp\/v2\/product_cat?post=11139"},{"taxonomy":"product_tag","embeddable":true,"href":"https:\/\/nordicmart.andreevmaster.com\/sv\/wp-json\/wp\/v2\/product_tag?post=11139"}],"curies":[{"name":"wp","href":"https:\/\/api.w.org\/{rel}","templated":true}]}}