{"id":11138,"date":"2026-02-27T00:09:29","date_gmt":"2026-02-27T00:09:29","guid":{"rendered":"https:\/\/nordicmart.andreevmaster.com\/product\/songmics-campingstol-med-dryckeshallare-svart-bla\/"},"modified":"2026-02-27T08:04:42","modified_gmt":"2026-02-27T08:04:42","slug":"songmics-campingstol-med-dryckeshallare-svart-bla","status":"publish","type":"product","link":"https:\/\/nordicmart.andreevmaster.com\/sv\/produkt\/songmics-campingstol-med-dryckeshallare-svart-bla\/","title":{"rendered":"SONGMICS campingstol med dryckesh\u00e5llare Svart-bl\u00e5"},"content":{"rendered":"<p>SONGMICS har utvecklat en serie utomhusstolar f\u00f6r att \u00f6ka din komfort n\u00e4r du kopplar av p\u00e5 stranden, p\u00e5 campingen eller i tr\u00e4dg\u00e5rden. Ha en trevlig semester! Passar \u00f6verallt Denna m\u00e5ngsidiga campingstol \u00e4r perfekt f\u00f6r camping. Men om du \u00e4r en passionerad fiskare kan du ocks\u00e5 ta med den till floden eller havet. Denna f\u00e4llbara stol \u00e4r ocks\u00e5 perfekt om du vill ha en picknick i parken med familjen. Bekv\u00e4m och praktisk Att njuta av din fritid till fullo efter en l\u00e5ng arbetsdag \u00e4r ibland precis vad du beh\u00f6ver! S\u00e4tt dig i denna bekv\u00e4ma campingstol med skumplastkl\u00e4dda armst\u00f6d och h\u00f6g ryggst\u00f6d. Planerar du en campingresa i naturen? Denna stol v\u00e4ger bara 5,5 kg! F\u00e4ll bara ihop den, l\u00e4gg den i den medf\u00f6ljande b\u00e4rv\u00e4skan och b\u00e4r den \u00f6ver axeln, s\u00e5 kan \u00e4ventyret b\u00f6rja! Om du \u00e4r en natur- och friluftsentusiast, ta en titt p\u00e5 de andra utomhusstolarna fr\u00e5n SONGMICS! Produktdetaljer:- F\u00e4rg: r\u00f6d och svart &#8211; Material: 600D Oxford-tyg, pulverlackerade j\u00e4rnr\u00f6r, skumplast &#8211; M\u00e5tt: 90 x 60 x 103 cm (L x B x H) &#8211; Vikt: 5,5 kg &#8211; Max. belastningskapacitet: 150 kg Leveransomfattning: &#8211; 1 x campingstol &#8211; 1 x b\u00e4rv\u00e4ska SONGMICS Anm\u00e4rkningar:- Produkten f\u00e5r inte komma i kontakt med vassa eller spetsiga f\u00f6rem\u00e5l.<\/p>\n","protected":false},"excerpt":{"rendered":"<p>SONGMICS campingstol, hopf\u00e4llbar, f\u00e4llbar stol med h\u00f6g ryggst\u00f6d, med flaskh\u00e5llare och kylv\u00e4ska, bekv\u00e4m, robust stativ, belastningskapacitet upp till 250 kg, utomhusstol, bl\u00e5 och svart GCB10UB<\/p>\n","protected":false},"featured_media":39548,"comment_status":"open","ping_status":"closed","template":"","meta":[],"product_brand":[],"product_cat":[33],"product_tag":[],"class_list":{"0":"post-11138","1":"product","2":"type-product","3":"status-publish","4":"has-post-thumbnail","6":"product_cat-okategoriserad","8":"first","9":"instock","10":"shipping-taxable","11":"purchasable","12":"product-type-simple"},"_links":{"self":[{"href":"https:\/\/nordicmart.andreevmaster.com\/sv\/wp-json\/wp\/v2\/product\/11138","targetHints":{"allow":["GET"]}}],"collection":[{"href":"https:\/\/nordicmart.andreevmaster.com\/sv\/wp-json\/wp\/v2\/product"}],"about":[{"href":"https:\/\/nordicmart.andreevmaster.com\/sv\/wp-json\/wp\/v2\/types\/product"}],"replies":[{"embeddable":true,"href":"https:\/\/nordicmart.andreevmaster.com\/sv\/wp-json\/wp\/v2\/comments?post=11138"}],"wp:featuredmedia":[{"embeddable":true,"href":"https:\/\/nordicmart.andreevmaster.com\/sv\/wp-json\/wp\/v2\/media\/39548"}],"wp:attachment":[{"href":"https:\/\/nordicmart.andreevmaster.com\/sv\/wp-json\/wp\/v2\/media?parent=11138"}],"wp:term":[{"taxonomy":"product_brand","embeddable":true,"href":"https:\/\/nordicmart.andreevmaster.com\/sv\/wp-json\/wp\/v2\/product_brand?post=11138"},{"taxonomy":"product_cat","embeddable":true,"href":"https:\/\/nordicmart.andreevmaster.com\/sv\/wp-json\/wp\/v2\/product_cat?post=11138"},{"taxonomy":"product_tag","embeddable":true,"href":"https:\/\/nordicmart.andreevmaster.com\/sv\/wp-json\/wp\/v2\/product_tag?post=11138"}],"curies":[{"name":"wp","href":"https:\/\/api.w.org\/{rel}","templated":true}]}}