{"id":11133,"date":"2026-02-27T00:09:28","date_gmt":"2026-02-27T00:09:28","guid":{"rendered":"https:\/\/nordicmart.andreevmaster.com\/product\/songmics-campingstolar-med-armstod-2-pack\/"},"modified":"2026-02-27T08:04:42","modified_gmt":"2026-02-27T08:04:42","slug":"songmics-campingstolar-med-armstod-2-pack","status":"publish","type":"product","link":"https:\/\/nordicmart.andreevmaster.com\/sv\/produkt\/songmics-campingstolar-med-armstod-2-pack\/","title":{"rendered":"SONGMICS campingstolar med armst\u00f6d, 2-pack"},"content":{"rendered":"<p>Produktdetaljer: F\u00e4rg: M\u00f6rkbl\u00e5 Material: J\u00e4rnstomme, 600D Oxford-tyg Total storlek: 81 x 70 x 91 cm (L x B x H) F\u00f6rpackningsstorlek: 98 x 17 x 15 cm Vikt: 3,8 kg Max. statisk belastningskapacitet: 150 kg Leveransomfattning: 1 x campingstol 1 x transportv\u00e4ska SONGICS Anm\u00e4rkningar: Campingstolens maximala belastningskapacitet \u00e4r 150 kg. \u00d6verskrid inte denna maximala vikt. F\u00e4ll ut campingstolen helt innan anv\u00e4ndning. Skydda produkten fr\u00e5n regn och uts\u00e4tt inte campingstolen f\u00f6r starkt solljus under l\u00e4ngre tid.<\/p>\n","protected":false},"excerpt":{"rendered":"<p>SONGMICS campingstol, f\u00e4llbar stol, utomhusstol med armst\u00f6d, nackst\u00f6d och dryckesh\u00e5llare, stabil ram, belastningskapacitet upp till 150 kg, svart GCB09BK<\/p>\n","protected":false},"featured_media":39544,"comment_status":"open","ping_status":"closed","template":"","meta":[],"product_brand":[],"product_cat":[33],"product_tag":[],"class_list":{"0":"post-11133","1":"product","2":"type-product","3":"status-publish","4":"has-post-thumbnail","6":"product_cat-okategoriserad","8":"first","9":"instock","10":"shipping-taxable","11":"purchasable","12":"product-type-simple"},"_links":{"self":[{"href":"https:\/\/nordicmart.andreevmaster.com\/sv\/wp-json\/wp\/v2\/product\/11133","targetHints":{"allow":["GET"]}}],"collection":[{"href":"https:\/\/nordicmart.andreevmaster.com\/sv\/wp-json\/wp\/v2\/product"}],"about":[{"href":"https:\/\/nordicmart.andreevmaster.com\/sv\/wp-json\/wp\/v2\/types\/product"}],"replies":[{"embeddable":true,"href":"https:\/\/nordicmart.andreevmaster.com\/sv\/wp-json\/wp\/v2\/comments?post=11133"}],"wp:featuredmedia":[{"embeddable":true,"href":"https:\/\/nordicmart.andreevmaster.com\/sv\/wp-json\/wp\/v2\/media\/39544"}],"wp:attachment":[{"href":"https:\/\/nordicmart.andreevmaster.com\/sv\/wp-json\/wp\/v2\/media?parent=11133"}],"wp:term":[{"taxonomy":"product_brand","embeddable":true,"href":"https:\/\/nordicmart.andreevmaster.com\/sv\/wp-json\/wp\/v2\/product_brand?post=11133"},{"taxonomy":"product_cat","embeddable":true,"href":"https:\/\/nordicmart.andreevmaster.com\/sv\/wp-json\/wp\/v2\/product_cat?post=11133"},{"taxonomy":"product_tag","embeddable":true,"href":"https:\/\/nordicmart.andreevmaster.com\/sv\/wp-json\/wp\/v2\/product_tag?post=11133"}],"curies":[{"name":"wp","href":"https:\/\/api.w.org\/{rel}","templated":true}]}}