{"id":11132,"date":"2026-02-27T00:09:28","date_gmt":"2026-02-27T00:09:28","guid":{"rendered":"https:\/\/nordicmart.andreevmaster.com\/product\/songmics-campingstol-gron\/"},"modified":"2026-02-27T08:04:41","modified_gmt":"2026-02-27T08:04:41","slug":"songmics-campingstol-gron","status":"publish","type":"product","link":"https:\/\/nordicmart.andreevmaster.com\/sv\/produkt\/songmics-campingstol-gron\/","title":{"rendered":"SONGMICS campingstol gr\u00f6n"},"content":{"rendered":"<p>Fly fr\u00e5n det stressiga arbetslivet och njut av naturen. F\u00f6r att ge dig komfort \u00e4ven utomhus har SONGMICS utvecklat en serie campingstolar. S\u00e4tt dig i en av dessa stolar och koppla av kropp och sj\u00e4l. Komfort i handbagaget Efter en l\u00e5ng dag full av aktiviteter vill du s\u00e4kert bara s\u00e4tta dig i denna utomhusstol, som har ett mjukt nackst\u00f6d och praktiska armst\u00f6d, och koppla av. Planerar du en resa och destinationen ligger l\u00e5ngt fr\u00e5n campingen? Denna stol v\u00e4ger bara 3,8 kg. F\u00e4ll bara ihop den och ta med den! Vart du vill Denna f\u00e4llbara stol \u00e4r sv\u00e5r att \u00f6vertr\u00e4ffa n\u00e4r det g\u00e4ller m\u00e5ngsidighet. Den \u00e4r perfekt f\u00f6r campingutflykter. Men om du \u00e4r en passionerad fiskare kan du ocks\u00e5 ta med den till floden eller havet. Dessutom \u00e4r denna f\u00e4llbara stol perfekt om du vill ha en picknick i parken med familjen. Produktdetaljer: &#8211; F\u00e4rg: Gr\u00f6n &#8211; Material: J\u00e4rnram, 600D Oxford-tyg &#8211; Total storlek: 81 x 70 x 91 cm (L x B x H) &#8211; F\u00f6rpackningsstorlek: 98 x 17 x 15 cm &#8211; Vikt: 3,8 kg &#8211; Max. statisk belastningskapacitet: 150 kg Leveransomfattning:- 1 x campingstol &#8211; 1 x transportv\u00e4ska SONGMICS Anm\u00e4rkningar: &#8211; Campingstolens maximala belastningskapacitet \u00e4r 150 kg. \u00d6verskrid inte denna maximala vikt. &#8211; F\u00e4ll ut campingstolen helt innan anv\u00e4ndning. &#8211; Skydda produkten fr\u00e5n regn; uts\u00e4tt inte campingstolen f\u00f6r starkt solljus under en l\u00e4ngre tid.<\/p>\n","protected":false},"excerpt":{"rendered":"<p>SONGMICS campingstol, f\u00e4llbar stol, utomhusstol med armst\u00f6d, nackst\u00f6d och dryckesh\u00e5llare, stabil ram, belastningskapacitet upp till 150 kg, svart GCB09BK<\/p>\n","protected":false},"featured_media":39543,"comment_status":"open","ping_status":"closed","template":"","meta":[],"product_brand":[],"product_cat":[33],"product_tag":[],"class_list":{"0":"post-11132","1":"product","2":"type-product","3":"status-publish","4":"has-post-thumbnail","6":"product_cat-okategoriserad","8":"first","9":"instock","10":"shipping-taxable","11":"purchasable","12":"product-type-simple"},"_links":{"self":[{"href":"https:\/\/nordicmart.andreevmaster.com\/sv\/wp-json\/wp\/v2\/product\/11132","targetHints":{"allow":["GET"]}}],"collection":[{"href":"https:\/\/nordicmart.andreevmaster.com\/sv\/wp-json\/wp\/v2\/product"}],"about":[{"href":"https:\/\/nordicmart.andreevmaster.com\/sv\/wp-json\/wp\/v2\/types\/product"}],"replies":[{"embeddable":true,"href":"https:\/\/nordicmart.andreevmaster.com\/sv\/wp-json\/wp\/v2\/comments?post=11132"}],"wp:featuredmedia":[{"embeddable":true,"href":"https:\/\/nordicmart.andreevmaster.com\/sv\/wp-json\/wp\/v2\/media\/39543"}],"wp:attachment":[{"href":"https:\/\/nordicmart.andreevmaster.com\/sv\/wp-json\/wp\/v2\/media?parent=11132"}],"wp:term":[{"taxonomy":"product_brand","embeddable":true,"href":"https:\/\/nordicmart.andreevmaster.com\/sv\/wp-json\/wp\/v2\/product_brand?post=11132"},{"taxonomy":"product_cat","embeddable":true,"href":"https:\/\/nordicmart.andreevmaster.com\/sv\/wp-json\/wp\/v2\/product_cat?post=11132"},{"taxonomy":"product_tag","embeddable":true,"href":"https:\/\/nordicmart.andreevmaster.com\/sv\/wp-json\/wp\/v2\/product_tag?post=11132"}],"curies":[{"name":"wp","href":"https:\/\/api.w.org\/{rel}","templated":true}]}}