{"id":11131,"date":"2026-02-27T00:09:28","date_gmt":"2026-02-27T00:09:28","guid":{"rendered":"https:\/\/nordicmart.andreevmaster.com\/product\/songmics-campingstol-2-pack-med-dryckeshallare-morkgron\/"},"modified":"2026-02-27T08:04:41","modified_gmt":"2026-02-27T08:04:41","slug":"songmics-campingstol-2-pack-med-dryckeshallare-morkgron","status":"publish","type":"product","link":"https:\/\/nordicmart.andreevmaster.com\/sv\/produkt\/songmics-campingstol-2-pack-med-dryckeshallare-morkgron\/","title":{"rendered":"SONGMICS Campingstol 2-pack med dryckesh\u00e5llare m\u00f6rkgr\u00f6n"},"content":{"rendered":"<p>SONGMICS campingstol, 2-pack, hopf\u00e4llbar, bekv\u00e4m, hopf\u00e4llbar stol med robust stativ, belastningskapacitet upp till 150 kg, med flaskh\u00e5llare, utomhusstol, bl\u00e5 GCB08BU, XL<br \/>\nF\u00e4rg: m\u00f6rkgr\u00f6n<br \/>\nMaterial: st\u00e5l, Oxford-tyg<br \/>\nStorlek per stol: 54 x 86 x 97 cm (D x B x H)<br \/>\nStorlek per stol i hopf\u00e4llt l\u00e4ge: 13 x 90 x 13 cm (D x B x H)<br \/>\nSitsens storlek: 42 x 42 cm (D x B)<br \/>\nRyggst\u00f6dets h\u00f6jd: 54 cm<br \/>\nAvst\u00e5nd mellan sits och golv: 43 cm<br \/>\nVikt per stol: 5,2 kg<br \/>\nMax. statisk belastningskapacitet per stol: 150 kg<\/p>\n","protected":false},"excerpt":{"rendered":"<p>SONGMICS campingstol, 2-pack, hopf\u00e4llbar, bekv\u00e4m, hopf\u00e4llbar stol med robust stativ, belastningskapacitet upp till 150 kg, med flaskh\u00e5llare, utomhusstol, bl\u00e5 GCB08BU, XL<\/p>\n","protected":false},"featured_media":39542,"comment_status":"open","ping_status":"closed","template":"","meta":[],"product_brand":[],"product_cat":[33],"product_tag":[],"class_list":{"0":"post-11131","1":"product","2":"type-product","3":"status-publish","4":"has-post-thumbnail","6":"product_cat-okategoriserad","8":"first","9":"instock","10":"shipping-taxable","11":"purchasable","12":"product-type-simple"},"_links":{"self":[{"href":"https:\/\/nordicmart.andreevmaster.com\/sv\/wp-json\/wp\/v2\/product\/11131","targetHints":{"allow":["GET"]}}],"collection":[{"href":"https:\/\/nordicmart.andreevmaster.com\/sv\/wp-json\/wp\/v2\/product"}],"about":[{"href":"https:\/\/nordicmart.andreevmaster.com\/sv\/wp-json\/wp\/v2\/types\/product"}],"replies":[{"embeddable":true,"href":"https:\/\/nordicmart.andreevmaster.com\/sv\/wp-json\/wp\/v2\/comments?post=11131"}],"wp:featuredmedia":[{"embeddable":true,"href":"https:\/\/nordicmart.andreevmaster.com\/sv\/wp-json\/wp\/v2\/media\/39542"}],"wp:attachment":[{"href":"https:\/\/nordicmart.andreevmaster.com\/sv\/wp-json\/wp\/v2\/media?parent=11131"}],"wp:term":[{"taxonomy":"product_brand","embeddable":true,"href":"https:\/\/nordicmart.andreevmaster.com\/sv\/wp-json\/wp\/v2\/product_brand?post=11131"},{"taxonomy":"product_cat","embeddable":true,"href":"https:\/\/nordicmart.andreevmaster.com\/sv\/wp-json\/wp\/v2\/product_cat?post=11131"},{"taxonomy":"product_tag","embeddable":true,"href":"https:\/\/nordicmart.andreevmaster.com\/sv\/wp-json\/wp\/v2\/product_tag?post=11131"}],"curies":[{"name":"wp","href":"https:\/\/api.w.org\/{rel}","templated":true}]}}