{"id":11129,"date":"2026-02-27T00:09:27","date_gmt":"2026-02-27T00:09:27","guid":{"rendered":"https:\/\/nordicmart.andreevmaster.com\/product\/songmics-campingstol-2-pack\/"},"modified":"2026-02-27T08:04:41","modified_gmt":"2026-02-27T08:04:41","slug":"songmics-campingstol-2-pack","status":"publish","type":"product","link":"https:\/\/nordicmart.andreevmaster.com\/sv\/produkt\/songmics-campingstol-2-pack\/","title":{"rendered":"SONGMICS Campingstol 2-pack"},"content":{"rendered":"<p>Bekv\u00e4m och praktisk: Att njuta av din fritid till fullo efter en l\u00e5ng arbetsdag \u00e4r ibland precis vad du beh\u00f6ver! S\u00e4tt dig i denna bekv\u00e4ma campingstol och st\u00e4ll din vattenflaska i flaskh\u00e5llaren. Planerar du en campingtur i naturen? Denna stol v\u00e4ger bara 3,2 kg. F\u00e4ll ihop den, l\u00e4gg den i den medf\u00f6ljande b\u00e4rv\u00e4skan och b\u00e4r den \u00f6ver axeln, s\u00e5 kan \u00e4ventyret b\u00f6rja! Om du \u00e4r en natur- och friluftsentusiast, ta ocks\u00e5 en titt p\u00e5 de andra utomhusstolarna fr\u00e5n SONGMICS! Produktdetaljer:F\u00e4rg: Svart Material: 600D Oxford-tyg, pulverlackerade j\u00e4rnr\u00f6r M\u00e5tt: 76 x 51,5 x 95,5 cm (L x B x H) Vikt per stol: 3,2 kg Max. belastningskapacitet per stol: 150 kg Leveransomfattning: 2 x campingstol 2 x b\u00e4rv\u00e4ska SONGMICS Anm\u00e4rkningar:Produkten f\u00e5r inte komma i kontakt med vassa eller spetsiga f\u00f6rem\u00e5l.<\/p>\n","protected":false},"excerpt":{"rendered":"<p>SONGMICS campingstol, 2-pack, hopf\u00e4llbar, bekv\u00e4m, hopf\u00e4llbar stol med robust stativ, belastningskapacitet upp till 150 kg, med flaskh\u00e5llare, utomhusstol, bl\u00e5 GCB08BU, XL<\/p>\n","protected":false},"featured_media":39540,"comment_status":"open","ping_status":"closed","template":"","meta":[],"product_brand":[],"product_cat":[33],"product_tag":[],"class_list":{"0":"post-11129","1":"product","2":"type-product","3":"status-publish","4":"has-post-thumbnail","6":"product_cat-okategoriserad","8":"first","9":"instock","10":"shipping-taxable","11":"purchasable","12":"product-type-simple"},"_links":{"self":[{"href":"https:\/\/nordicmart.andreevmaster.com\/sv\/wp-json\/wp\/v2\/product\/11129","targetHints":{"allow":["GET"]}}],"collection":[{"href":"https:\/\/nordicmart.andreevmaster.com\/sv\/wp-json\/wp\/v2\/product"}],"about":[{"href":"https:\/\/nordicmart.andreevmaster.com\/sv\/wp-json\/wp\/v2\/types\/product"}],"replies":[{"embeddable":true,"href":"https:\/\/nordicmart.andreevmaster.com\/sv\/wp-json\/wp\/v2\/comments?post=11129"}],"wp:featuredmedia":[{"embeddable":true,"href":"https:\/\/nordicmart.andreevmaster.com\/sv\/wp-json\/wp\/v2\/media\/39540"}],"wp:attachment":[{"href":"https:\/\/nordicmart.andreevmaster.com\/sv\/wp-json\/wp\/v2\/media?parent=11129"}],"wp:term":[{"taxonomy":"product_brand","embeddable":true,"href":"https:\/\/nordicmart.andreevmaster.com\/sv\/wp-json\/wp\/v2\/product_brand?post=11129"},{"taxonomy":"product_cat","embeddable":true,"href":"https:\/\/nordicmart.andreevmaster.com\/sv\/wp-json\/wp\/v2\/product_cat?post=11129"},{"taxonomy":"product_tag","embeddable":true,"href":"https:\/\/nordicmart.andreevmaster.com\/sv\/wp-json\/wp\/v2\/product_tag?post=11129"}],"curies":[{"name":"wp","href":"https:\/\/api.w.org\/{rel}","templated":true}]}}