{"id":11126,"date":"2026-02-27T00:09:27","date_gmt":"2026-02-27T00:09:27","guid":{"rendered":"https:\/\/nordicmart.andreevmaster.com\/product\/songmics-fallbar-campingstol-bla\/"},"modified":"2026-02-27T08:04:40","modified_gmt":"2026-02-27T08:04:40","slug":"songmics-fallbar-campingstol-bla","status":"publish","type":"product","link":"https:\/\/nordicmart.andreevmaster.com\/sv\/produkt\/songmics-fallbar-campingstol-bla\/","title":{"rendered":"SONGMICS F\u00e4llbar campingstol bl\u00e5"},"content":{"rendered":"<p>SONGMICS har utvecklat en serie utomhusstolar f\u00f6r att \u00f6ka din komfort n\u00e4r du kopplar av p\u00e5 stranden, p\u00e5 campingen eller i tr\u00e4dg\u00e5rden. Ha en trevlig semester! Passar \u00f6verallt Denna m\u00e5ngsidiga campingstol \u00e4r perfekt f\u00f6r camping. Men om du \u00e4r en passionerad fiskare kan du ocks\u00e5 ta med den till floden eller havet. Denna hopf\u00e4llbara stol \u00e4r ocks\u00e5 perfekt n\u00e4r du vill ha en picknick i parken med familjen. Bekv\u00e4m och praktisk\u00c4ven utomhus f\u00e5r bekv\u00e4mligheten inte komma i kl\u00e4m. V\u00e5r campingstol \u00e4r d\u00e4rf\u00f6r stoppad med skumplast f\u00f6r att ge dig maximal sittkomfort. Den \u00e4r dessutom utrustad med en dryckesh\u00e5llare s\u00e5 att du kan ha din favoritdryck n\u00e4ra till hands. Dessa f\u00f6rdelar \u00e4r bara toppen av isberget! Du kan dessutom f\u00e4lla ihop stolen och f\u00f6rvara den i den medf\u00f6ljande b\u00e4rv\u00e4skan \u2013 den tar bara lite plats, s\u00e5 du kan enkelt l\u00e4gga den i bagageutrymmet p\u00e5 din bil och ta med den \u00f6verallt! Om du vill \u00e5ka p\u00e5 en \u00e4ventyrsresa med din partner kanske du ska best\u00e4lla tv\u00e5 stolar! Eller ta en titt p\u00e5 de andra utomhusstolarna fr\u00e5n SONGMICS! Produktdetaljer: &#8211; F\u00e4rg: bl\u00e5, gr\u00e5 &#8211; Material: 600D Oxford-tyg, skumplaststoppning, pulverlackerade j\u00e4rnr\u00f6r &#8211; M\u00e5tt: 90 x 55 x 102 cm (L x B x H) &#8211; Vikt: 4,7 kg &#8211; Max. belastningskapacitet: 250 kg Leveransomfattning: &#8211; 1 x campingstol &#8211; 1 x b\u00e4rv\u00e4ska SONGMICS Anm\u00e4rkningar: &#8211; Produkten f\u00e5r inte komma i kontakt med vassa eller spetsiga f\u00f6rem\u00e5l.<\/p>\n","protected":false},"excerpt":{"rendered":"<p>SONGMICS campingstol, hopf\u00e4llbar, f\u00e4llbar stol, bekv\u00e4m sits med skumplaststoppning, med flaskh\u00e5llare, h\u00f6g belastningskapacitet, max. belastningskapacitet 250 kg, utomhusstol, bl\u00e5 GCB06BU<\/p>\n","protected":false},"featured_media":39537,"comment_status":"open","ping_status":"closed","template":"","meta":[],"product_brand":[],"product_cat":[33],"product_tag":[],"class_list":{"0":"post-11126","1":"product","2":"type-product","3":"status-publish","4":"has-post-thumbnail","6":"product_cat-okategoriserad","8":"first","9":"instock","10":"shipping-taxable","11":"purchasable","12":"product-type-simple"},"_links":{"self":[{"href":"https:\/\/nordicmart.andreevmaster.com\/sv\/wp-json\/wp\/v2\/product\/11126","targetHints":{"allow":["GET"]}}],"collection":[{"href":"https:\/\/nordicmart.andreevmaster.com\/sv\/wp-json\/wp\/v2\/product"}],"about":[{"href":"https:\/\/nordicmart.andreevmaster.com\/sv\/wp-json\/wp\/v2\/types\/product"}],"replies":[{"embeddable":true,"href":"https:\/\/nordicmart.andreevmaster.com\/sv\/wp-json\/wp\/v2\/comments?post=11126"}],"wp:featuredmedia":[{"embeddable":true,"href":"https:\/\/nordicmart.andreevmaster.com\/sv\/wp-json\/wp\/v2\/media\/39537"}],"wp:attachment":[{"href":"https:\/\/nordicmart.andreevmaster.com\/sv\/wp-json\/wp\/v2\/media?parent=11126"}],"wp:term":[{"taxonomy":"product_brand","embeddable":true,"href":"https:\/\/nordicmart.andreevmaster.com\/sv\/wp-json\/wp\/v2\/product_brand?post=11126"},{"taxonomy":"product_cat","embeddable":true,"href":"https:\/\/nordicmart.andreevmaster.com\/sv\/wp-json\/wp\/v2\/product_cat?post=11126"},{"taxonomy":"product_tag","embeddable":true,"href":"https:\/\/nordicmart.andreevmaster.com\/sv\/wp-json\/wp\/v2\/product_tag?post=11126"}],"curies":[{"name":"wp","href":"https:\/\/api.w.org\/{rel}","templated":true}]}}