{"id":11124,"date":"2026-02-27T00:09:26","date_gmt":"2026-02-27T00:09:26","guid":{"rendered":"https:\/\/nordicmart.andreevmaster.com\/product\/songmics-campingstol-med-skumplastkladd-sits\/"},"modified":"2026-02-27T08:04:40","modified_gmt":"2026-02-27T08:04:40","slug":"songmics-campingstol-med-skumplastkladd-sits","status":"publish","type":"product","link":"https:\/\/nordicmart.andreevmaster.com\/sv\/produkt\/songmics-campingstol-med-skumplastkladd-sits\/","title":{"rendered":"SONGMICS campingstol med skumplastkl\u00e4dd sits"},"content":{"rendered":"<p>SONGMICS campingstol, hopf\u00e4llbar, f\u00e4llbar stol, bekv\u00e4m sits med skumplaststoppning, med flaskh\u00e5llare, h\u00f6g belastningskapacitet, max. belastningskapacitet 250 kg, utomhusstol, bl\u00e5 GCB06BU<br \/>\nF\u00e4rg: r\u00f6d<br \/>\nMaterial: 600D Oxford-tyg, skumplastkl\u00e4dsel, pulverlackerade metallr\u00f6r<br \/>\nStorlek per stol: 90 x 55 x 102 cm (L x B x H)<br \/>\nVikt per stol: 4,7 kg<br \/>\nMax. statisk belastningskapacitet per stol: 250 kg<\/p>\n","protected":false},"excerpt":{"rendered":"<p>SONGMICS campingstol, hopf\u00e4llbar, f\u00e4llbar stol, bekv\u00e4m sits med skumplaststoppning, med flaskh\u00e5llare, h\u00f6g belastningskapacitet, max. belastningskapacitet 250 kg, utomhusstol, bl\u00e5 GCB06BU<\/p>\n","protected":false},"featured_media":39535,"comment_status":"open","ping_status":"closed","template":"","meta":[],"product_brand":[],"product_cat":[33],"product_tag":[],"class_list":{"0":"post-11124","1":"product","2":"type-product","3":"status-publish","4":"has-post-thumbnail","6":"product_cat-okategoriserad","8":"first","9":"instock","10":"shipping-taxable","11":"purchasable","12":"product-type-simple"},"_links":{"self":[{"href":"https:\/\/nordicmart.andreevmaster.com\/sv\/wp-json\/wp\/v2\/product\/11124","targetHints":{"allow":["GET"]}}],"collection":[{"href":"https:\/\/nordicmart.andreevmaster.com\/sv\/wp-json\/wp\/v2\/product"}],"about":[{"href":"https:\/\/nordicmart.andreevmaster.com\/sv\/wp-json\/wp\/v2\/types\/product"}],"replies":[{"embeddable":true,"href":"https:\/\/nordicmart.andreevmaster.com\/sv\/wp-json\/wp\/v2\/comments?post=11124"}],"wp:featuredmedia":[{"embeddable":true,"href":"https:\/\/nordicmart.andreevmaster.com\/sv\/wp-json\/wp\/v2\/media\/39535"}],"wp:attachment":[{"href":"https:\/\/nordicmart.andreevmaster.com\/sv\/wp-json\/wp\/v2\/media?parent=11124"}],"wp:term":[{"taxonomy":"product_brand","embeddable":true,"href":"https:\/\/nordicmart.andreevmaster.com\/sv\/wp-json\/wp\/v2\/product_brand?post=11124"},{"taxonomy":"product_cat","embeddable":true,"href":"https:\/\/nordicmart.andreevmaster.com\/sv\/wp-json\/wp\/v2\/product_cat?post=11124"},{"taxonomy":"product_tag","embeddable":true,"href":"https:\/\/nordicmart.andreevmaster.com\/sv\/wp-json\/wp\/v2\/product_tag?post=11124"}],"curies":[{"name":"wp","href":"https:\/\/api.w.org\/{rel}","templated":true}]}}