{"id":11123,"date":"2026-02-27T00:09:26","date_gmt":"2026-02-27T00:09:26","guid":{"rendered":"https:\/\/nordicmart.andreevmaster.com\/product\/songmics-campingstol-med-dryckeshallare-och-skumplastkladsel-hamnbla\/"},"modified":"2026-02-27T08:04:40","modified_gmt":"2026-02-27T08:04:40","slug":"songmics-campingstol-med-dryckeshallare-och-skumplastkladsel-hamnbla","status":"publish","type":"product","link":"https:\/\/nordicmart.andreevmaster.com\/sv\/produkt\/songmics-campingstol-med-dryckeshallare-och-skumplastkladsel-hamnbla\/","title":{"rendered":"SONGMICS campingstol med dryckesh\u00e5llare och skumplastkl\u00e4dsel hamnbl\u00e5"},"content":{"rendered":"<p>SONGMICS campingstol, f\u00e4llbar stol med dryckesh\u00e5llare, fiskestol, skumplastkl\u00e4dsel, f\u00e4llbar, belastningskapacitet upp till 205 kg, utomhusstol, h\u00f6g ryggst\u00f6d<br \/>\nF\u00e4rg: hamnbl\u00e5<br \/>\nMaterial: metall, oxfordtyg, nylon<br \/>\nStorlek: 63 x 95 x 99,5 cm (D x B x H)<br \/>\nSitsens storlek: 63 x 63 cm (D x B)<br \/>\nVikt: 5,2 kg<br \/>\nMax. statisk belastningskapacitet: 205 kg<\/p>\n","protected":false},"excerpt":{"rendered":"<p>SONGMICS campingstol, f\u00e4llbar stol med dryckesh\u00e5llare, fiskestol, skumplastkl\u00e4dsel, f\u00e4llbar, belastningskapacitet upp till 205 kg, utomhusstol, h\u00f6g ryggst\u00f6d<\/p>\n","protected":false},"featured_media":39534,"comment_status":"open","ping_status":"closed","template":"","meta":[],"product_brand":[],"product_cat":[33],"product_tag":[],"class_list":{"0":"post-11123","1":"product","2":"type-product","3":"status-publish","4":"has-post-thumbnail","6":"product_cat-okategoriserad","8":"first","9":"instock","10":"shipping-taxable","11":"purchasable","12":"product-type-simple"},"_links":{"self":[{"href":"https:\/\/nordicmart.andreevmaster.com\/sv\/wp-json\/wp\/v2\/product\/11123","targetHints":{"allow":["GET"]}}],"collection":[{"href":"https:\/\/nordicmart.andreevmaster.com\/sv\/wp-json\/wp\/v2\/product"}],"about":[{"href":"https:\/\/nordicmart.andreevmaster.com\/sv\/wp-json\/wp\/v2\/types\/product"}],"replies":[{"embeddable":true,"href":"https:\/\/nordicmart.andreevmaster.com\/sv\/wp-json\/wp\/v2\/comments?post=11123"}],"wp:featuredmedia":[{"embeddable":true,"href":"https:\/\/nordicmart.andreevmaster.com\/sv\/wp-json\/wp\/v2\/media\/39534"}],"wp:attachment":[{"href":"https:\/\/nordicmart.andreevmaster.com\/sv\/wp-json\/wp\/v2\/media?parent=11123"}],"wp:term":[{"taxonomy":"product_brand","embeddable":true,"href":"https:\/\/nordicmart.andreevmaster.com\/sv\/wp-json\/wp\/v2\/product_brand?post=11123"},{"taxonomy":"product_cat","embeddable":true,"href":"https:\/\/nordicmart.andreevmaster.com\/sv\/wp-json\/wp\/v2\/product_cat?post=11123"},{"taxonomy":"product_tag","embeddable":true,"href":"https:\/\/nordicmart.andreevmaster.com\/sv\/wp-json\/wp\/v2\/product_tag?post=11123"}],"curies":[{"name":"wp","href":"https:\/\/api.w.org\/{rel}","templated":true}]}}