{"id":11120,"date":"2026-02-27T00:09:25","date_gmt":"2026-02-27T00:09:25","guid":{"rendered":"https:\/\/nordicmart.andreevmaster.com\/product\/songmics-hopfallbara-strandstolar-2-pack\/"},"modified":"2026-02-27T08:04:39","modified_gmt":"2026-02-27T08:04:39","slug":"songmics-hopfallbara-strandstolar-2-pack","status":"publish","type":"product","link":"https:\/\/nordicmart.andreevmaster.com\/sv\/produkt\/songmics-hopfallbara-strandstolar-2-pack\/","title":{"rendered":"SONGMICS hopf\u00e4llbara strandstolar, 2-pack"},"content":{"rendered":"<p>Produktdetaljer: F\u00e4rg: Bl\u00e5 Material: Aluminiumstomme, syntetfibertyg Total storlek: 57 x 59 x 71 cm (L x B x H) F\u00f6rpackningsstorlek: 66 x 59 x 9 cm Vikt: 2,5 kg Max. statisk belastningskapacitet: 150 kg Leveransomfattning: 1 x strandstol SONGMICS Anm\u00e4rkningar:Strandstolens maximala belastningskapacitet \u00e4r 150 kg. \u00d6verskrid inte denna maximala vikt. F\u00e4ll ut strandstolen helt innan anv\u00e4ndning.<\/p>\n","protected":false},"excerpt":{"rendered":"<p>SONGMICS strandstol, b\u00e4rbar f\u00e4llbar stol, ryggst\u00f6d 4-stegs justerbar, med armst\u00f6d, andningsbar och bekv\u00e4m, utomhusstol, gr\u00f6n GCB065C01<\/p>\n","protected":false},"featured_media":0,"comment_status":"open","ping_status":"closed","template":"","meta":[],"product_brand":[],"product_cat":[33],"product_tag":[],"class_list":{"0":"post-11120","1":"product","2":"type-product","3":"status-publish","5":"product_cat-okategoriserad","7":"first","8":"instock","9":"shipping-taxable","10":"purchasable","11":"product-type-simple"},"_links":{"self":[{"href":"https:\/\/nordicmart.andreevmaster.com\/sv\/wp-json\/wp\/v2\/product\/11120","targetHints":{"allow":["GET"]}}],"collection":[{"href":"https:\/\/nordicmart.andreevmaster.com\/sv\/wp-json\/wp\/v2\/product"}],"about":[{"href":"https:\/\/nordicmart.andreevmaster.com\/sv\/wp-json\/wp\/v2\/types\/product"}],"replies":[{"embeddable":true,"href":"https:\/\/nordicmart.andreevmaster.com\/sv\/wp-json\/wp\/v2\/comments?post=11120"}],"wp:attachment":[{"href":"https:\/\/nordicmart.andreevmaster.com\/sv\/wp-json\/wp\/v2\/media?parent=11120"}],"wp:term":[{"taxonomy":"product_brand","embeddable":true,"href":"https:\/\/nordicmart.andreevmaster.com\/sv\/wp-json\/wp\/v2\/product_brand?post=11120"},{"taxonomy":"product_cat","embeddable":true,"href":"https:\/\/nordicmart.andreevmaster.com\/sv\/wp-json\/wp\/v2\/product_cat?post=11120"},{"taxonomy":"product_tag","embeddable":true,"href":"https:\/\/nordicmart.andreevmaster.com\/sv\/wp-json\/wp\/v2\/product_tag?post=11120"}],"curies":[{"name":"wp","href":"https:\/\/api.w.org\/{rel}","templated":true}]}}