{"id":11118,"date":"2026-02-27T00:09:25","date_gmt":"2026-02-27T00:09:25","guid":{"rendered":"https:\/\/nordicmart.andreevmaster.com\/product\/songmics-campingstol-med-axelremmar-och-armstod-rod-vit\/"},"modified":"2026-02-27T08:04:39","modified_gmt":"2026-02-27T08:04:39","slug":"songmics-campingstol-med-axelremmar-och-armstod-rod-vit","status":"publish","type":"product","link":"https:\/\/nordicmart.andreevmaster.com\/sv\/produkt\/songmics-campingstol-med-axelremmar-och-armstod-rod-vit\/","title":{"rendered":"SONGMICS campingstol med axelremmar och armst\u00f6d r\u00f6d-vit"},"content":{"rendered":"<p>SONGMICS strandstol, campingstol, f\u00e4llbar stol, utomhusstol, b\u00e4rbar, med axelremmar, f\u00e4llbar, justerbart ryggst\u00f6d, med nackst\u00f6d, armst\u00f6d, 2 sidfickor<br \/>\nF\u00e4rg: r\u00f6d-vit<br \/>\nMaterial: aluminium, Oxford-tyg<br \/>\nStorlek i uppf\u00e4llt l\u00e4ge: 68 x 63 x 75 cm (D x B x H)<br \/>\nStorlek hopf\u00e4lld: 66,5 x 70 x 11 cm (D x B x H)<br \/>\nSitsens storlek: 48 x 39 cm (D x B)<br \/>\nRyggst\u00f6dets h\u00f6jd: 65 cm<br \/>\nAvst\u00e5nd mellan sittytan och golvet: 21 cm<br \/>\nVikt: 3,1 kg<br \/>\nMax. statisk belastningskapacitet: 150 kg<\/p>\n","protected":false},"excerpt":{"rendered":"<p>SONGMICS strandstol, campingstol, f\u00e4llbar stol, utomhusstol, b\u00e4rbar, med axelremmar, f\u00e4llbar, justerbart ryggst\u00f6d, med nackst\u00f6d, armst\u00f6d, 2 sidfickor<\/p>\n","protected":false},"featured_media":39531,"comment_status":"open","ping_status":"closed","template":"","meta":[],"product_brand":[],"product_cat":[33],"product_tag":[],"class_list":{"0":"post-11118","1":"product","2":"type-product","3":"status-publish","4":"has-post-thumbnail","6":"product_cat-okategoriserad","8":"first","9":"instock","10":"shipping-taxable","11":"purchasable","12":"product-type-simple"},"_links":{"self":[{"href":"https:\/\/nordicmart.andreevmaster.com\/sv\/wp-json\/wp\/v2\/product\/11118","targetHints":{"allow":["GET"]}}],"collection":[{"href":"https:\/\/nordicmart.andreevmaster.com\/sv\/wp-json\/wp\/v2\/product"}],"about":[{"href":"https:\/\/nordicmart.andreevmaster.com\/sv\/wp-json\/wp\/v2\/types\/product"}],"replies":[{"embeddable":true,"href":"https:\/\/nordicmart.andreevmaster.com\/sv\/wp-json\/wp\/v2\/comments?post=11118"}],"wp:featuredmedia":[{"embeddable":true,"href":"https:\/\/nordicmart.andreevmaster.com\/sv\/wp-json\/wp\/v2\/media\/39531"}],"wp:attachment":[{"href":"https:\/\/nordicmart.andreevmaster.com\/sv\/wp-json\/wp\/v2\/media?parent=11118"}],"wp:term":[{"taxonomy":"product_brand","embeddable":true,"href":"https:\/\/nordicmart.andreevmaster.com\/sv\/wp-json\/wp\/v2\/product_brand?post=11118"},{"taxonomy":"product_cat","embeddable":true,"href":"https:\/\/nordicmart.andreevmaster.com\/sv\/wp-json\/wp\/v2\/product_cat?post=11118"},{"taxonomy":"product_tag","embeddable":true,"href":"https:\/\/nordicmart.andreevmaster.com\/sv\/wp-json\/wp\/v2\/product_tag?post=11118"}],"curies":[{"name":"wp","href":"https:\/\/api.w.org\/{rel}","templated":true}]}}