{"id":11116,"date":"2026-02-27T00:09:25","date_gmt":"2026-02-27T00:09:25","guid":{"rendered":"https:\/\/nordicmart.andreevmaster.com\/product\/songmics-tradgardsstolar-2-pack-gra\/"},"modified":"2026-02-27T08:04:39","modified_gmt":"2026-02-27T08:04:39","slug":"songmics-tradgardsstolar-2-pack-gra","status":"publish","type":"product","link":"https:\/\/nordicmart.andreevmaster.com\/sv\/produkt\/songmics-tradgardsstolar-2-pack-gra\/","title":{"rendered":"SONGMICS tr\u00e4dg\u00e5rdsstolar, 2-pack, gr\u00e5"},"content":{"rendered":"<p>Letar du efter stolar som passar till ditt balkongbord? Vill du sola i din tr\u00e4dg\u00e5rd? Dessa tr\u00e4dg\u00e5rdsstolar fr\u00e5n SONGMICS kommer till din hj\u00e4lp! Ah! Vilken njutning! S\u00e4tt dig p\u00e5 en av dessa tr\u00e4dg\u00e5rdsstolar, luta dig tillbaka och koppla av i den friska luften. Sittytan av h\u00f6gkvalitativt syntetfibertyg \u00e4r andningsbar och k\u00e4nns behaglig, och det h\u00f6gkvalitativa j\u00e4rnst\u00e4llet garanterar l\u00e5ng livsl\u00e4ngd. Praktiska armst\u00f6d och justerbart ryggst\u00f6d \u2013 dessa tr\u00e4dg\u00e5rdsstolar erbjuder dig en perfekt plats att koppla av p\u00e5, njuta av kalla drycker p\u00e5 sommaren eller titta p\u00e5 en vacker solnedg\u00e5ng. St\u00e4ll dessa f\u00e4llbara stolar i din tr\u00e4dg\u00e5rd nu och g\u00f6r det bekv\u00e4mt f\u00f6r dig! Produktdetaljer: F\u00e4rg: Gr\u00e5 Material: J\u00e4rnstomme, syntetfiber Storlek per stol: 56 x 70 x 106 cm (L x B x H) F\u00f6rpackningsstorlek: 87 x 57 x 25 cm Vikt per stol: 5,1 kg Max. statisk belastningskapacitet per stol: 150 kg Leveransomfattning: 2 x tr\u00e4dg\u00e5rdsstol SONGMICS Anm\u00e4rkningar: Den maximala belastningskapaciteten per tr\u00e4dg\u00e5rdsstol \u00e4r 150 kg. \u00d6verskrid inte denna maximala vikt. F\u00e4ll ut tr\u00e4dg\u00e5rdsstolen helt innan anv\u00e4ndning. Skydda produkten fr\u00e5n regn; uts\u00e4tt inte tr\u00e4dg\u00e5rdsstolen f\u00f6r starkt solljus under l\u00e4ngre tid.<\/p>\n","protected":false},"excerpt":{"rendered":"<p>SONGMICS tr\u00e4dg\u00e5rdsstolar, 2-pack, f\u00e4llbara stolar, utomhusstolar med robust j\u00e4rnstomme, ryggst\u00f6d 8-stegs justerbart, belastningskapacitet upp till 150 kg, gr\u00e5 GCB03GYV1<\/p>\n","protected":false},"featured_media":39530,"comment_status":"open","ping_status":"closed","template":"","meta":[],"product_brand":[],"product_cat":[33],"product_tag":[],"class_list":{"0":"post-11116","1":"product","2":"type-product","3":"status-publish","4":"has-post-thumbnail","6":"product_cat-okategoriserad","8":"first","9":"instock","10":"shipping-taxable","11":"purchasable","12":"product-type-simple"},"_links":{"self":[{"href":"https:\/\/nordicmart.andreevmaster.com\/sv\/wp-json\/wp\/v2\/product\/11116","targetHints":{"allow":["GET"]}}],"collection":[{"href":"https:\/\/nordicmart.andreevmaster.com\/sv\/wp-json\/wp\/v2\/product"}],"about":[{"href":"https:\/\/nordicmart.andreevmaster.com\/sv\/wp-json\/wp\/v2\/types\/product"}],"replies":[{"embeddable":true,"href":"https:\/\/nordicmart.andreevmaster.com\/sv\/wp-json\/wp\/v2\/comments?post=11116"}],"wp:featuredmedia":[{"embeddable":true,"href":"https:\/\/nordicmart.andreevmaster.com\/sv\/wp-json\/wp\/v2\/media\/39530"}],"wp:attachment":[{"href":"https:\/\/nordicmart.andreevmaster.com\/sv\/wp-json\/wp\/v2\/media?parent=11116"}],"wp:term":[{"taxonomy":"product_brand","embeddable":true,"href":"https:\/\/nordicmart.andreevmaster.com\/sv\/wp-json\/wp\/v2\/product_brand?post=11116"},{"taxonomy":"product_cat","embeddable":true,"href":"https:\/\/nordicmart.andreevmaster.com\/sv\/wp-json\/wp\/v2\/product_cat?post=11116"},{"taxonomy":"product_tag","embeddable":true,"href":"https:\/\/nordicmart.andreevmaster.com\/sv\/wp-json\/wp\/v2\/product_tag?post=11116"}],"curies":[{"name":"wp","href":"https:\/\/api.w.org\/{rel}","templated":true}]}}