{"id":11115,"date":"2026-02-27T00:09:24","date_gmt":"2026-02-27T00:09:24","guid":{"rendered":"https:\/\/nordicmart.andreevmaster.com\/product\/havestole-saet-med-2-gra-2\/"},"modified":"2026-02-27T08:04:39","modified_gmt":"2026-02-27T08:04:39","slug":"havestole-saet-med-2-gra-2","status":"publish","type":"product","link":"https:\/\/nordicmart.andreevmaster.com\/sv\/produkt\/havestole-saet-med-2-gra-2\/","title":{"rendered":"Havestole s\u00e6t med 2 gr\u00e5"},"content":{"rendered":"<p>Letar du efter stolar som passar till ditt altanbord? Vill du sola i din tr\u00e4dg\u00e5rd? Dessa tr\u00e4dg\u00e5rdsstolar fr\u00e5n SONGMICS kommer till din unds\u00e4ttning! S\u00e4tt dig i en av dessa tr\u00e4dg\u00e5rdsstolar, luta dig tillbaka och koppla av i den friska luften. Den bak\u00e5tlutade ytan av h\u00f6gkvalitativt syntetfibertyg \u00e4r andningsbar och behaglig att ta p\u00e5, medan det f\u00f6rstklassiga j\u00e4rnst\u00e4llet garanterar l\u00e5ng livsl\u00e4ngd. Praktiska armst\u00f6d och justerbart ryggst\u00f6d \u2013 Dessa tr\u00e4dg\u00e5rdsstolar ger dig en perfekt plats att koppla av och njuta av kalla drycker p\u00e5 sommaren eller se en vacker solnedg\u00e5ng, s\u00e5 placera dessa f\u00e4llbara stolar i din tr\u00e4dg\u00e5rd nu och g\u00f6r det bekv\u00e4mt f\u00f6r dig!Produktdetaljer: F\u00e4rg: Gr\u00e5 Material: J\u00e4rnram, syntetiskt fibertyg Storlek per stol: 56 x 70 x 106 cm (L x B x H)F\u00f6rpackningsstorlek: 87 x 57 x 25 cmVikt per stol: 5,1 kgMax. statisk belastningskapacitet per stol: 150 kgLeveransomf\u00e5ng:2 x tr\u00e4dg\u00e5rdsstolSONGMICS Anm\u00e4rkningar:Den maximala belastningskapaciteten per tr\u00e4dg\u00e5rdsstol \u00e4r 150 kg. Vik ut tr\u00e4dg\u00e5rdsstolen helt f\u00f6re anv\u00e4ndning, skydda produkten mot regn och uts\u00e4tt inte tr\u00e4dg\u00e5rdsstolen f\u00f6r starkt solljus under l\u00e4ngre tid.<\/p>\n","protected":false},"excerpt":{"rendered":"<p>Letar du efter stolar som passar till ditt altanbord? Vill du sola i din tr\u00e4dg\u00e5rd? Dessa tr\u00e4dg\u00e5rdsstolar fr\u00e5n SONGMICS kommer till din unds\u00e4ttning! S\u00e4tt dig i en av dessa tr\u00e4dg\u00e5rdsstolar, luta dig tillbaka och koppla av i den friska luften. Den bak\u00e5tlutade ytan av h\u00f6gkvalitativt syntetfibertyg \u00e4r andningsbar och behaglig att ta p\u00e5, medan det [&hellip;]<\/p>\n","protected":false},"featured_media":0,"comment_status":"open","ping_status":"closed","template":"","meta":[],"product_brand":[],"product_cat":[33],"product_tag":[],"class_list":{"0":"post-11115","1":"product","2":"type-product","3":"status-publish","5":"product_cat-okategoriserad","7":"first","8":"instock","9":"shipping-taxable","10":"product-type-simple"},"_links":{"self":[{"href":"https:\/\/nordicmart.andreevmaster.com\/sv\/wp-json\/wp\/v2\/product\/11115","targetHints":{"allow":["GET"]}}],"collection":[{"href":"https:\/\/nordicmart.andreevmaster.com\/sv\/wp-json\/wp\/v2\/product"}],"about":[{"href":"https:\/\/nordicmart.andreevmaster.com\/sv\/wp-json\/wp\/v2\/types\/product"}],"replies":[{"embeddable":true,"href":"https:\/\/nordicmart.andreevmaster.com\/sv\/wp-json\/wp\/v2\/comments?post=11115"}],"wp:attachment":[{"href":"https:\/\/nordicmart.andreevmaster.com\/sv\/wp-json\/wp\/v2\/media?parent=11115"}],"wp:term":[{"taxonomy":"product_brand","embeddable":true,"href":"https:\/\/nordicmart.andreevmaster.com\/sv\/wp-json\/wp\/v2\/product_brand?post=11115"},{"taxonomy":"product_cat","embeddable":true,"href":"https:\/\/nordicmart.andreevmaster.com\/sv\/wp-json\/wp\/v2\/product_cat?post=11115"},{"taxonomy":"product_tag","embeddable":true,"href":"https:\/\/nordicmart.andreevmaster.com\/sv\/wp-json\/wp\/v2\/product_tag?post=11115"}],"curies":[{"name":"wp","href":"https:\/\/api.w.org\/{rel}","templated":true}]}}